{"id":1719,"date":"2016-01-03T14:17:32","date_gmt":"2016-01-03T14:17:32","guid":{"rendered":"http:\/\/uus.balther.net\/?page_id=1719&#038;lang=et"},"modified":"2016-01-03T18:36:35","modified_gmt":"2016-01-03T18:36:35","slug":"eesti-rahvaluule-arhiiv","status":"publish","type":"page","link":"https:\/\/www.balther.net\/et\/maluasutused\/eesti\/arhiivid\/eesti-rahvaluule-arhiiv\/","title":{"rendered":"Eesti Rahvaluule Arhiiv"},"content":{"rendered":"<h5><a href=\"http:\/\/haldjas.folklore.ee\/rl\/era\/index.html\" target=\"_blank\"><strong>Eesti Rahvaluule Arhiiv<\/strong><\/a> (<a href=\"http:\/\/www.kirmus.ee\/\" target=\"_blank\">Eesti Kirjandusmuuseum<\/a>)<\/h5>\n<p style=\"text-align: justify;\">Eesti Rahvaluule Arhiiv (ERA, asutatud 1927) on folkloori keskarhiiv Eestis, mille kogud esindavad vaimse rahvakultuuri k\u00f5ikv\u00f5imalikke valdkondi. Lisaks eesti rahvaluule kogudele sisaldab arhiiv Eestis elanud v\u00f5i elavate rahvusv\u00e4hemuste folkloorikogusid, sugulasrahvastelt ning Eesti diasporaast talletatut. Esimesed Eesti asundustest kogutud k\u00e4sikirjalised tekstid (rahvalaulud, kombestikukirjeldused, vanas\u00f5nad jms) Eesti Rahvaluule Arhiivis on p\u00e4rit 1890. aastatest. Aastal 1937 tehtud statistika j\u00e4rgi oli Eesti asundustest kogutud umbes 11 400 rahvaluulepala (iga laul, tantsu- ja m\u00e4ngukirjeldus, vanas\u00f5na jms eraldi loetuna). P\u00f5hiosa sellest oli talletatud Venemaalt, L\u00e4ti eestlastelt 2960 pala, Soomest 290 pala ning teistest maadest 190 pala. 1960.\u20131970. aastatel t\u00e4ienesid k\u00e4sikirjalised kogud m\u00f5ne Venemaa piirkonna materjalidega, olulisemad kaast\u00f6\u00f6lised olid Rosalie Ottesson Siberist (saatnud 2860 lk) ja Johannes Olev Kaukaasiast (talletanud 2930 lk ja 6 tundi helisalvestusi).<\/p>\n<p style=\"text-align: justify;\">Aastatel 1991\u20132007 koguti ERAs eesk\u00e4tt helisalvestustena (498 s\u00e4ilikut, umbes 580 tundi) ja videosalvestustena (144 s\u00e4ilikut, umbes 160 tundi) Siberi (Omski, Novosibirski, Kemerovo, Tomski obl, Krasnojarski ja Altai krai) ning Sise-Venemaa (Samaara, Saraatovi, Uljanovski, Kirovi obl) eestlaste p\u00e4rimus- ja suulise ajaloo materjale ning dokumenteeriti kogukondade kultuurilist toimimist. Neist piirkondadest on arhiivis ka fotosid ja k\u00e4sikirjalisi p\u00e4rimustekste, sealhulgas Venemaal s\u00fcndinute k\u00fcla- ja elulugusid. M\u00f5nev\u00f5rra on ERAs materjale ka Rootsi, Kanada, USA ja Austraalia eestlastelt.<\/p>\n<p style=\"text-align: justify;\">ERA arhiivimaterjalide p\u00f5hjal on valminud diasporaa p\u00e4rimusele keskendunud uurimusi ja tekstiantoloogiaid, koostatud n\u00e4itusi, peetud ettekandep\u00e4evi ja konverentse.<\/p>\n<p>Arhiivi juhataja: Ergo-Hart V\u00e4strik, <a href=\"mailto:ergo@folklore.ee\" target=\"_blank\">ergo@folklore.ee<\/a>, t. +372-737-7732.<br \/>\nEesti diasporaa ekspert: Anu Korb, <a href=\"mailto:korb@folklore.ee\" target=\"_blank\">korb@folklore.ee<\/a>, t. +372-737-7739.<\/p>\n","protected":false},"excerpt":{"rendered":"<p>Eesti Rahvaluule Arhiiv (Eesti Kirjandusmuuseum) Eesti Rahvaluule Arhiiv (ERA, asutatud 1927) on folkloori keskarhiiv Eestis, mille kogud esindavad vaimse rahvakultuuri k\u00f5ikv\u00f5imalikke valdkondi. Lisaks eesti rahvaluule kogudele sisaldab arhiiv Eestis elanud v\u00f5i elavate rahvusv\u00e4hemuste folkloorikogusid, sugulasrahvastelt ning Eesti diasporaast talletatut. Esimesed Eesti asundustest kogutud k\u00e4sikirjalised tekstid (rahvalaulud, kombestikukirjeldused, vanas\u00f5nad jms) Eesti Rahvaluule Arhiivis on p\u00e4rit 1890. aastatest. Aastal 1937 tehtud statistika j\u00e4rgi oli Eesti asundustest kogutud umbes 11 400 rahvaluulepala (iga laul, tantsu- ja m\u00e4ngukirjeldus, vanas\u00f5na jms eraldi loetuna). P\u00f5hiosa sellest oli talletatud Venemaalt, L\u00e4ti eestlastelt 2960 pala, Soomest 290 pala ning teistest maadest 190 pala. 1960.\u20131970. aastatel t\u00e4ienesid k\u00e4sikirjalised kogud m\u00f5ne Venemaa piirkonna materjalidega, olulisemad kaast\u00f6\u00f6lised olid Rosalie Ottesson Siberist (saatnud 2860 lk) ja Johannes Olev Kaukaasiast (talletanud 2930 lk ja 6 tundi helisalvestusi). Aastatel 1991\u20132007 koguti ERAs eesk\u00e4tt helisalvestustena (498 s\u00e4ilikut, umbes 580 tundi) ja videosalvestustena (144 s\u00e4ilikut, umbes 160 tundi) Siberi (Omski, Novosibirski, Kemerovo, Tomski obl, Krasnojarski ja Altai krai) ning Sise-Venemaa (Samaara, Saraatovi, Uljanovski, Kirovi obl) eestlaste p\u00e4rimus- ja suulise ajaloo materjale ning dokumenteeriti kogukondade kultuurilist toimimist. Neist piirkondadest on arhiivis ka fotosid ja k\u00e4sikirjalisi p\u00e4rimustekste, sealhulgas Venemaal s\u00fcndinute k\u00fcla- ja elulugusid. M\u00f5nev\u00f5rra on ERAs materjale ka Rootsi, Kanada, USA ja Austraalia eestlastelt. ERA arhiivimaterjalide p\u00f5hjal on valminud diasporaa p\u00e4rimusele keskendunud uurimusi ja tekstiantoloogiaid, koostatud n\u00e4itusi, peetud ettekandep\u00e4evi ja konverentse. Arhiivi juhataja: Ergo-Hart V\u00e4strik, ergo@folklore.ee, t. +372-737-7732. Eesti diasporaa ekspert: Anu Korb, korb@folklore.ee, t. +372-737-7739.<\/p>\n","protected":false},"author":7,"featured_media":0,"parent":1475,"menu_order":5,"comment_status":"closed","ping_status":"closed","template":"","meta":{"_acf_changed":false,"_monsterinsights_skip_tracking":false,"_monsterinsights_sitenote_active":false,"_monsterinsights_sitenote_note":"","_monsterinsights_sitenote_category":0,"ngg_post_thumbnail":0,"footnotes":""},"class_list":["post-1719","page","type-page","status-publish","hentry"],"acf":[],"yoast_head":"<!-- This site is optimized with the Yoast SEO plugin v24.2 - https:\/\/yoast.com\/wordpress\/plugins\/seo\/ -->\n<title>Eesti Rahvaluule Arhiiv - BaltHerNet<\/title>\n<meta name=\"robots\" content=\"index, follow, max-snippet:-1, max-image-preview:large, max-video-preview:-1\" \/>\n<link rel=\"canonical\" href=\"https:\/\/www.balther.net\/et\/maluasutused\/eesti\/arhiivid\/eesti-rahvaluule-arhiiv\/\" \/>\n<meta property=\"og:locale\" content=\"et_EE\" \/>\n<meta property=\"og:type\" content=\"article\" \/>\n<meta property=\"og:title\" content=\"Eesti Rahvaluule Arhiiv - BaltHerNet\" \/>\n<meta property=\"og:description\" content=\"Eesti Rahvaluule Arhiiv (Eesti Kirjandusmuuseum) Eesti Rahvaluule Arhiiv (ERA, asutatud 1927) on folkloori keskarhiiv Eestis, mille kogud esindavad vaimse rahvakultuuri k\u00f5ikv\u00f5imalikke valdkondi. Lisaks eesti rahvaluule kogudele sisaldab arhiiv Eestis elanud v\u00f5i elavate rahvusv\u00e4hemuste folkloorikogusid, sugulasrahvastelt ning Eesti diasporaast talletatut. Esimesed Eesti asundustest kogutud k\u00e4sikirjalised tekstid (rahvalaulud, kombestikukirjeldused, vanas\u00f5nad jms) Eesti Rahvaluule Arhiivis on p\u00e4rit 1890. aastatest. Aastal 1937 tehtud statistika j\u00e4rgi oli Eesti asundustest kogutud umbes 11 400 rahvaluulepala (iga laul, tantsu- ja m\u00e4ngukirjeldus, vanas\u00f5na jms eraldi loetuna). P\u00f5hiosa sellest oli talletatud Venemaalt, L\u00e4ti eestlastelt 2960 pala, Soomest 290 pala ning teistest maadest 190 pala. 1960.\u20131970. aastatel t\u00e4ienesid k\u00e4sikirjalised kogud m\u00f5ne Venemaa piirkonna materjalidega, olulisemad kaast\u00f6\u00f6lised olid Rosalie Ottesson Siberist (saatnud 2860 lk) ja Johannes Olev Kaukaasiast (talletanud 2930 lk ja 6 tundi helisalvestusi). Aastatel 1991\u20132007 koguti ERAs eesk\u00e4tt helisalvestustena (498 s\u00e4ilikut, umbes 580 tundi) ja videosalvestustena (144 s\u00e4ilikut, umbes 160 tundi) Siberi (Omski, Novosibirski, Kemerovo, Tomski obl, Krasnojarski ja Altai krai) ning Sise-Venemaa (Samaara, Saraatovi, Uljanovski, Kirovi obl) eestlaste p\u00e4rimus- ja suulise ajaloo materjale ning dokumenteeriti kogukondade kultuurilist toimimist. Neist piirkondadest on arhiivis ka fotosid ja k\u00e4sikirjalisi p\u00e4rimustekste, sealhulgas Venemaal s\u00fcndinute k\u00fcla- ja elulugusid. M\u00f5nev\u00f5rra on ERAs materjale ka Rootsi, Kanada, USA ja Austraalia eestlastelt. ERA arhiivimaterjalide p\u00f5hjal on valminud diasporaa p\u00e4rimusele keskendunud uurimusi ja tekstiantoloogiaid, koostatud n\u00e4itusi, peetud ettekandep\u00e4evi ja konverentse. Arhiivi juhataja: Ergo-Hart V\u00e4strik, ergo@folklore.ee, t. +372-737-7732. Eesti diasporaa ekspert: Anu Korb, korb@folklore.ee, t. +372-737-7739.\" \/>\n<meta property=\"og:url\" content=\"https:\/\/www.balther.net\/et\/maluasutused\/eesti\/arhiivid\/eesti-rahvaluule-arhiiv\/\" \/>\n<meta property=\"og:site_name\" content=\"BaltHerNet\" \/>\n<meta property=\"article:modified_time\" content=\"2016-01-03T18:36:35+00:00\" \/>\n<meta name=\"twitter:card\" content=\"summary_large_image\" \/>\n<meta name=\"twitter:label1\" content=\"Est. reading time\" \/>\n\t<meta name=\"twitter:data1\" content=\"1 minut\" \/>\n<script type=\"application\/ld+json\" class=\"yoast-schema-graph\">{\"@context\":\"https:\/\/schema.org\",\"@graph\":[{\"@type\":\"WebPage\",\"@id\":\"https:\/\/www.balther.net\/et\/maluasutused\/eesti\/arhiivid\/eesti-rahvaluule-arhiiv\/\",\"url\":\"https:\/\/www.balther.net\/et\/maluasutused\/eesti\/arhiivid\/eesti-rahvaluule-arhiiv\/\",\"name\":\"Eesti Rahvaluule Arhiiv - BaltHerNet\",\"isPartOf\":{\"@id\":\"https:\/\/www.balther.net\/#website\"},\"datePublished\":\"2016-01-03T14:17:32+00:00\",\"dateModified\":\"2016-01-03T18:36:35+00:00\",\"breadcrumb\":{\"@id\":\"https:\/\/www.balther.net\/et\/maluasutused\/eesti\/arhiivid\/eesti-rahvaluule-arhiiv\/#breadcrumb\"},\"inLanguage\":\"et\",\"potentialAction\":[{\"@type\":\"ReadAction\",\"target\":[\"https:\/\/www.balther.net\/et\/maluasutused\/eesti\/arhiivid\/eesti-rahvaluule-arhiiv\/\"]}]},{\"@type\":\"BreadcrumbList\",\"@id\":\"https:\/\/www.balther.net\/et\/maluasutused\/eesti\/arhiivid\/eesti-rahvaluule-arhiiv\/#breadcrumb\",\"itemListElement\":[{\"@type\":\"ListItem\",\"position\":1,\"name\":\"Home\",\"item\":\"https:\/\/www.balther.net\/et\/\"},{\"@type\":\"ListItem\",\"position\":2,\"name\":\"M\u00e4luasutused\",\"item\":\"https:\/\/www.balther.net\/et\/maluasutused\/\"},{\"@type\":\"ListItem\",\"position\":3,\"name\":\"Eesti\",\"item\":\"https:\/\/www.balther.net\/et\/maluasutused\/eesti\/\"},{\"@type\":\"ListItem\",\"position\":4,\"name\":\"Arhiivid\",\"item\":\"https:\/\/www.balther.net\/et\/maluasutused\/eesti\/arhiivid\/\"},{\"@type\":\"ListItem\",\"position\":5,\"name\":\"Eesti Rahvaluule Arhiiv\"}]},{\"@type\":\"WebSite\",\"@id\":\"https:\/\/www.balther.net\/#website\",\"url\":\"https:\/\/www.balther.net\/\",\"name\":\"BaltHerNet\",\"description\":\"\",\"potentialAction\":[{\"@type\":\"SearchAction\",\"target\":{\"@type\":\"EntryPoint\",\"urlTemplate\":\"https:\/\/www.balther.net\/?s={search_term_string}\"},\"query-input\":{\"@type\":\"PropertyValueSpecification\",\"valueRequired\":true,\"valueName\":\"search_term_string\"}}],\"inLanguage\":\"et\"}]}<\/script>\n<!-- \/ Yoast SEO plugin. -->","yoast_head_json":{"title":"Eesti Rahvaluule Arhiiv - BaltHerNet","robots":{"index":"index","follow":"follow","max-snippet":"max-snippet:-1","max-image-preview":"max-image-preview:large","max-video-preview":"max-video-preview:-1"},"canonical":"https:\/\/www.balther.net\/et\/maluasutused\/eesti\/arhiivid\/eesti-rahvaluule-arhiiv\/","og_locale":"et_EE","og_type":"article","og_title":"Eesti Rahvaluule Arhiiv - BaltHerNet","og_description":"Eesti Rahvaluule Arhiiv (Eesti Kirjandusmuuseum) Eesti Rahvaluule Arhiiv (ERA, asutatud 1927) on folkloori keskarhiiv Eestis, mille kogud esindavad vaimse rahvakultuuri k\u00f5ikv\u00f5imalikke valdkondi. Lisaks eesti rahvaluule kogudele sisaldab arhiiv Eestis elanud v\u00f5i elavate rahvusv\u00e4hemuste folkloorikogusid, sugulasrahvastelt ning Eesti diasporaast talletatut. Esimesed Eesti asundustest kogutud k\u00e4sikirjalised tekstid (rahvalaulud, kombestikukirjeldused, vanas\u00f5nad jms) Eesti Rahvaluule Arhiivis on p\u00e4rit 1890. aastatest. Aastal 1937 tehtud statistika j\u00e4rgi oli Eesti asundustest kogutud umbes 11 400 rahvaluulepala (iga laul, tantsu- ja m\u00e4ngukirjeldus, vanas\u00f5na jms eraldi loetuna). P\u00f5hiosa sellest oli talletatud Venemaalt, L\u00e4ti eestlastelt 2960 pala, Soomest 290 pala ning teistest maadest 190 pala. 1960.\u20131970. aastatel t\u00e4ienesid k\u00e4sikirjalised kogud m\u00f5ne Venemaa piirkonna materjalidega, olulisemad kaast\u00f6\u00f6lised olid Rosalie Ottesson Siberist (saatnud 2860 lk) ja Johannes Olev Kaukaasiast (talletanud 2930 lk ja 6 tundi helisalvestusi). Aastatel 1991\u20132007 koguti ERAs eesk\u00e4tt helisalvestustena (498 s\u00e4ilikut, umbes 580 tundi) ja videosalvestustena (144 s\u00e4ilikut, umbes 160 tundi) Siberi (Omski, Novosibirski, Kemerovo, Tomski obl, Krasnojarski ja Altai krai) ning Sise-Venemaa (Samaara, Saraatovi, Uljanovski, Kirovi obl) eestlaste p\u00e4rimus- ja suulise ajaloo materjale ning dokumenteeriti kogukondade kultuurilist toimimist. Neist piirkondadest on arhiivis ka fotosid ja k\u00e4sikirjalisi p\u00e4rimustekste, sealhulgas Venemaal s\u00fcndinute k\u00fcla- ja elulugusid. M\u00f5nev\u00f5rra on ERAs materjale ka Rootsi, Kanada, USA ja Austraalia eestlastelt. ERA arhiivimaterjalide p\u00f5hjal on valminud diasporaa p\u00e4rimusele keskendunud uurimusi ja tekstiantoloogiaid, koostatud n\u00e4itusi, peetud ettekandep\u00e4evi ja konverentse. Arhiivi juhataja: Ergo-Hart V\u00e4strik, ergo@folklore.ee, t. +372-737-7732. Eesti diasporaa ekspert: Anu Korb, korb@folklore.ee, t. +372-737-7739.","og_url":"https:\/\/www.balther.net\/et\/maluasutused\/eesti\/arhiivid\/eesti-rahvaluule-arhiiv\/","og_site_name":"BaltHerNet","article_modified_time":"2016-01-03T18:36:35+00:00","twitter_card":"summary_large_image","twitter_misc":{"Est. reading time":"1 minut"},"schema":{"@context":"https:\/\/schema.org","@graph":[{"@type":"WebPage","@id":"https:\/\/www.balther.net\/et\/maluasutused\/eesti\/arhiivid\/eesti-rahvaluule-arhiiv\/","url":"https:\/\/www.balther.net\/et\/maluasutused\/eesti\/arhiivid\/eesti-rahvaluule-arhiiv\/","name":"Eesti Rahvaluule Arhiiv - BaltHerNet","isPartOf":{"@id":"https:\/\/www.balther.net\/#website"},"datePublished":"2016-01-03T14:17:32+00:00","dateModified":"2016-01-03T18:36:35+00:00","breadcrumb":{"@id":"https:\/\/www.balther.net\/et\/maluasutused\/eesti\/arhiivid\/eesti-rahvaluule-arhiiv\/#breadcrumb"},"inLanguage":"et","potentialAction":[{"@type":"ReadAction","target":["https:\/\/www.balther.net\/et\/maluasutused\/eesti\/arhiivid\/eesti-rahvaluule-arhiiv\/"]}]},{"@type":"BreadcrumbList","@id":"https:\/\/www.balther.net\/et\/maluasutused\/eesti\/arhiivid\/eesti-rahvaluule-arhiiv\/#breadcrumb","itemListElement":[{"@type":"ListItem","position":1,"name":"Home","item":"https:\/\/www.balther.net\/et\/"},{"@type":"ListItem","position":2,"name":"M\u00e4luasutused","item":"https:\/\/www.balther.net\/et\/maluasutused\/"},{"@type":"ListItem","position":3,"name":"Eesti","item":"https:\/\/www.balther.net\/et\/maluasutused\/eesti\/"},{"@type":"ListItem","position":4,"name":"Arhiivid","item":"https:\/\/www.balther.net\/et\/maluasutused\/eesti\/arhiivid\/"},{"@type":"ListItem","position":5,"name":"Eesti Rahvaluule Arhiiv"}]},{"@type":"WebSite","@id":"https:\/\/www.balther.net\/#website","url":"https:\/\/www.balther.net\/","name":"BaltHerNet","description":"","potentialAction":[{"@type":"SearchAction","target":{"@type":"EntryPoint","urlTemplate":"https:\/\/www.balther.net\/?s={search_term_string}"},"query-input":{"@type":"PropertyValueSpecification","valueRequired":true,"valueName":"search_term_string"}}],"inLanguage":"et"}]}},"_links":{"self":[{"href":"https:\/\/www.balther.net\/et\/wp-json\/wp\/v2\/pages\/1719","targetHints":{"allow":["GET"]}}],"collection":[{"href":"https:\/\/www.balther.net\/et\/wp-json\/wp\/v2\/pages"}],"about":[{"href":"https:\/\/www.balther.net\/et\/wp-json\/wp\/v2\/types\/page"}],"author":[{"embeddable":true,"href":"https:\/\/www.balther.net\/et\/wp-json\/wp\/v2\/users\/7"}],"replies":[{"embeddable":true,"href":"https:\/\/www.balther.net\/et\/wp-json\/wp\/v2\/comments?post=1719"}],"version-history":[{"count":5,"href":"https:\/\/www.balther.net\/et\/wp-json\/wp\/v2\/pages\/1719\/revisions"}],"predecessor-version":[{"id":1939,"href":"https:\/\/www.balther.net\/et\/wp-json\/wp\/v2\/pages\/1719\/revisions\/1939"}],"up":[{"embeddable":true,"href":"https:\/\/www.balther.net\/et\/wp-json\/wp\/v2\/pages\/1475"}],"wp:attachment":[{"href":"https:\/\/www.balther.net\/et\/wp-json\/wp\/v2\/media?parent=1719"}],"curies":[{"name":"wp","href":"https:\/\/api.w.org\/{rel}","templated":true}]}}