{"id":1697,"date":"2016-01-03T14:02:34","date_gmt":"2016-01-03T14:02:34","guid":{"rendered":"http:\/\/uus.balther.net\/?page_id=1697&#038;lang=et"},"modified":"2016-03-06T14:39:32","modified_gmt":"2016-03-06T14:39:32","slug":"1697-2","status":"publish","type":"page","link":"https:\/\/www.balther.net\/et\/maluasutused\/eesti\/arhiivid\/1697-2\/","title":{"rendered":"Eesti Kultuurilooline Arhiiv"},"content":{"rendered":"<h5 style=\"text-align: justify;\"><strong>Eesti Kultuurilooline Arhiiv<\/strong> (<a href=\"http:\/\/www.kirmus.ee\/\" target=\"_blank\">Eesti Kirjandusmuuseum<\/a>)<\/h5>\n<p style=\"text-align: justify;\">Eesti Kultuurilooline Arhiiv (EKLA, asutatud 1929) on keskne Eesti kultuuriloolisi allikmaterjale koguv arhiiv. Siin leidub arhiivimaterjale j\u00e4rgmistel teemadel: kirjandus, teater, kujutav kunst, muusika, ajakirjandus, haridus, humanitaarteadused, seltsiliikumine jm. Alates arhiivi algusaegadest on siin kogutud ka materjale Eesti diasporaa kohta (Venemaa eri piirkonnad, Kaukaasia, Krimm, L\u00e4ti jne). Alates 1980. aastate l\u00f5pust on aktiivselt tegeletud l\u00e4\u00e4ne diasporaaga.<\/p>\n<p style=\"text-align: justify;\">EKLAs on hetkel 41 s\u00fcstematiseeritud ja kataloogitud v\u00e4liseesti provenientsiga k\u00e4sikirjakogu <a href=\"http:\/\/www.balther.net\/wp-content\/uploads\/2016\/03\/Valiseesti_kasikirjakogud_EKLAs.doc\" target=\"_blank\">(nimekirja vaata siit)<\/a>\u00a0ja 30 fotokogu <a href=\"http:\/\/www.balther.net\/wp-content\/uploads\/2016\/03\/Valiseesti_fotokogud_EKLAs.doc\" target=\"_blank\">(nimekirja vaata siit)<\/a> &#8211; peamiselt isikuarhiivid, m\u00f5ned organisatsioonide\/institutsioonide arhiivid, segakogud. V\u00e4liseestlaste materjale (eriti kirjavahetusi) leidub ka kogudes, mille moodustaja pole v\u00e4liseesti p\u00e4ritolu. EKLA-s leidub ka v\u00e4liseestlastelt saadud kunsti (suurimas, Richard Antiku p\u00e4randina saabunud kunstikogus on \u00fcle 200 s\u00e4iliku), heli- ja filmilinte (peamiselt intervjuud ja kultuuris\u00fcndmuste j\u00e4\u00e4dvustused, ca 100 s\u00e4ilikut). Need on arvud, mis kirjeldavad juba korraldatud, st s\u00fcstematiseeritud ja kataloogitud arhiivmaterjalide mahtu. M\u00e4rkimisv\u00e4\u00e4rne hulk arhiivimaterjale alles ootab l\u00e4bit\u00f6\u00f6tamist.<\/p>\n<p style=\"text-align: justify;\">Informatsiooni EKLA-s leiduvate arhiivimaterjalide (sh v\u00e4liseesti materjalid) kohta leiate elektronkataloogist <a href=\"http:\/\/galerii.kirmus.ee:8888\/ellen\/avalik.do\" target=\"_blank\"><strong>ELLEN<\/strong><\/a><strong>.<br \/>\n<\/strong><br \/>\nEKLA-s arhiivimaterjalide p\u00f5hjal on koostatud v\u00e4liseesti teemalisi n\u00e4itusi, konverentse, avaldatud uurimusi, allikapublikatsioone, \u00f5pikuid ja ilukirjanduslike teoste taastr\u00fckke.<\/p>\n<p style=\"text-align: justify;\">Arhiivi juhataja: Vilve Asmer,\u00a0 <a href=\"mailto:vilve@kirmus.ee\" target=\"_blank\">vilve@kirmus.ee<\/a>,\u00a0 t. +372-737-7724.<\/p>\n","protected":false},"excerpt":{"rendered":"<p>Eesti Kultuurilooline Arhiiv (Eesti Kirjandusmuuseum) Eesti Kultuurilooline Arhiiv (EKLA, asutatud 1929) on keskne Eesti kultuuriloolisi allikmaterjale koguv arhiiv. Siin leidub arhiivimaterjale j\u00e4rgmistel teemadel: kirjandus, teater, kujutav kunst, muusika, ajakirjandus, haridus, humanitaarteadused, seltsiliikumine jm. Alates arhiivi algusaegadest on siin kogutud ka materjale Eesti diasporaa kohta (Venemaa eri piirkonnad, Kaukaasia, Krimm, L\u00e4ti jne). Alates 1980. aastate l\u00f5pust on aktiivselt tegeletud l\u00e4\u00e4ne diasporaaga. EKLAs on hetkel 41 s\u00fcstematiseeritud ja kataloogitud v\u00e4liseesti provenientsiga k\u00e4sikirjakogu (nimekirja vaata siit)\u00a0ja 30 fotokogu (nimekirja vaata siit) &#8211; peamiselt isikuarhiivid, m\u00f5ned organisatsioonide\/institutsioonide arhiivid, segakogud. V\u00e4liseestlaste materjale (eriti kirjavahetusi) leidub ka kogudes, mille moodustaja pole v\u00e4liseesti p\u00e4ritolu. EKLA-s leidub ka v\u00e4liseestlastelt saadud kunsti (suurimas, Richard Antiku p\u00e4randina saabunud kunstikogus on \u00fcle 200 s\u00e4iliku), heli- ja filmilinte (peamiselt intervjuud ja kultuuris\u00fcndmuste j\u00e4\u00e4dvustused, ca 100 s\u00e4ilikut). Need on arvud, mis kirjeldavad juba korraldatud, st s\u00fcstematiseeritud ja kataloogitud arhiivmaterjalide mahtu. M\u00e4rkimisv\u00e4\u00e4rne hulk arhiivimaterjale alles ootab l\u00e4bit\u00f6\u00f6tamist. Informatsiooni EKLA-s leiduvate arhiivimaterjalide (sh v\u00e4liseesti materjalid) kohta leiate elektronkataloogist ELLEN. EKLA-s arhiivimaterjalide p\u00f5hjal on koostatud v\u00e4liseesti teemalisi n\u00e4itusi, konverentse, avaldatud uurimusi, allikapublikatsioone, \u00f5pikuid ja ilukirjanduslike teoste taastr\u00fckke. Arhiivi juhataja: Vilve Asmer,\u00a0 vilve@kirmus.ee,\u00a0 t. +372-737-7724.<\/p>\n","protected":false},"author":7,"featured_media":0,"parent":1475,"menu_order":4,"comment_status":"closed","ping_status":"closed","template":"","meta":{"_acf_changed":false,"_monsterinsights_skip_tracking":false,"_monsterinsights_sitenote_active":false,"_monsterinsights_sitenote_note":"","_monsterinsights_sitenote_category":0,"ngg_post_thumbnail":0,"footnotes":""},"class_list":["post-1697","page","type-page","status-publish","hentry"],"acf":[],"yoast_head":"<!-- This site is optimized with the Yoast SEO plugin v24.2 - https:\/\/yoast.com\/wordpress\/plugins\/seo\/ -->\n<title>Eesti Kultuurilooline Arhiiv - BaltHerNet<\/title>\n<meta name=\"robots\" content=\"index, follow, max-snippet:-1, max-image-preview:large, max-video-preview:-1\" \/>\n<link rel=\"canonical\" href=\"https:\/\/www.balther.net\/et\/maluasutused\/eesti\/arhiivid\/1697-2\/\" \/>\n<meta property=\"og:locale\" content=\"et_EE\" \/>\n<meta property=\"og:type\" content=\"article\" \/>\n<meta property=\"og:title\" content=\"Eesti Kultuurilooline Arhiiv - BaltHerNet\" \/>\n<meta property=\"og:description\" content=\"Eesti Kultuurilooline Arhiiv (Eesti Kirjandusmuuseum) Eesti Kultuurilooline Arhiiv (EKLA, asutatud 1929) on keskne Eesti kultuuriloolisi allikmaterjale koguv arhiiv. Siin leidub arhiivimaterjale j\u00e4rgmistel teemadel: kirjandus, teater, kujutav kunst, muusika, ajakirjandus, haridus, humanitaarteadused, seltsiliikumine jm. Alates arhiivi algusaegadest on siin kogutud ka materjale Eesti diasporaa kohta (Venemaa eri piirkonnad, Kaukaasia, Krimm, L\u00e4ti jne). Alates 1980. aastate l\u00f5pust on aktiivselt tegeletud l\u00e4\u00e4ne diasporaaga. EKLAs on hetkel 41 s\u00fcstematiseeritud ja kataloogitud v\u00e4liseesti provenientsiga k\u00e4sikirjakogu (nimekirja vaata siit)\u00a0ja 30 fotokogu (nimekirja vaata siit) &#8211; peamiselt isikuarhiivid, m\u00f5ned organisatsioonide\/institutsioonide arhiivid, segakogud. V\u00e4liseestlaste materjale (eriti kirjavahetusi) leidub ka kogudes, mille moodustaja pole v\u00e4liseesti p\u00e4ritolu. EKLA-s leidub ka v\u00e4liseestlastelt saadud kunsti (suurimas, Richard Antiku p\u00e4randina saabunud kunstikogus on \u00fcle 200 s\u00e4iliku), heli- ja filmilinte (peamiselt intervjuud ja kultuuris\u00fcndmuste j\u00e4\u00e4dvustused, ca 100 s\u00e4ilikut). Need on arvud, mis kirjeldavad juba korraldatud, st s\u00fcstematiseeritud ja kataloogitud arhiivmaterjalide mahtu. M\u00e4rkimisv\u00e4\u00e4rne hulk arhiivimaterjale alles ootab l\u00e4bit\u00f6\u00f6tamist. Informatsiooni EKLA-s leiduvate arhiivimaterjalide (sh v\u00e4liseesti materjalid) kohta leiate elektronkataloogist ELLEN. EKLA-s arhiivimaterjalide p\u00f5hjal on koostatud v\u00e4liseesti teemalisi n\u00e4itusi, konverentse, avaldatud uurimusi, allikapublikatsioone, \u00f5pikuid ja ilukirjanduslike teoste taastr\u00fckke. Arhiivi juhataja: Vilve Asmer,\u00a0 vilve@kirmus.ee,\u00a0 t. +372-737-7724.\" \/>\n<meta property=\"og:url\" content=\"https:\/\/www.balther.net\/et\/maluasutused\/eesti\/arhiivid\/1697-2\/\" \/>\n<meta property=\"og:site_name\" content=\"BaltHerNet\" \/>\n<meta property=\"article:modified_time\" content=\"2016-03-06T14:39:32+00:00\" \/>\n<meta name=\"twitter:card\" content=\"summary_large_image\" \/>\n<meta name=\"twitter:label1\" content=\"Est. reading time\" \/>\n\t<meta name=\"twitter:data1\" content=\"1 minut\" \/>\n<script type=\"application\/ld+json\" class=\"yoast-schema-graph\">{\"@context\":\"https:\/\/schema.org\",\"@graph\":[{\"@type\":\"WebPage\",\"@id\":\"https:\/\/www.balther.net\/et\/maluasutused\/eesti\/arhiivid\/1697-2\/\",\"url\":\"https:\/\/www.balther.net\/et\/maluasutused\/eesti\/arhiivid\/1697-2\/\",\"name\":\"Eesti Kultuurilooline Arhiiv - BaltHerNet\",\"isPartOf\":{\"@id\":\"https:\/\/www.balther.net\/#website\"},\"datePublished\":\"2016-01-03T14:02:34+00:00\",\"dateModified\":\"2016-03-06T14:39:32+00:00\",\"breadcrumb\":{\"@id\":\"https:\/\/www.balther.net\/et\/maluasutused\/eesti\/arhiivid\/1697-2\/#breadcrumb\"},\"inLanguage\":\"et\",\"potentialAction\":[{\"@type\":\"ReadAction\",\"target\":[\"https:\/\/www.balther.net\/et\/maluasutused\/eesti\/arhiivid\/1697-2\/\"]}]},{\"@type\":\"BreadcrumbList\",\"@id\":\"https:\/\/www.balther.net\/et\/maluasutused\/eesti\/arhiivid\/1697-2\/#breadcrumb\",\"itemListElement\":[{\"@type\":\"ListItem\",\"position\":1,\"name\":\"Home\",\"item\":\"https:\/\/www.balther.net\/et\/\"},{\"@type\":\"ListItem\",\"position\":2,\"name\":\"M\u00e4luasutused\",\"item\":\"https:\/\/www.balther.net\/et\/maluasutused\/\"},{\"@type\":\"ListItem\",\"position\":3,\"name\":\"Eesti\",\"item\":\"https:\/\/www.balther.net\/et\/maluasutused\/eesti\/\"},{\"@type\":\"ListItem\",\"position\":4,\"name\":\"Arhiivid\",\"item\":\"https:\/\/www.balther.net\/et\/maluasutused\/eesti\/arhiivid\/\"},{\"@type\":\"ListItem\",\"position\":5,\"name\":\"Eesti Kultuurilooline Arhiiv\"}]},{\"@type\":\"WebSite\",\"@id\":\"https:\/\/www.balther.net\/#website\",\"url\":\"https:\/\/www.balther.net\/\",\"name\":\"BaltHerNet\",\"description\":\"\",\"potentialAction\":[{\"@type\":\"SearchAction\",\"target\":{\"@type\":\"EntryPoint\",\"urlTemplate\":\"https:\/\/www.balther.net\/?s={search_term_string}\"},\"query-input\":{\"@type\":\"PropertyValueSpecification\",\"valueRequired\":true,\"valueName\":\"search_term_string\"}}],\"inLanguage\":\"et\"}]}<\/script>\n<!-- \/ Yoast SEO plugin. -->","yoast_head_json":{"title":"Eesti Kultuurilooline Arhiiv - BaltHerNet","robots":{"index":"index","follow":"follow","max-snippet":"max-snippet:-1","max-image-preview":"max-image-preview:large","max-video-preview":"max-video-preview:-1"},"canonical":"https:\/\/www.balther.net\/et\/maluasutused\/eesti\/arhiivid\/1697-2\/","og_locale":"et_EE","og_type":"article","og_title":"Eesti Kultuurilooline Arhiiv - BaltHerNet","og_description":"Eesti Kultuurilooline Arhiiv (Eesti Kirjandusmuuseum) Eesti Kultuurilooline Arhiiv (EKLA, asutatud 1929) on keskne Eesti kultuuriloolisi allikmaterjale koguv arhiiv. Siin leidub arhiivimaterjale j\u00e4rgmistel teemadel: kirjandus, teater, kujutav kunst, muusika, ajakirjandus, haridus, humanitaarteadused, seltsiliikumine jm. Alates arhiivi algusaegadest on siin kogutud ka materjale Eesti diasporaa kohta (Venemaa eri piirkonnad, Kaukaasia, Krimm, L\u00e4ti jne). Alates 1980. aastate l\u00f5pust on aktiivselt tegeletud l\u00e4\u00e4ne diasporaaga. EKLAs on hetkel 41 s\u00fcstematiseeritud ja kataloogitud v\u00e4liseesti provenientsiga k\u00e4sikirjakogu (nimekirja vaata siit)\u00a0ja 30 fotokogu (nimekirja vaata siit) &#8211; peamiselt isikuarhiivid, m\u00f5ned organisatsioonide\/institutsioonide arhiivid, segakogud. V\u00e4liseestlaste materjale (eriti kirjavahetusi) leidub ka kogudes, mille moodustaja pole v\u00e4liseesti p\u00e4ritolu. EKLA-s leidub ka v\u00e4liseestlastelt saadud kunsti (suurimas, Richard Antiku p\u00e4randina saabunud kunstikogus on \u00fcle 200 s\u00e4iliku), heli- ja filmilinte (peamiselt intervjuud ja kultuuris\u00fcndmuste j\u00e4\u00e4dvustused, ca 100 s\u00e4ilikut). Need on arvud, mis kirjeldavad juba korraldatud, st s\u00fcstematiseeritud ja kataloogitud arhiivmaterjalide mahtu. M\u00e4rkimisv\u00e4\u00e4rne hulk arhiivimaterjale alles ootab l\u00e4bit\u00f6\u00f6tamist. Informatsiooni EKLA-s leiduvate arhiivimaterjalide (sh v\u00e4liseesti materjalid) kohta leiate elektronkataloogist ELLEN. EKLA-s arhiivimaterjalide p\u00f5hjal on koostatud v\u00e4liseesti teemalisi n\u00e4itusi, konverentse, avaldatud uurimusi, allikapublikatsioone, \u00f5pikuid ja ilukirjanduslike teoste taastr\u00fckke. Arhiivi juhataja: Vilve Asmer,\u00a0 vilve@kirmus.ee,\u00a0 t. +372-737-7724.","og_url":"https:\/\/www.balther.net\/et\/maluasutused\/eesti\/arhiivid\/1697-2\/","og_site_name":"BaltHerNet","article_modified_time":"2016-03-06T14:39:32+00:00","twitter_card":"summary_large_image","twitter_misc":{"Est. reading time":"1 minut"},"schema":{"@context":"https:\/\/schema.org","@graph":[{"@type":"WebPage","@id":"https:\/\/www.balther.net\/et\/maluasutused\/eesti\/arhiivid\/1697-2\/","url":"https:\/\/www.balther.net\/et\/maluasutused\/eesti\/arhiivid\/1697-2\/","name":"Eesti Kultuurilooline Arhiiv - BaltHerNet","isPartOf":{"@id":"https:\/\/www.balther.net\/#website"},"datePublished":"2016-01-03T14:02:34+00:00","dateModified":"2016-03-06T14:39:32+00:00","breadcrumb":{"@id":"https:\/\/www.balther.net\/et\/maluasutused\/eesti\/arhiivid\/1697-2\/#breadcrumb"},"inLanguage":"et","potentialAction":[{"@type":"ReadAction","target":["https:\/\/www.balther.net\/et\/maluasutused\/eesti\/arhiivid\/1697-2\/"]}]},{"@type":"BreadcrumbList","@id":"https:\/\/www.balther.net\/et\/maluasutused\/eesti\/arhiivid\/1697-2\/#breadcrumb","itemListElement":[{"@type":"ListItem","position":1,"name":"Home","item":"https:\/\/www.balther.net\/et\/"},{"@type":"ListItem","position":2,"name":"M\u00e4luasutused","item":"https:\/\/www.balther.net\/et\/maluasutused\/"},{"@type":"ListItem","position":3,"name":"Eesti","item":"https:\/\/www.balther.net\/et\/maluasutused\/eesti\/"},{"@type":"ListItem","position":4,"name":"Arhiivid","item":"https:\/\/www.balther.net\/et\/maluasutused\/eesti\/arhiivid\/"},{"@type":"ListItem","position":5,"name":"Eesti Kultuurilooline Arhiiv"}]},{"@type":"WebSite","@id":"https:\/\/www.balther.net\/#website","url":"https:\/\/www.balther.net\/","name":"BaltHerNet","description":"","potentialAction":[{"@type":"SearchAction","target":{"@type":"EntryPoint","urlTemplate":"https:\/\/www.balther.net\/?s={search_term_string}"},"query-input":{"@type":"PropertyValueSpecification","valueRequired":true,"valueName":"search_term_string"}}],"inLanguage":"et"}]}},"_links":{"self":[{"href":"https:\/\/www.balther.net\/et\/wp-json\/wp\/v2\/pages\/1697","targetHints":{"allow":["GET"]}}],"collection":[{"href":"https:\/\/www.balther.net\/et\/wp-json\/wp\/v2\/pages"}],"about":[{"href":"https:\/\/www.balther.net\/et\/wp-json\/wp\/v2\/types\/page"}],"author":[{"embeddable":true,"href":"https:\/\/www.balther.net\/et\/wp-json\/wp\/v2\/users\/7"}],"replies":[{"embeddable":true,"href":"https:\/\/www.balther.net\/et\/wp-json\/wp\/v2\/comments?post=1697"}],"version-history":[{"count":6,"href":"https:\/\/www.balther.net\/et\/wp-json\/wp\/v2\/pages\/1697\/revisions"}],"predecessor-version":[{"id":4878,"href":"https:\/\/www.balther.net\/et\/wp-json\/wp\/v2\/pages\/1697\/revisions\/4878"}],"up":[{"embeddable":true,"href":"https:\/\/www.balther.net\/et\/wp-json\/wp\/v2\/pages\/1475"}],"wp:attachment":[{"href":"https:\/\/www.balther.net\/et\/wp-json\/wp\/v2\/media?parent=1697"}],"curies":[{"name":"wp","href":"https:\/\/api.w.org\/{rel}","templated":true}]}}