{"id":1546,"date":"2016-01-03T11:54:23","date_gmt":"2016-01-03T11:54:23","guid":{"rendered":"http:\/\/uus.balther.net\/?page_id=1546&#038;lang=et"},"modified":"2016-01-03T19:18:38","modified_gmt":"2016-01-03T19:18:38","slug":"raamatukogud","status":"publish","type":"page","link":"https:\/\/www.balther.net\/et\/maluasutused\/lati\/raamatukogud\/","title":{"rendered":"Raamatukogud"},"content":{"rendered":"<p><strong><a href=\"http:\/\/www.acadlib.lv\/index.php?&amp;56\" target=\"_blank\">L\u00e4ti Akadeemiline Raamatukogu<\/a> \u00a0<a href=\"http:\/\/www.acadlib.lv\/index.php?&amp;56\" target=\"_blank\"><img decoding=\"async\" src=\"http:\/\/www.balther.net\/public\/buttons\/nupp_latvia.gif\" alt=\"\" align=\"absMiddle\" \/><\/a><\/strong><\/p>\n<p>Kontakt:<br \/>\nR\u016bpniec\u012bbas str. 10<br \/>\nRiga<br \/>\nLV-1235<br \/>\nLATVIA<\/p>\n<p>+371-6732-3649<br \/>\n<a title=\"mailto:acadlib@lib.acadlib.lv\" href=\"mailto:acadlib@lib.acadlib.lv\" target=\"_blank\">acadlib@lib.acadlib.lv<\/a><\/p>\n<hr \/>\n<p><strong><a href=\"http:\/\/www.lnb.lv\/en\" target=\"_blank\">L\u00e4ti Rahvusraamatukogu<\/a><b>\u00a0\u00a0<img decoding=\"async\" src=\"http:\/\/www.balther.net\/public\/buttons\/nupp_latvia.gif\" alt=\"\" align=\"absMiddle\" \/><\/b><\/strong><\/p>\n<p>Kontakt:<br \/>\n3 M\u016bkusalas Street<br \/>\nRiga<br \/>\nLV-1423<br \/>\nLATVIA<\/p>\n<p>+371-6780-6100<br \/>\n<a class=\"mailto\" href=\"mailto:lnb@lnb.lv\">lnb@lnb.lv<\/a><\/p>\n<hr \/>\n<p>&nbsp;<\/p>\n","protected":false},"excerpt":{"rendered":"<p>L\u00e4ti Akadeemiline Raamatukogu \u00a0 Kontakt: R\u016bpniec\u012bbas str. 10 Riga LV-1235 LATVIA +371-6732-3649 acadlib@lib.acadlib.lv L\u00e4ti Rahvusraamatukogu\u00a0\u00a0 Kontakt: 3 M\u016bkusalas Street Riga LV-1423 LATVIA +371-6780-6100 lnb@lnb.lv &nbsp;<\/p>\n","protected":false},"author":5,"featured_media":0,"parent":1530,"menu_order":2,"comment_status":"closed","ping_status":"closed","template":"","meta":{"_acf_changed":false,"_monsterinsights_skip_tracking":false,"_monsterinsights_sitenote_active":false,"_monsterinsights_sitenote_note":"","_monsterinsights_sitenote_category":0,"ngg_post_thumbnail":0,"footnotes":""},"class_list":["post-1546","page","type-page","status-publish","hentry"],"acf":[],"yoast_head":"<!-- This site is optimized with the Yoast SEO plugin v24.2 - https:\/\/yoast.com\/wordpress\/plugins\/seo\/ -->\n<title>Raamatukogud - BaltHerNet<\/title>\n<meta name=\"robots\" content=\"index, follow, max-snippet:-1, max-image-preview:large, max-video-preview:-1\" \/>\n<link rel=\"canonical\" href=\"https:\/\/www.balther.net\/et\/maluasutused\/lati\/raamatukogud\/\" \/>\n<meta property=\"og:locale\" content=\"et_EE\" \/>\n<meta property=\"og:type\" content=\"article\" \/>\n<meta property=\"og:title\" content=\"Raamatukogud - BaltHerNet\" \/>\n<meta property=\"og:description\" content=\"L\u00e4ti Akadeemiline Raamatukogu \u00a0 Kontakt: R\u016bpniec\u012bbas str. 10 Riga LV-1235 LATVIA +371-6732-3649 acadlib@lib.acadlib.lv L\u00e4ti Rahvusraamatukogu\u00a0\u00a0 Kontakt: 3 M\u016bkusalas Street Riga LV-1423 LATVIA +371-6780-6100 lnb@lnb.lv &nbsp;\" \/>\n<meta property=\"og:url\" content=\"https:\/\/www.balther.net\/et\/maluasutused\/lati\/raamatukogud\/\" \/>\n<meta property=\"og:site_name\" content=\"BaltHerNet\" \/>\n<meta property=\"article:modified_time\" content=\"2016-01-03T19:18:38+00:00\" \/>\n<meta property=\"og:image\" content=\"http:\/\/www.balther.net\/public\/buttons\/nupp_latvia.gif\" \/>\n<meta name=\"twitter:card\" content=\"summary_large_image\" \/>\n<script type=\"application\/ld+json\" class=\"yoast-schema-graph\">{\"@context\":\"https:\/\/schema.org\",\"@graph\":[{\"@type\":\"WebPage\",\"@id\":\"https:\/\/www.balther.net\/et\/maluasutused\/lati\/raamatukogud\/\",\"url\":\"https:\/\/www.balther.net\/et\/maluasutused\/lati\/raamatukogud\/\",\"name\":\"Raamatukogud - BaltHerNet\",\"isPartOf\":{\"@id\":\"https:\/\/www.balther.net\/#website\"},\"primaryImageOfPage\":{\"@id\":\"https:\/\/www.balther.net\/et\/maluasutused\/lati\/raamatukogud\/#primaryimage\"},\"image\":{\"@id\":\"https:\/\/www.balther.net\/et\/maluasutused\/lati\/raamatukogud\/#primaryimage\"},\"thumbnailUrl\":\"http:\/\/www.balther.net\/public\/buttons\/nupp_latvia.gif\",\"datePublished\":\"2016-01-03T11:54:23+00:00\",\"dateModified\":\"2016-01-03T19:18:38+00:00\",\"breadcrumb\":{\"@id\":\"https:\/\/www.balther.net\/et\/maluasutused\/lati\/raamatukogud\/#breadcrumb\"},\"inLanguage\":\"et\",\"potentialAction\":[{\"@type\":\"ReadAction\",\"target\":[\"https:\/\/www.balther.net\/et\/maluasutused\/lati\/raamatukogud\/\"]}]},{\"@type\":\"ImageObject\",\"inLanguage\":\"et\",\"@id\":\"https:\/\/www.balther.net\/et\/maluasutused\/lati\/raamatukogud\/#primaryimage\",\"url\":\"http:\/\/www.balther.net\/public\/buttons\/nupp_latvia.gif\",\"contentUrl\":\"http:\/\/www.balther.net\/public\/buttons\/nupp_latvia.gif\"},{\"@type\":\"BreadcrumbList\",\"@id\":\"https:\/\/www.balther.net\/et\/maluasutused\/lati\/raamatukogud\/#breadcrumb\",\"itemListElement\":[{\"@type\":\"ListItem\",\"position\":1,\"name\":\"Home\",\"item\":\"https:\/\/www.balther.net\/et\/\"},{\"@type\":\"ListItem\",\"position\":2,\"name\":\"M\u00e4luasutused\",\"item\":\"https:\/\/www.balther.net\/et\/maluasutused\/\"},{\"@type\":\"ListItem\",\"position\":3,\"name\":\"L\u00e4ti\",\"item\":\"https:\/\/www.balther.net\/et\/maluasutused\/lati\/\"},{\"@type\":\"ListItem\",\"position\":4,\"name\":\"Raamatukogud\"}]},{\"@type\":\"WebSite\",\"@id\":\"https:\/\/www.balther.net\/#website\",\"url\":\"https:\/\/www.balther.net\/\",\"name\":\"BaltHerNet\",\"description\":\"\",\"potentialAction\":[{\"@type\":\"SearchAction\",\"target\":{\"@type\":\"EntryPoint\",\"urlTemplate\":\"https:\/\/www.balther.net\/?s={search_term_string}\"},\"query-input\":{\"@type\":\"PropertyValueSpecification\",\"valueRequired\":true,\"valueName\":\"search_term_string\"}}],\"inLanguage\":\"et\"}]}<\/script>\n<!-- \/ Yoast SEO plugin. -->","yoast_head_json":{"title":"Raamatukogud - BaltHerNet","robots":{"index":"index","follow":"follow","max-snippet":"max-snippet:-1","max-image-preview":"max-image-preview:large","max-video-preview":"max-video-preview:-1"},"canonical":"https:\/\/www.balther.net\/et\/maluasutused\/lati\/raamatukogud\/","og_locale":"et_EE","og_type":"article","og_title":"Raamatukogud - BaltHerNet","og_description":"L\u00e4ti Akadeemiline Raamatukogu \u00a0 Kontakt: R\u016bpniec\u012bbas str. 10 Riga LV-1235 LATVIA +371-6732-3649 acadlib@lib.acadlib.lv L\u00e4ti Rahvusraamatukogu\u00a0\u00a0 Kontakt: 3 M\u016bkusalas Street Riga LV-1423 LATVIA +371-6780-6100 lnb@lnb.lv &nbsp;","og_url":"https:\/\/www.balther.net\/et\/maluasutused\/lati\/raamatukogud\/","og_site_name":"BaltHerNet","article_modified_time":"2016-01-03T19:18:38+00:00","og_image":[{"url":"http:\/\/www.balther.net\/public\/buttons\/nupp_latvia.gif","type":"","width":"","height":""}],"twitter_card":"summary_large_image","schema":{"@context":"https:\/\/schema.org","@graph":[{"@type":"WebPage","@id":"https:\/\/www.balther.net\/et\/maluasutused\/lati\/raamatukogud\/","url":"https:\/\/www.balther.net\/et\/maluasutused\/lati\/raamatukogud\/","name":"Raamatukogud - BaltHerNet","isPartOf":{"@id":"https:\/\/www.balther.net\/#website"},"primaryImageOfPage":{"@id":"https:\/\/www.balther.net\/et\/maluasutused\/lati\/raamatukogud\/#primaryimage"},"image":{"@id":"https:\/\/www.balther.net\/et\/maluasutused\/lati\/raamatukogud\/#primaryimage"},"thumbnailUrl":"http:\/\/www.balther.net\/public\/buttons\/nupp_latvia.gif","datePublished":"2016-01-03T11:54:23+00:00","dateModified":"2016-01-03T19:18:38+00:00","breadcrumb":{"@id":"https:\/\/www.balther.net\/et\/maluasutused\/lati\/raamatukogud\/#breadcrumb"},"inLanguage":"et","potentialAction":[{"@type":"ReadAction","target":["https:\/\/www.balther.net\/et\/maluasutused\/lati\/raamatukogud\/"]}]},{"@type":"ImageObject","inLanguage":"et","@id":"https:\/\/www.balther.net\/et\/maluasutused\/lati\/raamatukogud\/#primaryimage","url":"http:\/\/www.balther.net\/public\/buttons\/nupp_latvia.gif","contentUrl":"http:\/\/www.balther.net\/public\/buttons\/nupp_latvia.gif"},{"@type":"BreadcrumbList","@id":"https:\/\/www.balther.net\/et\/maluasutused\/lati\/raamatukogud\/#breadcrumb","itemListElement":[{"@type":"ListItem","position":1,"name":"Home","item":"https:\/\/www.balther.net\/et\/"},{"@type":"ListItem","position":2,"name":"M\u00e4luasutused","item":"https:\/\/www.balther.net\/et\/maluasutused\/"},{"@type":"ListItem","position":3,"name":"L\u00e4ti","item":"https:\/\/www.balther.net\/et\/maluasutused\/lati\/"},{"@type":"ListItem","position":4,"name":"Raamatukogud"}]},{"@type":"WebSite","@id":"https:\/\/www.balther.net\/#website","url":"https:\/\/www.balther.net\/","name":"BaltHerNet","description":"","potentialAction":[{"@type":"SearchAction","target":{"@type":"EntryPoint","urlTemplate":"https:\/\/www.balther.net\/?s={search_term_string}"},"query-input":{"@type":"PropertyValueSpecification","valueRequired":true,"valueName":"search_term_string"}}],"inLanguage":"et"}]}},"_links":{"self":[{"href":"https:\/\/www.balther.net\/et\/wp-json\/wp\/v2\/pages\/1546","targetHints":{"allow":["GET"]}}],"collection":[{"href":"https:\/\/www.balther.net\/et\/wp-json\/wp\/v2\/pages"}],"about":[{"href":"https:\/\/www.balther.net\/et\/wp-json\/wp\/v2\/types\/page"}],"author":[{"embeddable":true,"href":"https:\/\/www.balther.net\/et\/wp-json\/wp\/v2\/users\/5"}],"replies":[{"embeddable":true,"href":"https:\/\/www.balther.net\/et\/wp-json\/wp\/v2\/comments?post=1546"}],"version-history":[{"count":3,"href":"https:\/\/www.balther.net\/et\/wp-json\/wp\/v2\/pages\/1546\/revisions"}],"predecessor-version":[{"id":1973,"href":"https:\/\/www.balther.net\/et\/wp-json\/wp\/v2\/pages\/1546\/revisions\/1973"}],"up":[{"embeddable":true,"href":"https:\/\/www.balther.net\/et\/wp-json\/wp\/v2\/pages\/1530"}],"wp:attachment":[{"href":"https:\/\/www.balther.net\/et\/wp-json\/wp\/v2\/media?parent=1546"}],"curies":[{"name":"wp","href":"https:\/\/api.w.org\/{rel}","templated":true}]}}