{"id":1534,"date":"2016-01-03T11:45:47","date_gmt":"2016-01-03T11:45:47","guid":{"rendered":"http:\/\/uus.balther.net\/?page_id=1534&#038;lang=et"},"modified":"2016-01-03T19:29:13","modified_gmt":"2016-01-03T19:29:13","slug":"muuseumid","status":"publish","type":"page","link":"https:\/\/www.balther.net\/et\/maluasutused\/lati\/muuseumid\/","title":{"rendered":"Muuseumid"},"content":{"rendered":"<p><strong><a href=\"http:\/\/rmm.lv\/?page_id=1848\" target=\"_blank\">L\u00e4ti Kirjanduse- ja Muusikamuuseum<\/a><\/strong><b>\u00a0\u00a0<img decoding=\"async\" src=\"http:\/\/www.balther.net\/public\/buttons\/nupp_latvia.gif\" alt=\"\" align=\"absMiddle\" \/><\/b><\/p>\n<p>Kontakt:<br \/>\nPils laukums 2<br \/>\nRiga<br \/>\nLV-1050<br \/>\nLATVIA<\/p>\n<p>+371-6722-7782<br \/>\n<a href=\"mailto:komunikacija@rmm.lv\">komunikacija@rmm.lv<\/a><\/p>\n<hr \/>\n<p><strong><a href=\"http:\/\/www.history-museum.lv\/english\/pages\/majas.php\" target=\"_blank\">L\u00e4ti Riiklik Ajaloomuuseum<\/a>\u00a0\u00a0<b><img decoding=\"async\" src=\"http:\/\/www.balther.net\/public\/buttons\/nupp_latvia.gif\" alt=\"\" align=\"absMiddle\" \/><\/b><\/strong><\/p>\n<p>Kontakt:<br \/>\nL\u0101\u010dpl\u0113\u0161a iela 106\/108<br \/>\nR\u012bga<br \/>\nLV-1003<br \/>\nLATVIA<\/p>\n<p>+371-6722-3004<br \/>\n<a href=\"mailto:museum@lnvm.lv\" target=\"_blank\">museum@lnvm.lv<\/a><\/p>\n<hr \/>\n<p><strong><a href=\"http:\/\/okupacijasmuzejs.lv\/en\" target=\"_blank\">L\u00e4ti Okupatsioonimuuseum<\/a>\u00a0\u00a0<\/strong><b><img decoding=\"async\" src=\"http:\/\/www.balther.net\/public\/buttons\/nupp_latvia.gif\" alt=\"\" align=\"absMiddle\" \/><\/b><\/p>\n<p>Kontakt:<br \/>\nRai\u0146a bulv\u0101ris 7<br \/>\nRiga<br \/>\nLV-1050<br \/>\nLATVIA<\/p>\n<p>+371-6721-2715<br \/>\n<a class=\"spamspan\" href=\"mailto:omf%40latnet.lv\" target=\"_blank\">omf@latnet.lv<\/a><\/p>\n<hr \/>\n<p><strong><a href=\"http:\/\/www.lapamuzejs.lv\/en\/?option=com_frontpage&amp;Itemid=1\" target=\"_blank\">V\u00e4lisl\u00e4ti muuseum ja uurimiskeskus<\/a><\/strong><b>\u00a0\u00a0<img decoding=\"async\" src=\"http:\/\/www.balther.net\/public\/buttons\/nupp_latvia.gif\" alt=\"\" align=\"absMiddle\" \/><\/b><\/p>\n<p>Kontakt:<br \/>\nAusek\u013ca iela 6A-12<br \/>\nRiga<br \/>\nLV-1010<br \/>\nLATVIA<\/p>\n<p>+371-2230-0397<br \/>\n<a href=\"mailto: lapainfo@gmail.com\" target=\"_blank\">lapainfo@gmail.com<\/a><\/p>\n<hr \/>\n<p>&nbsp;<\/p>\n","protected":false},"excerpt":{"rendered":"<p>L\u00e4ti Kirjanduse- ja Muusikamuuseum\u00a0\u00a0 Kontakt: Pils laukums 2 Riga LV-1050 LATVIA +371-6722-7782 komunikacija@rmm.lv L\u00e4ti Riiklik Ajaloomuuseum\u00a0\u00a0 Kontakt: L\u0101\u010dpl\u0113\u0161a iela 106\/108 R\u012bga LV-1003 LATVIA +371-6722-3004 museum@lnvm.lv L\u00e4ti Okupatsioonimuuseum\u00a0\u00a0 Kontakt: Rai\u0146a bulv\u0101ris 7 Riga LV-1050 LATVIA +371-6721-2715 omf@latnet.lv V\u00e4lisl\u00e4ti muuseum ja uurimiskeskus\u00a0\u00a0 Kontakt: Ausek\u013ca iela 6A-12 Riga LV-1010 LATVIA +371-2230-0397 lapainfo@gmail.com &nbsp;<\/p>\n","protected":false},"author":5,"featured_media":0,"parent":1530,"menu_order":3,"comment_status":"closed","ping_status":"closed","template":"","meta":{"_acf_changed":false,"_monsterinsights_skip_tracking":false,"_monsterinsights_sitenote_active":false,"_monsterinsights_sitenote_note":"","_monsterinsights_sitenote_category":0,"ngg_post_thumbnail":0,"footnotes":""},"class_list":["post-1534","page","type-page","status-publish","hentry"],"acf":[],"yoast_head":"<!-- This site is optimized with the Yoast SEO plugin v24.2 - https:\/\/yoast.com\/wordpress\/plugins\/seo\/ -->\n<title>Muuseumid - BaltHerNet<\/title>\n<meta name=\"robots\" content=\"index, follow, max-snippet:-1, max-image-preview:large, max-video-preview:-1\" \/>\n<link rel=\"canonical\" href=\"https:\/\/www.balther.net\/et\/maluasutused\/lati\/muuseumid\/\" \/>\n<meta property=\"og:locale\" content=\"et_EE\" \/>\n<meta property=\"og:type\" content=\"article\" \/>\n<meta property=\"og:title\" content=\"Muuseumid - BaltHerNet\" \/>\n<meta property=\"og:description\" content=\"L\u00e4ti Kirjanduse- ja Muusikamuuseum\u00a0\u00a0 Kontakt: Pils laukums 2 Riga LV-1050 LATVIA +371-6722-7782 komunikacija@rmm.lv L\u00e4ti Riiklik Ajaloomuuseum\u00a0\u00a0 Kontakt: L\u0101\u010dpl\u0113\u0161a iela 106\/108 R\u012bga LV-1003 LATVIA +371-6722-3004 museum@lnvm.lv L\u00e4ti Okupatsioonimuuseum\u00a0\u00a0 Kontakt: Rai\u0146a bulv\u0101ris 7 Riga LV-1050 LATVIA +371-6721-2715 omf@latnet.lv V\u00e4lisl\u00e4ti muuseum ja uurimiskeskus\u00a0\u00a0 Kontakt: Ausek\u013ca iela 6A-12 Riga LV-1010 LATVIA +371-2230-0397 lapainfo@gmail.com &nbsp;\" \/>\n<meta property=\"og:url\" content=\"https:\/\/www.balther.net\/et\/maluasutused\/lati\/muuseumid\/\" \/>\n<meta property=\"og:site_name\" content=\"BaltHerNet\" \/>\n<meta property=\"article:modified_time\" content=\"2016-01-03T19:29:13+00:00\" \/>\n<meta property=\"og:image\" content=\"http:\/\/www.balther.net\/public\/buttons\/nupp_latvia.gif\" \/>\n<meta name=\"twitter:card\" content=\"summary_large_image\" \/>\n<script type=\"application\/ld+json\" class=\"yoast-schema-graph\">{\"@context\":\"https:\/\/schema.org\",\"@graph\":[{\"@type\":\"WebPage\",\"@id\":\"https:\/\/www.balther.net\/et\/maluasutused\/lati\/muuseumid\/\",\"url\":\"https:\/\/www.balther.net\/et\/maluasutused\/lati\/muuseumid\/\",\"name\":\"Muuseumid - BaltHerNet\",\"isPartOf\":{\"@id\":\"https:\/\/www.balther.net\/#website\"},\"primaryImageOfPage\":{\"@id\":\"https:\/\/www.balther.net\/et\/maluasutused\/lati\/muuseumid\/#primaryimage\"},\"image\":{\"@id\":\"https:\/\/www.balther.net\/et\/maluasutused\/lati\/muuseumid\/#primaryimage\"},\"thumbnailUrl\":\"http:\/\/www.balther.net\/public\/buttons\/nupp_latvia.gif\",\"datePublished\":\"2016-01-03T11:45:47+00:00\",\"dateModified\":\"2016-01-03T19:29:13+00:00\",\"breadcrumb\":{\"@id\":\"https:\/\/www.balther.net\/et\/maluasutused\/lati\/muuseumid\/#breadcrumb\"},\"inLanguage\":\"et\",\"potentialAction\":[{\"@type\":\"ReadAction\",\"target\":[\"https:\/\/www.balther.net\/et\/maluasutused\/lati\/muuseumid\/\"]}]},{\"@type\":\"ImageObject\",\"inLanguage\":\"et\",\"@id\":\"https:\/\/www.balther.net\/et\/maluasutused\/lati\/muuseumid\/#primaryimage\",\"url\":\"http:\/\/www.balther.net\/public\/buttons\/nupp_latvia.gif\",\"contentUrl\":\"http:\/\/www.balther.net\/public\/buttons\/nupp_latvia.gif\"},{\"@type\":\"BreadcrumbList\",\"@id\":\"https:\/\/www.balther.net\/et\/maluasutused\/lati\/muuseumid\/#breadcrumb\",\"itemListElement\":[{\"@type\":\"ListItem\",\"position\":1,\"name\":\"Home\",\"item\":\"https:\/\/www.balther.net\/et\/\"},{\"@type\":\"ListItem\",\"position\":2,\"name\":\"M\u00e4luasutused\",\"item\":\"https:\/\/www.balther.net\/et\/maluasutused\/\"},{\"@type\":\"ListItem\",\"position\":3,\"name\":\"L\u00e4ti\",\"item\":\"https:\/\/www.balther.net\/et\/maluasutused\/lati\/\"},{\"@type\":\"ListItem\",\"position\":4,\"name\":\"Muuseumid\"}]},{\"@type\":\"WebSite\",\"@id\":\"https:\/\/www.balther.net\/#website\",\"url\":\"https:\/\/www.balther.net\/\",\"name\":\"BaltHerNet\",\"description\":\"\",\"potentialAction\":[{\"@type\":\"SearchAction\",\"target\":{\"@type\":\"EntryPoint\",\"urlTemplate\":\"https:\/\/www.balther.net\/?s={search_term_string}\"},\"query-input\":{\"@type\":\"PropertyValueSpecification\",\"valueRequired\":true,\"valueName\":\"search_term_string\"}}],\"inLanguage\":\"et\"}]}<\/script>\n<!-- \/ Yoast SEO plugin. -->","yoast_head_json":{"title":"Muuseumid - BaltHerNet","robots":{"index":"index","follow":"follow","max-snippet":"max-snippet:-1","max-image-preview":"max-image-preview:large","max-video-preview":"max-video-preview:-1"},"canonical":"https:\/\/www.balther.net\/et\/maluasutused\/lati\/muuseumid\/","og_locale":"et_EE","og_type":"article","og_title":"Muuseumid - BaltHerNet","og_description":"L\u00e4ti Kirjanduse- ja Muusikamuuseum\u00a0\u00a0 Kontakt: Pils laukums 2 Riga LV-1050 LATVIA +371-6722-7782 komunikacija@rmm.lv L\u00e4ti Riiklik Ajaloomuuseum\u00a0\u00a0 Kontakt: L\u0101\u010dpl\u0113\u0161a iela 106\/108 R\u012bga LV-1003 LATVIA +371-6722-3004 museum@lnvm.lv L\u00e4ti Okupatsioonimuuseum\u00a0\u00a0 Kontakt: Rai\u0146a bulv\u0101ris 7 Riga LV-1050 LATVIA +371-6721-2715 omf@latnet.lv V\u00e4lisl\u00e4ti muuseum ja uurimiskeskus\u00a0\u00a0 Kontakt: Ausek\u013ca iela 6A-12 Riga LV-1010 LATVIA +371-2230-0397 lapainfo@gmail.com &nbsp;","og_url":"https:\/\/www.balther.net\/et\/maluasutused\/lati\/muuseumid\/","og_site_name":"BaltHerNet","article_modified_time":"2016-01-03T19:29:13+00:00","og_image":[{"url":"http:\/\/www.balther.net\/public\/buttons\/nupp_latvia.gif","type":"","width":"","height":""}],"twitter_card":"summary_large_image","schema":{"@context":"https:\/\/schema.org","@graph":[{"@type":"WebPage","@id":"https:\/\/www.balther.net\/et\/maluasutused\/lati\/muuseumid\/","url":"https:\/\/www.balther.net\/et\/maluasutused\/lati\/muuseumid\/","name":"Muuseumid - BaltHerNet","isPartOf":{"@id":"https:\/\/www.balther.net\/#website"},"primaryImageOfPage":{"@id":"https:\/\/www.balther.net\/et\/maluasutused\/lati\/muuseumid\/#primaryimage"},"image":{"@id":"https:\/\/www.balther.net\/et\/maluasutused\/lati\/muuseumid\/#primaryimage"},"thumbnailUrl":"http:\/\/www.balther.net\/public\/buttons\/nupp_latvia.gif","datePublished":"2016-01-03T11:45:47+00:00","dateModified":"2016-01-03T19:29:13+00:00","breadcrumb":{"@id":"https:\/\/www.balther.net\/et\/maluasutused\/lati\/muuseumid\/#breadcrumb"},"inLanguage":"et","potentialAction":[{"@type":"ReadAction","target":["https:\/\/www.balther.net\/et\/maluasutused\/lati\/muuseumid\/"]}]},{"@type":"ImageObject","inLanguage":"et","@id":"https:\/\/www.balther.net\/et\/maluasutused\/lati\/muuseumid\/#primaryimage","url":"http:\/\/www.balther.net\/public\/buttons\/nupp_latvia.gif","contentUrl":"http:\/\/www.balther.net\/public\/buttons\/nupp_latvia.gif"},{"@type":"BreadcrumbList","@id":"https:\/\/www.balther.net\/et\/maluasutused\/lati\/muuseumid\/#breadcrumb","itemListElement":[{"@type":"ListItem","position":1,"name":"Home","item":"https:\/\/www.balther.net\/et\/"},{"@type":"ListItem","position":2,"name":"M\u00e4luasutused","item":"https:\/\/www.balther.net\/et\/maluasutused\/"},{"@type":"ListItem","position":3,"name":"L\u00e4ti","item":"https:\/\/www.balther.net\/et\/maluasutused\/lati\/"},{"@type":"ListItem","position":4,"name":"Muuseumid"}]},{"@type":"WebSite","@id":"https:\/\/www.balther.net\/#website","url":"https:\/\/www.balther.net\/","name":"BaltHerNet","description":"","potentialAction":[{"@type":"SearchAction","target":{"@type":"EntryPoint","urlTemplate":"https:\/\/www.balther.net\/?s={search_term_string}"},"query-input":{"@type":"PropertyValueSpecification","valueRequired":true,"valueName":"search_term_string"}}],"inLanguage":"et"}]}},"_links":{"self":[{"href":"https:\/\/www.balther.net\/et\/wp-json\/wp\/v2\/pages\/1534","targetHints":{"allow":["GET"]}}],"collection":[{"href":"https:\/\/www.balther.net\/et\/wp-json\/wp\/v2\/pages"}],"about":[{"href":"https:\/\/www.balther.net\/et\/wp-json\/wp\/v2\/types\/page"}],"author":[{"embeddable":true,"href":"https:\/\/www.balther.net\/et\/wp-json\/wp\/v2\/users\/5"}],"replies":[{"embeddable":true,"href":"https:\/\/www.balther.net\/et\/wp-json\/wp\/v2\/comments?post=1534"}],"version-history":[{"count":10,"href":"https:\/\/www.balther.net\/et\/wp-json\/wp\/v2\/pages\/1534\/revisions"}],"predecessor-version":[{"id":1983,"href":"https:\/\/www.balther.net\/et\/wp-json\/wp\/v2\/pages\/1534\/revisions\/1983"}],"up":[{"embeddable":true,"href":"https:\/\/www.balther.net\/et\/wp-json\/wp\/v2\/pages\/1530"}],"wp:attachment":[{"href":"https:\/\/www.balther.net\/et\/wp-json\/wp\/v2\/media?parent=1534"}],"curies":[{"name":"wp","href":"https:\/\/api.w.org\/{rel}","templated":true}]}}