{"id":1500,"date":"2016-01-03T11:29:29","date_gmt":"2016-01-03T11:29:29","guid":{"rendered":"http:\/\/uus.balther.net\/?page_id=1500&#038;lang=et"},"modified":"2017-05-27T20:33:24","modified_gmt":"2017-05-27T17:33:24","slug":"muuseumid","status":"publish","type":"page","link":"https:\/\/www.balther.net\/et\/maluasutused\/kanada\/muuseumid\/","title":{"rendered":"Muuseumid"},"content":{"rendered":"<p><strong><a href=\"http:\/\/vemu.ca\/index.php\/et\/\" target=\"_blank\">VEMU \/ Eesti \u00d5ppet\u00f6\u00f6\u00a0Keskus<\/a><\/strong><\/p>\n<p>Kontakt:<br \/>\n310 Bloor Street West<br \/>\nToronto, ON<br \/>\nM5S 1W4<br \/>\nCANADA<\/p>\n<p>+1-416-925-9405<br \/>\n<a href=\"mailto:info@vemu.ca\" target=\"_blank\">info@vemu.ca<\/a><\/p>\n<hr \/>\n<p><a href=\"https:\/\/www.lithuanianheritage.ca\/\" target=\"_blank\"><strong>Lithuanian Museum-Archives of Canada<\/strong><\/a><\/p>\n<p>Kontakt:<br \/>\nAnapilis Halls<br \/>\n2185 Stavebank Rd<br \/>\nMississauga, ON<br \/>\nL5C 1T3<br \/>\nCANADA<\/p>\n<p>+1-905-361-0434<br \/>\n<a href=\"mailto: klma@primus.ca\" target=\"_blank\">klma@primus.ca<\/a><\/p>\n<hr \/>\n<p>&nbsp;<\/p>\n","protected":false},"excerpt":{"rendered":"<p>VEMU \/ Eesti \u00d5ppet\u00f6\u00f6\u00a0Keskus Kontakt: 310 Bloor Street West Toronto, ON M5S 1W4 CANADA +1-416-925-9405 info@vemu.ca Lithuanian Museum-Archives of Canada Kontakt: Anapilis Halls 2185 Stavebank Rd Mississauga, ON L5C 1T3 CANADA +1-905-361-0434 klma@primus.ca &nbsp;<\/p>\n","protected":false},"author":5,"featured_media":0,"parent":1494,"menu_order":3,"comment_status":"closed","ping_status":"closed","template":"","meta":{"_acf_changed":false,"_monsterinsights_skip_tracking":false,"_monsterinsights_sitenote_active":false,"_monsterinsights_sitenote_note":"","_monsterinsights_sitenote_category":0,"ngg_post_thumbnail":0,"footnotes":""},"class_list":["post-1500","page","type-page","status-publish","hentry"],"acf":[],"yoast_head":"<!-- This site is optimized with the Yoast SEO plugin v24.2 - https:\/\/yoast.com\/wordpress\/plugins\/seo\/ -->\n<title>Muuseumid - BaltHerNet<\/title>\n<meta name=\"robots\" content=\"index, follow, max-snippet:-1, max-image-preview:large, max-video-preview:-1\" \/>\n<link rel=\"canonical\" href=\"https:\/\/www.balther.net\/et\/maluasutused\/kanada\/muuseumid\/\" \/>\n<meta property=\"og:locale\" content=\"et_EE\" \/>\n<meta property=\"og:type\" content=\"article\" \/>\n<meta property=\"og:title\" content=\"Muuseumid - BaltHerNet\" \/>\n<meta property=\"og:description\" content=\"VEMU \/ Eesti \u00d5ppet\u00f6\u00f6\u00a0Keskus Kontakt: 310 Bloor Street West Toronto, ON M5S 1W4 CANADA +1-416-925-9405 info@vemu.ca Lithuanian Museum-Archives of Canada Kontakt: Anapilis Halls 2185 Stavebank Rd Mississauga, ON L5C 1T3 CANADA +1-905-361-0434 klma@primus.ca &nbsp;\" \/>\n<meta property=\"og:url\" content=\"https:\/\/www.balther.net\/et\/maluasutused\/kanada\/muuseumid\/\" \/>\n<meta property=\"og:site_name\" content=\"BaltHerNet\" \/>\n<meta property=\"article:modified_time\" content=\"2017-05-27T17:33:24+00:00\" \/>\n<meta name=\"twitter:card\" content=\"summary_large_image\" \/>\n<script type=\"application\/ld+json\" class=\"yoast-schema-graph\">{\"@context\":\"https:\/\/schema.org\",\"@graph\":[{\"@type\":\"WebPage\",\"@id\":\"https:\/\/www.balther.net\/et\/maluasutused\/kanada\/muuseumid\/\",\"url\":\"https:\/\/www.balther.net\/et\/maluasutused\/kanada\/muuseumid\/\",\"name\":\"Muuseumid - BaltHerNet\",\"isPartOf\":{\"@id\":\"https:\/\/www.balther.net\/#website\"},\"datePublished\":\"2016-01-03T11:29:29+00:00\",\"dateModified\":\"2017-05-27T17:33:24+00:00\",\"breadcrumb\":{\"@id\":\"https:\/\/www.balther.net\/et\/maluasutused\/kanada\/muuseumid\/#breadcrumb\"},\"inLanguage\":\"et\",\"potentialAction\":[{\"@type\":\"ReadAction\",\"target\":[\"https:\/\/www.balther.net\/et\/maluasutused\/kanada\/muuseumid\/\"]}]},{\"@type\":\"BreadcrumbList\",\"@id\":\"https:\/\/www.balther.net\/et\/maluasutused\/kanada\/muuseumid\/#breadcrumb\",\"itemListElement\":[{\"@type\":\"ListItem\",\"position\":1,\"name\":\"Home\",\"item\":\"https:\/\/www.balther.net\/et\/\"},{\"@type\":\"ListItem\",\"position\":2,\"name\":\"M\u00e4luasutused\",\"item\":\"https:\/\/www.balther.net\/et\/maluasutused\/\"},{\"@type\":\"ListItem\",\"position\":3,\"name\":\"Kanada\",\"item\":\"https:\/\/www.balther.net\/et\/maluasutused\/kanada\/\"},{\"@type\":\"ListItem\",\"position\":4,\"name\":\"Muuseumid\"}]},{\"@type\":\"WebSite\",\"@id\":\"https:\/\/www.balther.net\/#website\",\"url\":\"https:\/\/www.balther.net\/\",\"name\":\"BaltHerNet\",\"description\":\"\",\"potentialAction\":[{\"@type\":\"SearchAction\",\"target\":{\"@type\":\"EntryPoint\",\"urlTemplate\":\"https:\/\/www.balther.net\/?s={search_term_string}\"},\"query-input\":{\"@type\":\"PropertyValueSpecification\",\"valueRequired\":true,\"valueName\":\"search_term_string\"}}],\"inLanguage\":\"et\"}]}<\/script>\n<!-- \/ Yoast SEO plugin. -->","yoast_head_json":{"title":"Muuseumid - BaltHerNet","robots":{"index":"index","follow":"follow","max-snippet":"max-snippet:-1","max-image-preview":"max-image-preview:large","max-video-preview":"max-video-preview:-1"},"canonical":"https:\/\/www.balther.net\/et\/maluasutused\/kanada\/muuseumid\/","og_locale":"et_EE","og_type":"article","og_title":"Muuseumid - BaltHerNet","og_description":"VEMU \/ Eesti \u00d5ppet\u00f6\u00f6\u00a0Keskus Kontakt: 310 Bloor Street West Toronto, ON M5S 1W4 CANADA +1-416-925-9405 info@vemu.ca Lithuanian Museum-Archives of Canada Kontakt: Anapilis Halls 2185 Stavebank Rd Mississauga, ON L5C 1T3 CANADA +1-905-361-0434 klma@primus.ca &nbsp;","og_url":"https:\/\/www.balther.net\/et\/maluasutused\/kanada\/muuseumid\/","og_site_name":"BaltHerNet","article_modified_time":"2017-05-27T17:33:24+00:00","twitter_card":"summary_large_image","schema":{"@context":"https:\/\/schema.org","@graph":[{"@type":"WebPage","@id":"https:\/\/www.balther.net\/et\/maluasutused\/kanada\/muuseumid\/","url":"https:\/\/www.balther.net\/et\/maluasutused\/kanada\/muuseumid\/","name":"Muuseumid - BaltHerNet","isPartOf":{"@id":"https:\/\/www.balther.net\/#website"},"datePublished":"2016-01-03T11:29:29+00:00","dateModified":"2017-05-27T17:33:24+00:00","breadcrumb":{"@id":"https:\/\/www.balther.net\/et\/maluasutused\/kanada\/muuseumid\/#breadcrumb"},"inLanguage":"et","potentialAction":[{"@type":"ReadAction","target":["https:\/\/www.balther.net\/et\/maluasutused\/kanada\/muuseumid\/"]}]},{"@type":"BreadcrumbList","@id":"https:\/\/www.balther.net\/et\/maluasutused\/kanada\/muuseumid\/#breadcrumb","itemListElement":[{"@type":"ListItem","position":1,"name":"Home","item":"https:\/\/www.balther.net\/et\/"},{"@type":"ListItem","position":2,"name":"M\u00e4luasutused","item":"https:\/\/www.balther.net\/et\/maluasutused\/"},{"@type":"ListItem","position":3,"name":"Kanada","item":"https:\/\/www.balther.net\/et\/maluasutused\/kanada\/"},{"@type":"ListItem","position":4,"name":"Muuseumid"}]},{"@type":"WebSite","@id":"https:\/\/www.balther.net\/#website","url":"https:\/\/www.balther.net\/","name":"BaltHerNet","description":"","potentialAction":[{"@type":"SearchAction","target":{"@type":"EntryPoint","urlTemplate":"https:\/\/www.balther.net\/?s={search_term_string}"},"query-input":{"@type":"PropertyValueSpecification","valueRequired":true,"valueName":"search_term_string"}}],"inLanguage":"et"}]}},"_links":{"self":[{"href":"https:\/\/www.balther.net\/et\/wp-json\/wp\/v2\/pages\/1500","targetHints":{"allow":["GET"]}}],"collection":[{"href":"https:\/\/www.balther.net\/et\/wp-json\/wp\/v2\/pages"}],"about":[{"href":"https:\/\/www.balther.net\/et\/wp-json\/wp\/v2\/types\/page"}],"author":[{"embeddable":true,"href":"https:\/\/www.balther.net\/et\/wp-json\/wp\/v2\/users\/5"}],"replies":[{"embeddable":true,"href":"https:\/\/www.balther.net\/et\/wp-json\/wp\/v2\/comments?post=1500"}],"version-history":[{"count":4,"href":"https:\/\/www.balther.net\/et\/wp-json\/wp\/v2\/pages\/1500\/revisions"}],"predecessor-version":[{"id":8898,"href":"https:\/\/www.balther.net\/et\/wp-json\/wp\/v2\/pages\/1500\/revisions\/8898"}],"up":[{"embeddable":true,"href":"https:\/\/www.balther.net\/et\/wp-json\/wp\/v2\/pages\/1494"}],"wp:attachment":[{"href":"https:\/\/www.balther.net\/et\/wp-json\/wp\/v2\/media?parent=1500"}],"curies":[{"name":"wp","href":"https:\/\/api.w.org\/{rel}","templated":true}]}}