{"id":1498,"date":"2016-01-03T11:28:57","date_gmt":"2016-01-03T11:28:57","guid":{"rendered":"http:\/\/uus.balther.net\/?page_id=1498&#038;lang=et"},"modified":"2017-05-27T23:23:58","modified_gmt":"2017-05-27T20:23:58","slug":"raamatukogud","status":"publish","type":"page","link":"https:\/\/www.balther.net\/et\/maluasutused\/kanada\/raamatukogud\/","title":{"rendered":"Raamatukogud"},"content":{"rendered":"<p><strong><a href=\"http:\/\/www.bac-lac.gc.ca\/eng\/Pages\/home.aspx\" target=\"_blank\">Kanada Raamatukogu ja Arhiiv<\/a><\/strong><\/p>\n<p>Kontakt:<br \/>\n395 Wellington Street<br \/>\nOttawa, ON<br \/>\nK1A 0N4<br \/>\nCANADA<\/p>\n<hr \/>\n<p><strong><a href=\"http:\/\/www.eesti.ca\/library\/index.html\" target=\"_blank\">Tartu College Estonian Studies Library<\/a><\/strong><\/p>\n<p>Kontakt:<br \/>\n310 Bloor Street West<br \/>\nToronto, ON<br \/>\nM5S 1W4<br \/>\nCANADA<\/p>\n<p>+1-416-925-9405<br \/>\n<a class=\"small\" href=\"mailto:raamatukogu@vemu.ca\">raamatukogu@vemu.ca<\/a><\/p>\n<hr \/>\n<p><strong><a href=\"http:\/\/vemu.ca\/index.php\/et\/\" target=\"_blank\">VEMU \/ Eesti \u00d5ppet\u00f6\u00f6\u00a0Keskus<\/a><\/strong><\/p>\n<p>Kontakt:<br \/>\n310 Bloor Street West<br \/>\nToronto, ON<br \/>\nM5S 1W4<br \/>\nCANADA<\/p>\n<p>+1-416-925-9405<br \/>\n<a href=\"mailto:info@vemu.ca\" target=\"_blank\">info@vemu.ca<\/a><\/p>\n<hr \/>\n<p><strong><a href=\"http:\/\/www.tartuinstitute.ca\/?id=10441\" target=\"_blank\">Tartu Instituudi dr. Endel Aruja nimeline Arhiiv ja Raamatukogu<\/a><\/strong><\/p>\n<p>Kontakt:<br \/>\n310 Bloor Street West<br \/>\nToronto, ON<br \/>\nM5S 1W4<br \/>\nCANADA<\/p>\n<p>+1-416-925-9405<\/p>\n<p>Vaata ka <strong><a href=\"http:\/\/vemu.ca\/index.php\/et#.VokdEhWLSM8\" target=\"_blank\">VEMU \/Eesti\u00a0\u00d5ppet\u00f6\u00f6 Keskus<\/a><\/strong><\/p>\n<hr \/>\n<p><strong><a href=\"http:\/\/eav-bcca.balther.net\/index.php?id=10490\" target=\"_blank\">Vancouveri Eesti Seltsi Raamatukogu<\/a><\/strong><\/p>\n<p>Kontakt:<br \/>\n6520 Oak Street<br \/>\nVancouver, BC<br \/>\nV6P 3Z2<br \/>\nCANADA<\/p>\n<hr \/>\n<p>&nbsp;<\/p>\n","protected":false},"excerpt":{"rendered":"<p>Kanada Raamatukogu ja Arhiiv Kontakt: 395 Wellington Street Ottawa, ON K1A 0N4 CANADA Tartu College Estonian Studies Library Kontakt: 310 Bloor Street West Toronto, ON M5S 1W4 CANADA +1-416-925-9405 raamatukogu@vemu.ca VEMU \/ Eesti \u00d5ppet\u00f6\u00f6\u00a0Keskus Kontakt: 310 Bloor Street West Toronto, ON M5S 1W4 CANADA +1-416-925-9405 info@vemu.ca Tartu Instituudi dr. Endel Aruja nimeline Arhiiv ja Raamatukogu Kontakt: 310 Bloor Street West Toronto, ON M5S 1W4 CANADA +1-416-925-9405 Vaata ka VEMU \/Eesti\u00a0\u00d5ppet\u00f6\u00f6 Keskus Vancouveri Eesti Seltsi Raamatukogu Kontakt: 6520 Oak Street Vancouver, BC V6P 3Z2 CANADA &nbsp;<\/p>\n","protected":false},"author":5,"featured_media":0,"parent":1494,"menu_order":2,"comment_status":"closed","ping_status":"closed","template":"","meta":{"_acf_changed":false,"_monsterinsights_skip_tracking":false,"_monsterinsights_sitenote_active":false,"_monsterinsights_sitenote_note":"","_monsterinsights_sitenote_category":0,"ngg_post_thumbnail":0,"footnotes":""},"class_list":["post-1498","page","type-page","status-publish","hentry"],"acf":[],"yoast_head":"<!-- This site is optimized with the Yoast SEO plugin v24.2 - https:\/\/yoast.com\/wordpress\/plugins\/seo\/ -->\n<title>Raamatukogud - BaltHerNet<\/title>\n<meta name=\"robots\" content=\"index, follow, max-snippet:-1, max-image-preview:large, max-video-preview:-1\" \/>\n<link rel=\"canonical\" href=\"https:\/\/www.balther.net\/et\/maluasutused\/kanada\/raamatukogud\/\" \/>\n<meta property=\"og:locale\" content=\"et_EE\" \/>\n<meta property=\"og:type\" content=\"article\" \/>\n<meta property=\"og:title\" content=\"Raamatukogud - BaltHerNet\" \/>\n<meta property=\"og:description\" content=\"Kanada Raamatukogu ja Arhiiv Kontakt: 395 Wellington Street Ottawa, ON K1A 0N4 CANADA Tartu College Estonian Studies Library Kontakt: 310 Bloor Street West Toronto, ON M5S 1W4 CANADA +1-416-925-9405 raamatukogu@vemu.ca VEMU \/ Eesti \u00d5ppet\u00f6\u00f6\u00a0Keskus Kontakt: 310 Bloor Street West Toronto, ON M5S 1W4 CANADA +1-416-925-9405 info@vemu.ca Tartu Instituudi dr. Endel Aruja nimeline Arhiiv ja Raamatukogu Kontakt: 310 Bloor Street West Toronto, ON M5S 1W4 CANADA +1-416-925-9405 Vaata ka VEMU \/Eesti\u00a0\u00d5ppet\u00f6\u00f6 Keskus Vancouveri Eesti Seltsi Raamatukogu Kontakt: 6520 Oak Street Vancouver, BC V6P 3Z2 CANADA &nbsp;\" \/>\n<meta property=\"og:url\" content=\"https:\/\/www.balther.net\/et\/maluasutused\/kanada\/raamatukogud\/\" \/>\n<meta property=\"og:site_name\" content=\"BaltHerNet\" \/>\n<meta property=\"article:modified_time\" content=\"2017-05-27T20:23:58+00:00\" \/>\n<meta name=\"twitter:card\" content=\"summary_large_image\" \/>\n<script type=\"application\/ld+json\" class=\"yoast-schema-graph\">{\"@context\":\"https:\/\/schema.org\",\"@graph\":[{\"@type\":\"WebPage\",\"@id\":\"https:\/\/www.balther.net\/et\/maluasutused\/kanada\/raamatukogud\/\",\"url\":\"https:\/\/www.balther.net\/et\/maluasutused\/kanada\/raamatukogud\/\",\"name\":\"Raamatukogud - BaltHerNet\",\"isPartOf\":{\"@id\":\"https:\/\/www.balther.net\/#website\"},\"datePublished\":\"2016-01-03T11:28:57+00:00\",\"dateModified\":\"2017-05-27T20:23:58+00:00\",\"breadcrumb\":{\"@id\":\"https:\/\/www.balther.net\/et\/maluasutused\/kanada\/raamatukogud\/#breadcrumb\"},\"inLanguage\":\"et\",\"potentialAction\":[{\"@type\":\"ReadAction\",\"target\":[\"https:\/\/www.balther.net\/et\/maluasutused\/kanada\/raamatukogud\/\"]}]},{\"@type\":\"BreadcrumbList\",\"@id\":\"https:\/\/www.balther.net\/et\/maluasutused\/kanada\/raamatukogud\/#breadcrumb\",\"itemListElement\":[{\"@type\":\"ListItem\",\"position\":1,\"name\":\"Home\",\"item\":\"https:\/\/www.balther.net\/et\/\"},{\"@type\":\"ListItem\",\"position\":2,\"name\":\"M\u00e4luasutused\",\"item\":\"https:\/\/www.balther.net\/et\/maluasutused\/\"},{\"@type\":\"ListItem\",\"position\":3,\"name\":\"Kanada\",\"item\":\"https:\/\/www.balther.net\/et\/maluasutused\/kanada\/\"},{\"@type\":\"ListItem\",\"position\":4,\"name\":\"Raamatukogud\"}]},{\"@type\":\"WebSite\",\"@id\":\"https:\/\/www.balther.net\/#website\",\"url\":\"https:\/\/www.balther.net\/\",\"name\":\"BaltHerNet\",\"description\":\"\",\"potentialAction\":[{\"@type\":\"SearchAction\",\"target\":{\"@type\":\"EntryPoint\",\"urlTemplate\":\"https:\/\/www.balther.net\/?s={search_term_string}\"},\"query-input\":{\"@type\":\"PropertyValueSpecification\",\"valueRequired\":true,\"valueName\":\"search_term_string\"}}],\"inLanguage\":\"et\"}]}<\/script>\n<!-- \/ Yoast SEO plugin. -->","yoast_head_json":{"title":"Raamatukogud - BaltHerNet","robots":{"index":"index","follow":"follow","max-snippet":"max-snippet:-1","max-image-preview":"max-image-preview:large","max-video-preview":"max-video-preview:-1"},"canonical":"https:\/\/www.balther.net\/et\/maluasutused\/kanada\/raamatukogud\/","og_locale":"et_EE","og_type":"article","og_title":"Raamatukogud - BaltHerNet","og_description":"Kanada Raamatukogu ja Arhiiv Kontakt: 395 Wellington Street Ottawa, ON K1A 0N4 CANADA Tartu College Estonian Studies Library Kontakt: 310 Bloor Street West Toronto, ON M5S 1W4 CANADA +1-416-925-9405 raamatukogu@vemu.ca VEMU \/ Eesti \u00d5ppet\u00f6\u00f6\u00a0Keskus Kontakt: 310 Bloor Street West Toronto, ON M5S 1W4 CANADA +1-416-925-9405 info@vemu.ca Tartu Instituudi dr. Endel Aruja nimeline Arhiiv ja Raamatukogu Kontakt: 310 Bloor Street West Toronto, ON M5S 1W4 CANADA +1-416-925-9405 Vaata ka VEMU \/Eesti\u00a0\u00d5ppet\u00f6\u00f6 Keskus Vancouveri Eesti Seltsi Raamatukogu Kontakt: 6520 Oak Street Vancouver, BC V6P 3Z2 CANADA &nbsp;","og_url":"https:\/\/www.balther.net\/et\/maluasutused\/kanada\/raamatukogud\/","og_site_name":"BaltHerNet","article_modified_time":"2017-05-27T20:23:58+00:00","twitter_card":"summary_large_image","schema":{"@context":"https:\/\/schema.org","@graph":[{"@type":"WebPage","@id":"https:\/\/www.balther.net\/et\/maluasutused\/kanada\/raamatukogud\/","url":"https:\/\/www.balther.net\/et\/maluasutused\/kanada\/raamatukogud\/","name":"Raamatukogud - BaltHerNet","isPartOf":{"@id":"https:\/\/www.balther.net\/#website"},"datePublished":"2016-01-03T11:28:57+00:00","dateModified":"2017-05-27T20:23:58+00:00","breadcrumb":{"@id":"https:\/\/www.balther.net\/et\/maluasutused\/kanada\/raamatukogud\/#breadcrumb"},"inLanguage":"et","potentialAction":[{"@type":"ReadAction","target":["https:\/\/www.balther.net\/et\/maluasutused\/kanada\/raamatukogud\/"]}]},{"@type":"BreadcrumbList","@id":"https:\/\/www.balther.net\/et\/maluasutused\/kanada\/raamatukogud\/#breadcrumb","itemListElement":[{"@type":"ListItem","position":1,"name":"Home","item":"https:\/\/www.balther.net\/et\/"},{"@type":"ListItem","position":2,"name":"M\u00e4luasutused","item":"https:\/\/www.balther.net\/et\/maluasutused\/"},{"@type":"ListItem","position":3,"name":"Kanada","item":"https:\/\/www.balther.net\/et\/maluasutused\/kanada\/"},{"@type":"ListItem","position":4,"name":"Raamatukogud"}]},{"@type":"WebSite","@id":"https:\/\/www.balther.net\/#website","url":"https:\/\/www.balther.net\/","name":"BaltHerNet","description":"","potentialAction":[{"@type":"SearchAction","target":{"@type":"EntryPoint","urlTemplate":"https:\/\/www.balther.net\/?s={search_term_string}"},"query-input":{"@type":"PropertyValueSpecification","valueRequired":true,"valueName":"search_term_string"}}],"inLanguage":"et"}]}},"_links":{"self":[{"href":"https:\/\/www.balther.net\/et\/wp-json\/wp\/v2\/pages\/1498","targetHints":{"allow":["GET"]}}],"collection":[{"href":"https:\/\/www.balther.net\/et\/wp-json\/wp\/v2\/pages"}],"about":[{"href":"https:\/\/www.balther.net\/et\/wp-json\/wp\/v2\/types\/page"}],"author":[{"embeddable":true,"href":"https:\/\/www.balther.net\/et\/wp-json\/wp\/v2\/users\/5"}],"replies":[{"embeddable":true,"href":"https:\/\/www.balther.net\/et\/wp-json\/wp\/v2\/comments?post=1498"}],"version-history":[{"count":8,"href":"https:\/\/www.balther.net\/et\/wp-json\/wp\/v2\/pages\/1498\/revisions"}],"predecessor-version":[{"id":8948,"href":"https:\/\/www.balther.net\/et\/wp-json\/wp\/v2\/pages\/1498\/revisions\/8948"}],"up":[{"embeddable":true,"href":"https:\/\/www.balther.net\/et\/wp-json\/wp\/v2\/pages\/1494"}],"wp:attachment":[{"href":"https:\/\/www.balther.net\/et\/wp-json\/wp\/v2\/media?parent=1498"}],"curies":[{"name":"wp","href":"https:\/\/api.w.org\/{rel}","templated":true}]}}