{"id":1496,"date":"2016-01-03T11:28:20","date_gmt":"2016-01-03T11:28:20","guid":{"rendered":"http:\/\/uus.balther.net\/?page_id=1496&#038;lang=et"},"modified":"2021-02-28T21:52:41","modified_gmt":"2021-02-28T19:52:41","slug":"arhiivid","status":"publish","type":"page","link":"https:\/\/www.balther.net\/et\/maluasutused\/kanada\/arhiivid\/","title":{"rendered":"Arhiivid"},"content":{"rendered":"<p><strong><a href=\"http:\/\/vemu.ca\/index.php\/et\/\" target=\"_blank\" rel=\"noopener\">VEMU\u00a0\/\u00a0Eesti\u00a0\u00d5ppet\u00f6\u00f6\u00a0Keskus<\/a><\/strong><\/p>\n<p>Kontakt:<br \/>\n310 Bloor Street West<br \/>\nToronto, ON<br \/>\nM5S 1W4<br \/>\nCANADA<\/p>\n<p>+1-416-925-9405<br \/>\n<a href=\"mailto:info@vemu.ca\" target=\"_blank\" rel=\"noopener\">info@vemu.ca<\/a><\/p>\n<hr \/>\n<p><strong><a href=\"http:\/\/veebiarhiiv.digar.ee\/a\/20180221141140\/http:\/\/www.tartuinstitute.ca\/index.php?id=10443\" target=\"_blank\" rel=\"noopener\">Tartu Instituudi dr. Endel Aruja nimeline Arhiiv ja Raamatukogu<\/a><\/strong><\/p>\n<p>Kontakt:<br \/>\n310 Bloor Street West<br \/>\nToronto, ON<br \/>\nM5S 1W4<br \/>\nCANADA<\/p>\n<p>+1-416-925-9405<\/p>\n<p>Vt ka<a href=\"http:\/\/vemu.ca\/index.php\/et\/#.Vokf_BWLSM8\" target=\"_blank\" rel=\"noopener\"> <strong>VEMU\u00a0\/\u00a0Eesti\u00a0\u00d5ppet\u00f6\u00f6\u00a0Keskus<\/strong><\/a><\/p>\n<hr \/>\n<p><strong><a href=\"http:\/\/eav-bcca.balther.net\/\" target=\"_blank\" rel=\"noopener\">Eesti Arhiiv Vancouveris<\/a><\/strong><\/p>\n<p>Kontakt:<br \/>\nMeie Kodu<br \/>\n6520 Oak Street<br \/>\nVancouver, BC<br \/>\nV6P 3Z2<br \/>\nCANADA<\/p>\n<p>+1-604-922-3755<br \/>\n<a href=\"mailto:kristateas@shaw.ca\" target=\"_blank\" rel=\"noopener\">kristateas@shaw.ca<\/a><\/p>\n<hr \/>\n<p><strong>Eesti Keskarhiiv Kanadas<\/strong><\/p>\n<p>Kontakt:<br \/>\nEesti Keskarhiiv Kanadas<br \/>\n958 Broadview Avenue<br \/>\nToronto, ON<br \/>\nM4K 2R6<br \/>\nCANADA<\/p>\n<hr \/>\n<p><strong><a href=\"http:\/\/www.bac-lac.gc.ca\/eng\/Pages\/home.aspx\" target=\"_blank\" rel=\"noopener\">Kanada Raamatukogu ja Arhiiv<\/a><\/strong><\/p>\n<p>Kontakt:<br \/>\n395 Wellington Street<br \/>\nOttawa, ON<br \/>\nK1A 0N4<br \/>\nCANADA<\/p>\n<hr \/>\n<p><strong><a href=\"http:\/\/www.balther.net\/wp-content\/uploads\/2016\/03\/Valis-Eesti_piiskopkond.2011.xls\" target=\"_blank\" rel=\"noopener\">Kanada eesti koguduste arhiivid<\/a><\/strong><\/p>\n<hr \/>\n<p><strong><a href=\"http:\/\/culture.alberta.ca\/paa\/\" target=\"_blank\" rel=\"noopener\">Alberta Provinitsiarhiiv<\/a><\/strong><\/p>\n<p>Kontakt:<br \/>\n8555 Roper Road<br \/>\nEdmonton, AB<br \/>\nT6E 5W1<br \/>\nCANADA<\/p>\n<hr \/>\n<p><a href=\"https:\/\/www.lithuanianheritage.ca\/\" target=\"_blank\" rel=\"noopener\"><strong>Lithuanian Museum-Archives of Canada<\/strong><\/a><\/p>\n<p>Kontakt:<br \/>\nAnapilis Halls<br \/>\n2185 Stavebank Rd<br \/>\nMississauga, ON<br \/>\nL5C 1T3<br \/>\nCANADA<\/p>\n<p>+1-905-361-0434<br \/>\n<a href=\"mailto: klma@primus.ca\" target=\"_blank\" rel=\"noopener\">klma@primus.ca<\/a><\/p>\n<hr \/>\n<p>&nbsp;<\/p>\n","protected":false},"excerpt":{"rendered":"<p>VEMU\u00a0\/\u00a0Eesti\u00a0\u00d5ppet\u00f6\u00f6\u00a0Keskus Kontakt: 310 Bloor Street West Toronto, ON M5S 1W4 CANADA +1-416-925-9405 info@vemu.ca Tartu Instituudi dr. Endel Aruja nimeline Arhiiv ja Raamatukogu Kontakt: 310 Bloor Street West Toronto, ON M5S 1W4 CANADA +1-416-925-9405 Vt ka VEMU\u00a0\/\u00a0Eesti\u00a0\u00d5ppet\u00f6\u00f6\u00a0Keskus Eesti Arhiiv Vancouveris Kontakt: Meie Kodu 6520 Oak Street Vancouver, BC V6P 3Z2 CANADA +1-604-922-3755 kristateas@shaw.ca Eesti Keskarhiiv Kanadas Kontakt: Eesti Keskarhiiv Kanadas 958 Broadview Avenue Toronto, ON M4K 2R6 CANADA Kanada Raamatukogu ja Arhiiv Kontakt: 395 Wellington Street Ottawa, ON K1A 0N4 CANADA Kanada eesti koguduste arhiivid Alberta Provinitsiarhiiv Kontakt: 8555 Roper Road Edmonton, AB T6E 5W1 CANADA Lithuanian Museum-Archives of Canada Kontakt: Anapilis Halls 2185 Stavebank Rd Mississauga, ON L5C 1T3 CANADA +1-905-361-0434 klma@primus.ca &nbsp;<\/p>\n","protected":false},"author":5,"featured_media":0,"parent":1494,"menu_order":1,"comment_status":"closed","ping_status":"closed","template":"","meta":{"_acf_changed":false,"_monsterinsights_skip_tracking":false,"_monsterinsights_sitenote_active":false,"_monsterinsights_sitenote_note":"","_monsterinsights_sitenote_category":0,"ngg_post_thumbnail":0,"footnotes":""},"class_list":["post-1496","page","type-page","status-publish","hentry"],"acf":[],"yoast_head":"<!-- This site is optimized with the Yoast SEO plugin v24.2 - https:\/\/yoast.com\/wordpress\/plugins\/seo\/ -->\n<title>Arhiivid - BaltHerNet<\/title>\n<meta name=\"robots\" content=\"index, follow, max-snippet:-1, max-image-preview:large, max-video-preview:-1\" \/>\n<link rel=\"canonical\" href=\"https:\/\/www.balther.net\/et\/maluasutused\/kanada\/arhiivid\/\" \/>\n<meta property=\"og:locale\" content=\"et_EE\" \/>\n<meta property=\"og:type\" content=\"article\" \/>\n<meta property=\"og:title\" content=\"Arhiivid - BaltHerNet\" \/>\n<meta property=\"og:description\" content=\"VEMU\u00a0\/\u00a0Eesti\u00a0\u00d5ppet\u00f6\u00f6\u00a0Keskus Kontakt: 310 Bloor Street West Toronto, ON M5S 1W4 CANADA +1-416-925-9405 info@vemu.ca Tartu Instituudi dr. Endel Aruja nimeline Arhiiv ja Raamatukogu Kontakt: 310 Bloor Street West Toronto, ON M5S 1W4 CANADA +1-416-925-9405 Vt ka VEMU\u00a0\/\u00a0Eesti\u00a0\u00d5ppet\u00f6\u00f6\u00a0Keskus Eesti Arhiiv Vancouveris Kontakt: Meie Kodu 6520 Oak Street Vancouver, BC V6P 3Z2 CANADA +1-604-922-3755 kristateas@shaw.ca Eesti Keskarhiiv Kanadas Kontakt: Eesti Keskarhiiv Kanadas 958 Broadview Avenue Toronto, ON M4K 2R6 CANADA Kanada Raamatukogu ja Arhiiv Kontakt: 395 Wellington Street Ottawa, ON K1A 0N4 CANADA Kanada eesti koguduste arhiivid Alberta Provinitsiarhiiv Kontakt: 8555 Roper Road Edmonton, AB T6E 5W1 CANADA Lithuanian Museum-Archives of Canada Kontakt: Anapilis Halls 2185 Stavebank Rd Mississauga, ON L5C 1T3 CANADA +1-905-361-0434 klma@primus.ca &nbsp;\" \/>\n<meta property=\"og:url\" content=\"https:\/\/www.balther.net\/et\/maluasutused\/kanada\/arhiivid\/\" \/>\n<meta property=\"og:site_name\" content=\"BaltHerNet\" \/>\n<meta property=\"article:modified_time\" content=\"2021-02-28T19:52:41+00:00\" \/>\n<meta name=\"twitter:card\" content=\"summary_large_image\" \/>\n<meta name=\"twitter:label1\" content=\"Est. reading time\" \/>\n\t<meta name=\"twitter:data1\" content=\"1 minut\" \/>\n<script type=\"application\/ld+json\" class=\"yoast-schema-graph\">{\"@context\":\"https:\/\/schema.org\",\"@graph\":[{\"@type\":\"WebPage\",\"@id\":\"https:\/\/www.balther.net\/et\/maluasutused\/kanada\/arhiivid\/\",\"url\":\"https:\/\/www.balther.net\/et\/maluasutused\/kanada\/arhiivid\/\",\"name\":\"Arhiivid - BaltHerNet\",\"isPartOf\":{\"@id\":\"https:\/\/www.balther.net\/#website\"},\"datePublished\":\"2016-01-03T11:28:20+00:00\",\"dateModified\":\"2021-02-28T19:52:41+00:00\",\"breadcrumb\":{\"@id\":\"https:\/\/www.balther.net\/et\/maluasutused\/kanada\/arhiivid\/#breadcrumb\"},\"inLanguage\":\"et\",\"potentialAction\":[{\"@type\":\"ReadAction\",\"target\":[\"https:\/\/www.balther.net\/et\/maluasutused\/kanada\/arhiivid\/\"]}]},{\"@type\":\"BreadcrumbList\",\"@id\":\"https:\/\/www.balther.net\/et\/maluasutused\/kanada\/arhiivid\/#breadcrumb\",\"itemListElement\":[{\"@type\":\"ListItem\",\"position\":1,\"name\":\"Home\",\"item\":\"https:\/\/www.balther.net\/et\/\"},{\"@type\":\"ListItem\",\"position\":2,\"name\":\"M\u00e4luasutused\",\"item\":\"https:\/\/www.balther.net\/et\/maluasutused\/\"},{\"@type\":\"ListItem\",\"position\":3,\"name\":\"Kanada\",\"item\":\"https:\/\/www.balther.net\/et\/maluasutused\/kanada\/\"},{\"@type\":\"ListItem\",\"position\":4,\"name\":\"Arhiivid\"}]},{\"@type\":\"WebSite\",\"@id\":\"https:\/\/www.balther.net\/#website\",\"url\":\"https:\/\/www.balther.net\/\",\"name\":\"BaltHerNet\",\"description\":\"\",\"potentialAction\":[{\"@type\":\"SearchAction\",\"target\":{\"@type\":\"EntryPoint\",\"urlTemplate\":\"https:\/\/www.balther.net\/?s={search_term_string}\"},\"query-input\":{\"@type\":\"PropertyValueSpecification\",\"valueRequired\":true,\"valueName\":\"search_term_string\"}}],\"inLanguage\":\"et\"}]}<\/script>\n<!-- \/ Yoast SEO plugin. -->","yoast_head_json":{"title":"Arhiivid - BaltHerNet","robots":{"index":"index","follow":"follow","max-snippet":"max-snippet:-1","max-image-preview":"max-image-preview:large","max-video-preview":"max-video-preview:-1"},"canonical":"https:\/\/www.balther.net\/et\/maluasutused\/kanada\/arhiivid\/","og_locale":"et_EE","og_type":"article","og_title":"Arhiivid - BaltHerNet","og_description":"VEMU\u00a0\/\u00a0Eesti\u00a0\u00d5ppet\u00f6\u00f6\u00a0Keskus Kontakt: 310 Bloor Street West Toronto, ON M5S 1W4 CANADA +1-416-925-9405 info@vemu.ca Tartu Instituudi dr. Endel Aruja nimeline Arhiiv ja Raamatukogu Kontakt: 310 Bloor Street West Toronto, ON M5S 1W4 CANADA +1-416-925-9405 Vt ka VEMU\u00a0\/\u00a0Eesti\u00a0\u00d5ppet\u00f6\u00f6\u00a0Keskus Eesti Arhiiv Vancouveris Kontakt: Meie Kodu 6520 Oak Street Vancouver, BC V6P 3Z2 CANADA +1-604-922-3755 kristateas@shaw.ca Eesti Keskarhiiv Kanadas Kontakt: Eesti Keskarhiiv Kanadas 958 Broadview Avenue Toronto, ON M4K 2R6 CANADA Kanada Raamatukogu ja Arhiiv Kontakt: 395 Wellington Street Ottawa, ON K1A 0N4 CANADA Kanada eesti koguduste arhiivid Alberta Provinitsiarhiiv Kontakt: 8555 Roper Road Edmonton, AB T6E 5W1 CANADA Lithuanian Museum-Archives of Canada Kontakt: Anapilis Halls 2185 Stavebank Rd Mississauga, ON L5C 1T3 CANADA +1-905-361-0434 klma@primus.ca &nbsp;","og_url":"https:\/\/www.balther.net\/et\/maluasutused\/kanada\/arhiivid\/","og_site_name":"BaltHerNet","article_modified_time":"2021-02-28T19:52:41+00:00","twitter_card":"summary_large_image","twitter_misc":{"Est. reading time":"1 minut"},"schema":{"@context":"https:\/\/schema.org","@graph":[{"@type":"WebPage","@id":"https:\/\/www.balther.net\/et\/maluasutused\/kanada\/arhiivid\/","url":"https:\/\/www.balther.net\/et\/maluasutused\/kanada\/arhiivid\/","name":"Arhiivid - BaltHerNet","isPartOf":{"@id":"https:\/\/www.balther.net\/#website"},"datePublished":"2016-01-03T11:28:20+00:00","dateModified":"2021-02-28T19:52:41+00:00","breadcrumb":{"@id":"https:\/\/www.balther.net\/et\/maluasutused\/kanada\/arhiivid\/#breadcrumb"},"inLanguage":"et","potentialAction":[{"@type":"ReadAction","target":["https:\/\/www.balther.net\/et\/maluasutused\/kanada\/arhiivid\/"]}]},{"@type":"BreadcrumbList","@id":"https:\/\/www.balther.net\/et\/maluasutused\/kanada\/arhiivid\/#breadcrumb","itemListElement":[{"@type":"ListItem","position":1,"name":"Home","item":"https:\/\/www.balther.net\/et\/"},{"@type":"ListItem","position":2,"name":"M\u00e4luasutused","item":"https:\/\/www.balther.net\/et\/maluasutused\/"},{"@type":"ListItem","position":3,"name":"Kanada","item":"https:\/\/www.balther.net\/et\/maluasutused\/kanada\/"},{"@type":"ListItem","position":4,"name":"Arhiivid"}]},{"@type":"WebSite","@id":"https:\/\/www.balther.net\/#website","url":"https:\/\/www.balther.net\/","name":"BaltHerNet","description":"","potentialAction":[{"@type":"SearchAction","target":{"@type":"EntryPoint","urlTemplate":"https:\/\/www.balther.net\/?s={search_term_string}"},"query-input":{"@type":"PropertyValueSpecification","valueRequired":true,"valueName":"search_term_string"}}],"inLanguage":"et"}]}},"_links":{"self":[{"href":"https:\/\/www.balther.net\/et\/wp-json\/wp\/v2\/pages\/1496","targetHints":{"allow":["GET"]}}],"collection":[{"href":"https:\/\/www.balther.net\/et\/wp-json\/wp\/v2\/pages"}],"about":[{"href":"https:\/\/www.balther.net\/et\/wp-json\/wp\/v2\/types\/page"}],"author":[{"embeddable":true,"href":"https:\/\/www.balther.net\/et\/wp-json\/wp\/v2\/users\/5"}],"replies":[{"embeddable":true,"href":"https:\/\/www.balther.net\/et\/wp-json\/wp\/v2\/comments?post=1496"}],"version-history":[{"count":14,"href":"https:\/\/www.balther.net\/et\/wp-json\/wp\/v2\/pages\/1496\/revisions"}],"predecessor-version":[{"id":11515,"href":"https:\/\/www.balther.net\/et\/wp-json\/wp\/v2\/pages\/1496\/revisions\/11515"}],"up":[{"embeddable":true,"href":"https:\/\/www.balther.net\/et\/wp-json\/wp\/v2\/pages\/1494"}],"wp:attachment":[{"href":"https:\/\/www.balther.net\/et\/wp-json\/wp\/v2\/media?parent=1496"}],"curies":[{"name":"wp","href":"https:\/\/api.w.org\/{rel}","templated":true}]}}