{"id":1481,"date":"2016-01-03T11:19:38","date_gmt":"2016-01-03T11:19:38","guid":{"rendered":"http:\/\/uus.balther.net\/?page_id=1481&#038;lang=et"},"modified":"2016-01-17T18:22:15","modified_gmt":"2016-01-17T18:22:15","slug":"uurimiskeskused","status":"publish","type":"page","link":"https:\/\/www.balther.net\/et\/maluasutused\/eesti\/uurimiskeskused\/","title":{"rendered":"Uurimiskeskused"},"content":{"rendered":"<p><a href=\"http:\/\/www.eki.ee\/\" target=\"_blank\"><strong>Eesti Keele Instituut<\/strong><\/a><\/p>\n<p>Kontakt:<br \/>\nRoosikrantsi 6<br \/>\nTallinn<br \/>\n10119<br \/>\nESTONIA<\/p>\n<p>+372-617-7500<br \/>\n<a href=\"mailto:eki@eki.ee\">eki@eki.ee<\/a><\/p>\n<hr \/>\n<p><a href=\"http:\/\/www.kirmus.ee\/\" target=\"_blank\"><strong>Eesti Kirjandusmuuseum<\/strong><\/a><\/p>\n<p><em><a href=\"http:\/\/www.balther.net\/maluasutused\/eesti\/uurimiskeskused\/eesti-kirjandusmuuseum?lang=et\">Loe veel.<\/a><\/em><\/p>\n<p>Kontakt:<br \/>\nVanemuise 42<br \/>\nTartu<br \/>\n51003<br \/>\nESTONIA<\/p>\n<p>+372-7377-724<br \/>\n<a href=\"mailto:kirmus@kirmus.ee\" target=\"_blank\">kirmus@kirmus.ee<\/a><\/p>\n<hr \/>\n<p><strong>V\u00e4liseesti kirjanduse keskus<\/strong> (<a href=\"http:\/\/www.tlulib.ee\/\" target=\"_blank\">Tallinna \u00dclikooli Akadeemiline Raamatukogu<\/a>)<\/p>\n<p><em><a href=\"http:\/\/www.balther.net\/maluasutused\/eesti\/uurimiskeskused\/valiseesti-kirjanduse-keskus?lang=et\" target=\"_blank\">Loe veel.<\/a><\/em><\/p>\n<p>Kontakt:<br \/>\nR\u00e4vala pst 10, III korrus<br \/>\nTallinn<br \/>\n15042<br \/>\nESTONIA<\/p>\n<p>+372-665-9437<br \/>\n<a href=\"mailto:valiseesti[at]tlulib.ee\" target=\"_blank\">valiseesti@tlulib.ee<\/a><\/p>\n<hr \/>\n<p><a href=\"http:\/\/www.geograafia.ut.ee\/et\/valis-eesti-uuringute-keskus\" target=\"_blank\"><strong>V\u00e4lis-Eesti Uuringute Keskus<\/strong><\/a> (<a href=\"http:\/\/www.ut.ee\/\" target=\"_blank\">Tartu \u00dclikool<\/a>)<\/p>\n<p><em><a href=\"http:\/\/www.balther.net\/maluasutused\/eesti\/uurimiskeskused\/valis-eesti-uuringute-keskus?lang=et\">Loe veel.<\/a><\/em><\/p>\n<hr \/>\n<p><strong><a href=\"http:\/\/www.utkk.ee\/\" target=\"_blank\">Underi ja Tuglase Kirjanduskeskus<\/a><\/strong><\/p>\n<p>Kontakt:<br \/>\nRoosikrantsi 6<br \/>\nTallinn<br \/>\n10119<br \/>\nESTONIA<\/p>\n<p>+372-6443-147<br \/>\n<span id=\"cloak2706\"><a href=\"mailto:utkk@utkk.ee\" target=\"_blank\">utkk@utkk.ee<\/a><\/span><\/p>\n<hr \/>\n<p><strong><a href=\"http:\/\/www.flaj.ut.ee\/et\" target=\"_blank\">Ajaloo- ja arheoloogia instituut<\/a>\u00a0<\/strong><a href=\"http:\/\/www.ut.ee\/\" target=\"_blank\">(Tartu \u00dclikool)<\/a><\/p>\n<p>Kontakt:<br \/>\nJakobi 2 v\u00f5i Lossi 3<br \/>\nTartu<br \/>\n51003<br \/>\nESTONIA<\/p>\n<div>+372-737-5651<\/div>\n<hr \/>\n<p><a href=\"http:\/\/www.flku.ut.ee\/et\" target=\"_blank\"><strong>Kultuuriteaduste ja kunstide instituut<\/strong><\/a><strong>\u00a0<\/strong><a href=\"http:\/\/www.ut.ee\/et\" target=\"_blank\">(Tartu \u00dclikool)<\/a><\/p>\n<p>Kontakt:<br \/>\n\u00dclikooli 16<br \/>\nTartu<br \/>\n51014<br \/>\nESTONIA<\/p>\n<p>+372-737-5223<br \/>\n<a class=\"spamspan\" href=\"mailto:hille.roots%40ut.ee\" target=\"_blank\">hille.roots@ut.ee<\/a><\/p>\n<hr \/>\n<p><strong><a href=\"http:\/\/www.artun.ee\/\" target=\"_blank\">Eesti Kunstiakadeemia<\/a><\/strong><\/p>\n<hr \/>\n<p>&nbsp;<\/p>\n","protected":false},"excerpt":{"rendered":"<p>Eesti Keele Instituut Kontakt: Roosikrantsi 6 Tallinn 10119 ESTONIA +372-617-7500 eki@eki.ee Eesti Kirjandusmuuseum Loe veel. Kontakt: Vanemuise 42 Tartu 51003 ESTONIA +372-7377-724 kirmus@kirmus.ee V\u00e4liseesti kirjanduse keskus (Tallinna \u00dclikooli Akadeemiline Raamatukogu) Loe veel. Kontakt: R\u00e4vala pst 10, III korrus Tallinn 15042 ESTONIA +372-665-9437 valiseesti@tlulib.ee V\u00e4lis-Eesti Uuringute Keskus (Tartu \u00dclikool) Loe veel. Underi ja Tuglase Kirjanduskeskus Kontakt: Roosikrantsi 6 Tallinn 10119 ESTONIA +372-6443-147 utkk@utkk.ee Ajaloo- ja arheoloogia instituut\u00a0(Tartu \u00dclikool) Kontakt: Jakobi 2 v\u00f5i Lossi 3 Tartu 51003 ESTONIA +372-737-5651 Kultuuriteaduste ja kunstide instituut\u00a0(Tartu \u00dclikool) Kontakt: \u00dclikooli 16 Tartu 51014 ESTONIA +372-737-5223 hille.roots@ut.ee Eesti Kunstiakadeemia &nbsp;<\/p>\n","protected":false},"author":5,"featured_media":0,"parent":1473,"menu_order":4,"comment_status":"closed","ping_status":"closed","template":"","meta":{"_acf_changed":false,"_monsterinsights_skip_tracking":false,"_monsterinsights_sitenote_active":false,"_monsterinsights_sitenote_note":"","_monsterinsights_sitenote_category":0,"ngg_post_thumbnail":0,"footnotes":""},"class_list":["post-1481","page","type-page","status-publish","hentry"],"acf":[],"yoast_head":"<!-- This site is optimized with the Yoast SEO plugin v24.2 - https:\/\/yoast.com\/wordpress\/plugins\/seo\/ -->\n<title>Uurimiskeskused - BaltHerNet<\/title>\n<meta name=\"robots\" content=\"index, follow, max-snippet:-1, max-image-preview:large, max-video-preview:-1\" \/>\n<link rel=\"canonical\" href=\"https:\/\/www.balther.net\/et\/maluasutused\/eesti\/uurimiskeskused\/\" \/>\n<meta property=\"og:locale\" content=\"et_EE\" \/>\n<meta property=\"og:type\" content=\"article\" \/>\n<meta property=\"og:title\" content=\"Uurimiskeskused - BaltHerNet\" \/>\n<meta property=\"og:description\" content=\"Eesti Keele Instituut Kontakt: Roosikrantsi 6 Tallinn 10119 ESTONIA +372-617-7500 eki@eki.ee Eesti Kirjandusmuuseum Loe veel. Kontakt: Vanemuise 42 Tartu 51003 ESTONIA +372-7377-724 kirmus@kirmus.ee V\u00e4liseesti kirjanduse keskus (Tallinna \u00dclikooli Akadeemiline Raamatukogu) Loe veel. Kontakt: R\u00e4vala pst 10, III korrus Tallinn 15042 ESTONIA +372-665-9437 valiseesti@tlulib.ee V\u00e4lis-Eesti Uuringute Keskus (Tartu \u00dclikool) Loe veel. Underi ja Tuglase Kirjanduskeskus Kontakt: Roosikrantsi 6 Tallinn 10119 ESTONIA +372-6443-147 utkk@utkk.ee Ajaloo- ja arheoloogia instituut\u00a0(Tartu \u00dclikool) Kontakt: Jakobi 2 v\u00f5i Lossi 3 Tartu 51003 ESTONIA +372-737-5651 Kultuuriteaduste ja kunstide instituut\u00a0(Tartu \u00dclikool) Kontakt: \u00dclikooli 16 Tartu 51014 ESTONIA +372-737-5223 hille.roots@ut.ee Eesti Kunstiakadeemia &nbsp;\" \/>\n<meta property=\"og:url\" content=\"https:\/\/www.balther.net\/et\/maluasutused\/eesti\/uurimiskeskused\/\" \/>\n<meta property=\"og:site_name\" content=\"BaltHerNet\" \/>\n<meta property=\"article:modified_time\" content=\"2016-01-17T18:22:15+00:00\" \/>\n<meta name=\"twitter:card\" content=\"summary_large_image\" \/>\n<meta name=\"twitter:label1\" content=\"Est. reading time\" \/>\n\t<meta name=\"twitter:data1\" content=\"1 minut\" \/>\n<script type=\"application\/ld+json\" class=\"yoast-schema-graph\">{\"@context\":\"https:\/\/schema.org\",\"@graph\":[{\"@type\":\"WebPage\",\"@id\":\"https:\/\/www.balther.net\/et\/maluasutused\/eesti\/uurimiskeskused\/\",\"url\":\"https:\/\/www.balther.net\/et\/maluasutused\/eesti\/uurimiskeskused\/\",\"name\":\"Uurimiskeskused - BaltHerNet\",\"isPartOf\":{\"@id\":\"https:\/\/www.balther.net\/#website\"},\"datePublished\":\"2016-01-03T11:19:38+00:00\",\"dateModified\":\"2016-01-17T18:22:15+00:00\",\"breadcrumb\":{\"@id\":\"https:\/\/www.balther.net\/et\/maluasutused\/eesti\/uurimiskeskused\/#breadcrumb\"},\"inLanguage\":\"et\",\"potentialAction\":[{\"@type\":\"ReadAction\",\"target\":[\"https:\/\/www.balther.net\/et\/maluasutused\/eesti\/uurimiskeskused\/\"]}]},{\"@type\":\"BreadcrumbList\",\"@id\":\"https:\/\/www.balther.net\/et\/maluasutused\/eesti\/uurimiskeskused\/#breadcrumb\",\"itemListElement\":[{\"@type\":\"ListItem\",\"position\":1,\"name\":\"Home\",\"item\":\"https:\/\/www.balther.net\/et\/\"},{\"@type\":\"ListItem\",\"position\":2,\"name\":\"M\u00e4luasutused\",\"item\":\"https:\/\/www.balther.net\/et\/maluasutused\/\"},{\"@type\":\"ListItem\",\"position\":3,\"name\":\"Eesti\",\"item\":\"https:\/\/www.balther.net\/et\/maluasutused\/eesti\/\"},{\"@type\":\"ListItem\",\"position\":4,\"name\":\"Uurimiskeskused\"}]},{\"@type\":\"WebSite\",\"@id\":\"https:\/\/www.balther.net\/#website\",\"url\":\"https:\/\/www.balther.net\/\",\"name\":\"BaltHerNet\",\"description\":\"\",\"potentialAction\":[{\"@type\":\"SearchAction\",\"target\":{\"@type\":\"EntryPoint\",\"urlTemplate\":\"https:\/\/www.balther.net\/?s={search_term_string}\"},\"query-input\":{\"@type\":\"PropertyValueSpecification\",\"valueRequired\":true,\"valueName\":\"search_term_string\"}}],\"inLanguage\":\"et\"}]}<\/script>\n<!-- \/ Yoast SEO plugin. -->","yoast_head_json":{"title":"Uurimiskeskused - BaltHerNet","robots":{"index":"index","follow":"follow","max-snippet":"max-snippet:-1","max-image-preview":"max-image-preview:large","max-video-preview":"max-video-preview:-1"},"canonical":"https:\/\/www.balther.net\/et\/maluasutused\/eesti\/uurimiskeskused\/","og_locale":"et_EE","og_type":"article","og_title":"Uurimiskeskused - BaltHerNet","og_description":"Eesti Keele Instituut Kontakt: Roosikrantsi 6 Tallinn 10119 ESTONIA +372-617-7500 eki@eki.ee Eesti Kirjandusmuuseum Loe veel. Kontakt: Vanemuise 42 Tartu 51003 ESTONIA +372-7377-724 kirmus@kirmus.ee V\u00e4liseesti kirjanduse keskus (Tallinna \u00dclikooli Akadeemiline Raamatukogu) Loe veel. Kontakt: R\u00e4vala pst 10, III korrus Tallinn 15042 ESTONIA +372-665-9437 valiseesti@tlulib.ee V\u00e4lis-Eesti Uuringute Keskus (Tartu \u00dclikool) Loe veel. Underi ja Tuglase Kirjanduskeskus Kontakt: Roosikrantsi 6 Tallinn 10119 ESTONIA +372-6443-147 utkk@utkk.ee Ajaloo- ja arheoloogia instituut\u00a0(Tartu \u00dclikool) Kontakt: Jakobi 2 v\u00f5i Lossi 3 Tartu 51003 ESTONIA +372-737-5651 Kultuuriteaduste ja kunstide instituut\u00a0(Tartu \u00dclikool) Kontakt: \u00dclikooli 16 Tartu 51014 ESTONIA +372-737-5223 hille.roots@ut.ee Eesti Kunstiakadeemia &nbsp;","og_url":"https:\/\/www.balther.net\/et\/maluasutused\/eesti\/uurimiskeskused\/","og_site_name":"BaltHerNet","article_modified_time":"2016-01-17T18:22:15+00:00","twitter_card":"summary_large_image","twitter_misc":{"Est. reading time":"1 minut"},"schema":{"@context":"https:\/\/schema.org","@graph":[{"@type":"WebPage","@id":"https:\/\/www.balther.net\/et\/maluasutused\/eesti\/uurimiskeskused\/","url":"https:\/\/www.balther.net\/et\/maluasutused\/eesti\/uurimiskeskused\/","name":"Uurimiskeskused - BaltHerNet","isPartOf":{"@id":"https:\/\/www.balther.net\/#website"},"datePublished":"2016-01-03T11:19:38+00:00","dateModified":"2016-01-17T18:22:15+00:00","breadcrumb":{"@id":"https:\/\/www.balther.net\/et\/maluasutused\/eesti\/uurimiskeskused\/#breadcrumb"},"inLanguage":"et","potentialAction":[{"@type":"ReadAction","target":["https:\/\/www.balther.net\/et\/maluasutused\/eesti\/uurimiskeskused\/"]}]},{"@type":"BreadcrumbList","@id":"https:\/\/www.balther.net\/et\/maluasutused\/eesti\/uurimiskeskused\/#breadcrumb","itemListElement":[{"@type":"ListItem","position":1,"name":"Home","item":"https:\/\/www.balther.net\/et\/"},{"@type":"ListItem","position":2,"name":"M\u00e4luasutused","item":"https:\/\/www.balther.net\/et\/maluasutused\/"},{"@type":"ListItem","position":3,"name":"Eesti","item":"https:\/\/www.balther.net\/et\/maluasutused\/eesti\/"},{"@type":"ListItem","position":4,"name":"Uurimiskeskused"}]},{"@type":"WebSite","@id":"https:\/\/www.balther.net\/#website","url":"https:\/\/www.balther.net\/","name":"BaltHerNet","description":"","potentialAction":[{"@type":"SearchAction","target":{"@type":"EntryPoint","urlTemplate":"https:\/\/www.balther.net\/?s={search_term_string}"},"query-input":{"@type":"PropertyValueSpecification","valueRequired":true,"valueName":"search_term_string"}}],"inLanguage":"et"}]}},"_links":{"self":[{"href":"https:\/\/www.balther.net\/et\/wp-json\/wp\/v2\/pages\/1481","targetHints":{"allow":["GET"]}}],"collection":[{"href":"https:\/\/www.balther.net\/et\/wp-json\/wp\/v2\/pages"}],"about":[{"href":"https:\/\/www.balther.net\/et\/wp-json\/wp\/v2\/types\/page"}],"author":[{"embeddable":true,"href":"https:\/\/www.balther.net\/et\/wp-json\/wp\/v2\/users\/5"}],"replies":[{"embeddable":true,"href":"https:\/\/www.balther.net\/et\/wp-json\/wp\/v2\/comments?post=1481"}],"version-history":[{"count":17,"href":"https:\/\/www.balther.net\/et\/wp-json\/wp\/v2\/pages\/1481\/revisions"}],"predecessor-version":[{"id":2805,"href":"https:\/\/www.balther.net\/et\/wp-json\/wp\/v2\/pages\/1481\/revisions\/2805"}],"up":[{"embeddable":true,"href":"https:\/\/www.balther.net\/et\/wp-json\/wp\/v2\/pages\/1473"}],"wp:attachment":[{"href":"https:\/\/www.balther.net\/et\/wp-json\/wp\/v2\/media?parent=1481"}],"curies":[{"name":"wp","href":"https:\/\/api.w.org\/{rel}","templated":true}]}}