{"id":1479,"date":"2016-01-03T11:19:12","date_gmt":"2016-01-03T11:19:12","guid":{"rendered":"http:\/\/uus.balther.net\/?page_id=1479&#038;lang=et"},"modified":"2016-01-03T16:40:12","modified_gmt":"2016-01-03T16:40:12","slug":"muuseumid","status":"publish","type":"page","link":"https:\/\/www.balther.net\/et\/maluasutused\/eesti\/muuseumid\/","title":{"rendered":"Muuseumid"},"content":{"rendered":"<p><a href=\"http:\/\/www.kirmus.ee\/\" target=\"_blank\"><strong>Eesti Kirjandusmuuseum<\/strong><\/a><\/p>\n<p><em><a href=\"http:\/\/www.balther.net\/maluasutused\/eesti\/muuseumid\/eesti-kirjandusmuuseum?lang=et\">Loe veel.<\/a><\/em><\/p>\n<p>Kontakt:<br \/>\nVanemuise 42<br \/>\nTartu<br \/>\n51003<br \/>\nESTONIA<\/p>\n<p>+372-7377-700<br \/>\n<a href=\"mailto:kirmus@kirmus.ee\" target=\"_blank\">kirmus@kirmus.ee<\/a><\/p>\n<hr \/>\n<p><a href=\"http:\/\/kunstimuuseum.ekm.ee\/\" target=\"_blank\"><strong>Eesti Kunstimuuseum<\/strong><\/a><\/p>\n<p>Kontakt:<br \/>\nWeizenbergi 34 \/ Valge 1<br \/>\nTallinn<br \/>\n10127<br \/>\nESTONIA<\/p>\n<p>+372-602-6002<br \/>\n<a href=\"mailto:kumu.info@ekm.ee\" target=\"_blank\">kumu.info@ekm.ee<\/a><\/p>\n<hr \/>\n<p><a href=\"http:\/\/www.erm.ee\/\" target=\"_blank\"><strong>Eesti Rahva Muuseum<\/strong><\/a><\/p>\n<p>Kontakt:<br \/>\nVeski 32<br \/>\nTartu<br \/>\n51014<br \/>\nESTONIA<\/p>\n<p>+372-735-0400<br \/>\n<a href=\"mailto:erm@erm.ee\" target=\"_blank\">erm@erm.ee<\/a><\/p>\n<hr \/>\n<p><a href=\"http:\/\/www.spordimuuseum.ee\/\" target=\"_blank\"><strong>Eesti Spordimuuseum<\/strong><\/a><\/p>\n<p>Kontakt:<br \/>\nR\u00fc\u00fctli 15<br \/>\nTartu<br \/>\n51007<br \/>\nESTONIA<\/p>\n<p>+372-730-0750<br \/>\n<a href=\"mailto:info@spordimuuseum.ee\" target=\"_blank\">info@spordimuuseum.ee<\/a><\/p>\n<hr \/>\n<p><a href=\"http:\/\/www.tmm.ee\/\" target=\"_blank\"><strong>Eesti Teatri- ja Muusikamuuseum<\/strong><\/a><\/p>\n<p>Kontakt:<br \/>\nM\u00fc\u00fcrivahe 12<br \/>\nTallinn<br \/>\n10146<br \/>\nESTONIA<\/p>\n<p>+372-6446-407<br \/>\n<a href=\"mailto:info@tmm.ee\" target=\"_blank\">info@tmm.ee<\/a><\/p>\n<hr \/>\n<p><a href=\"http:\/\/www.muuseum.hiiumaa.ee\/\" target=\"_blank\"><strong>Hiiumaa Muuseum<\/strong><\/a><\/p>\n<p>Kontakt:<br \/>\nVabrikuv\u00e4ljak 8<br \/>\nK\u00e4rdla<br \/>\nHiiumaa<br \/>\n92411<br \/>\nESTONIA<\/p>\n<p>+372-463-2091<br \/>\n<a href=\"mailto:info@muuseum.hiiumaa.ee\" target=\"_blank\">info@muuseum.hiiumaa.ee<\/a><\/p>\n<hr \/>\n<p><a href=\"http:\/\/www.okupatsioon.ee\/\" target=\"_blank\"><strong>Okupatsioonide Muuseum<\/strong><\/a><\/p>\n<p>Kontakt:<br \/>\nToompea 8<br \/>\nTallinn<br \/>\n10142<br \/>\nESTONIA<\/p>\n<p>+372-668-0250<br \/>\n<span id=\"cloak25183\"><a href=\"mailto:muuseum@okupatsioon.ee\" target=\"_blank\">muuseum@okupatsioon.ee<\/a><\/span><\/p>\n<hr \/>\n<p><a href=\"http:\/\/www.tartmus.ee\/\" target=\"_blank\"><strong>Tartu Kunstimuuseum<\/strong><\/a><\/p>\n<p>Kontakt:<br \/>\nRaekoja plats 18<br \/>\nTartu<br \/>\n51004<br \/>\nESTONIA<\/p>\n<p>+372-744-1080<br \/>\n<a class=\"link\" title=\"tartmus@tartmus.ee\" href=\"http:\/\/www.tartmus.ee\/en\/tartmus@tartmus.ee\" target=\"_blank\">tartmus@tartmus.ee<\/a><\/p>\n<hr \/>\n<p>&nbsp;<\/p>\n","protected":false},"excerpt":{"rendered":"<p>Eesti Kirjandusmuuseum Loe veel. Kontakt: Vanemuise 42 Tartu 51003 ESTONIA +372-7377-700 kirmus@kirmus.ee Eesti Kunstimuuseum Kontakt: Weizenbergi 34 \/ Valge 1 Tallinn 10127 ESTONIA +372-602-6002 kumu.info@ekm.ee Eesti Rahva Muuseum Kontakt: Veski 32 Tartu 51014 ESTONIA +372-735-0400 erm@erm.ee Eesti Spordimuuseum Kontakt: R\u00fc\u00fctli 15 Tartu 51007 ESTONIA +372-730-0750 info@spordimuuseum.ee Eesti Teatri- ja Muusikamuuseum Kontakt: M\u00fc\u00fcrivahe 12 Tallinn 10146 ESTONIA +372-6446-407 info@tmm.ee Hiiumaa Muuseum Kontakt: Vabrikuv\u00e4ljak 8 K\u00e4rdla Hiiumaa 92411 ESTONIA +372-463-2091 info@muuseum.hiiumaa.ee Okupatsioonide Muuseum Kontakt: Toompea 8 Tallinn 10142 ESTONIA +372-668-0250 muuseum@okupatsioon.ee Tartu Kunstimuuseum Kontakt: Raekoja plats 18 Tartu 51004 ESTONIA +372-744-1080 tartmus@tartmus.ee &nbsp;<\/p>\n","protected":false},"author":5,"featured_media":0,"parent":1473,"menu_order":3,"comment_status":"closed","ping_status":"closed","template":"","meta":{"_acf_changed":false,"_monsterinsights_skip_tracking":false,"_monsterinsights_sitenote_active":false,"_monsterinsights_sitenote_note":"","_monsterinsights_sitenote_category":0,"ngg_post_thumbnail":0,"footnotes":""},"class_list":["post-1479","page","type-page","status-publish","hentry"],"acf":[],"yoast_head":"<!-- This site is optimized with the Yoast SEO plugin v24.2 - https:\/\/yoast.com\/wordpress\/plugins\/seo\/ -->\n<title>Muuseumid - BaltHerNet<\/title>\n<meta name=\"robots\" content=\"index, follow, max-snippet:-1, max-image-preview:large, max-video-preview:-1\" \/>\n<link rel=\"canonical\" href=\"https:\/\/www.balther.net\/et\/maluasutused\/eesti\/muuseumid\/\" \/>\n<meta property=\"og:locale\" content=\"et_EE\" \/>\n<meta property=\"og:type\" content=\"article\" \/>\n<meta property=\"og:title\" content=\"Muuseumid - BaltHerNet\" \/>\n<meta property=\"og:description\" content=\"Eesti Kirjandusmuuseum Loe veel. Kontakt: Vanemuise 42 Tartu 51003 ESTONIA +372-7377-700 kirmus@kirmus.ee Eesti Kunstimuuseum Kontakt: Weizenbergi 34 \/ Valge 1 Tallinn 10127 ESTONIA +372-602-6002 kumu.info@ekm.ee Eesti Rahva Muuseum Kontakt: Veski 32 Tartu 51014 ESTONIA +372-735-0400 erm@erm.ee Eesti Spordimuuseum Kontakt: R\u00fc\u00fctli 15 Tartu 51007 ESTONIA +372-730-0750 info@spordimuuseum.ee Eesti Teatri- ja Muusikamuuseum Kontakt: M\u00fc\u00fcrivahe 12 Tallinn 10146 ESTONIA +372-6446-407 info@tmm.ee Hiiumaa Muuseum Kontakt: Vabrikuv\u00e4ljak 8 K\u00e4rdla Hiiumaa 92411 ESTONIA +372-463-2091 info@muuseum.hiiumaa.ee Okupatsioonide Muuseum Kontakt: Toompea 8 Tallinn 10142 ESTONIA +372-668-0250 muuseum@okupatsioon.ee Tartu Kunstimuuseum Kontakt: Raekoja plats 18 Tartu 51004 ESTONIA +372-744-1080 tartmus@tartmus.ee &nbsp;\" \/>\n<meta property=\"og:url\" content=\"https:\/\/www.balther.net\/et\/maluasutused\/eesti\/muuseumid\/\" \/>\n<meta property=\"og:site_name\" content=\"BaltHerNet\" \/>\n<meta property=\"article:modified_time\" content=\"2016-01-03T16:40:12+00:00\" \/>\n<meta name=\"twitter:card\" content=\"summary_large_image\" \/>\n<meta name=\"twitter:label1\" content=\"Est. reading time\" \/>\n\t<meta name=\"twitter:data1\" content=\"1 minut\" \/>\n<script type=\"application\/ld+json\" class=\"yoast-schema-graph\">{\"@context\":\"https:\/\/schema.org\",\"@graph\":[{\"@type\":\"WebPage\",\"@id\":\"https:\/\/www.balther.net\/et\/maluasutused\/eesti\/muuseumid\/\",\"url\":\"https:\/\/www.balther.net\/et\/maluasutused\/eesti\/muuseumid\/\",\"name\":\"Muuseumid - BaltHerNet\",\"isPartOf\":{\"@id\":\"https:\/\/www.balther.net\/#website\"},\"datePublished\":\"2016-01-03T11:19:12+00:00\",\"dateModified\":\"2016-01-03T16:40:12+00:00\",\"breadcrumb\":{\"@id\":\"https:\/\/www.balther.net\/et\/maluasutused\/eesti\/muuseumid\/#breadcrumb\"},\"inLanguage\":\"et\",\"potentialAction\":[{\"@type\":\"ReadAction\",\"target\":[\"https:\/\/www.balther.net\/et\/maluasutused\/eesti\/muuseumid\/\"]}]},{\"@type\":\"BreadcrumbList\",\"@id\":\"https:\/\/www.balther.net\/et\/maluasutused\/eesti\/muuseumid\/#breadcrumb\",\"itemListElement\":[{\"@type\":\"ListItem\",\"position\":1,\"name\":\"Home\",\"item\":\"https:\/\/www.balther.net\/et\/\"},{\"@type\":\"ListItem\",\"position\":2,\"name\":\"M\u00e4luasutused\",\"item\":\"https:\/\/www.balther.net\/et\/maluasutused\/\"},{\"@type\":\"ListItem\",\"position\":3,\"name\":\"Eesti\",\"item\":\"https:\/\/www.balther.net\/et\/maluasutused\/eesti\/\"},{\"@type\":\"ListItem\",\"position\":4,\"name\":\"Muuseumid\"}]},{\"@type\":\"WebSite\",\"@id\":\"https:\/\/www.balther.net\/#website\",\"url\":\"https:\/\/www.balther.net\/\",\"name\":\"BaltHerNet\",\"description\":\"\",\"potentialAction\":[{\"@type\":\"SearchAction\",\"target\":{\"@type\":\"EntryPoint\",\"urlTemplate\":\"https:\/\/www.balther.net\/?s={search_term_string}\"},\"query-input\":{\"@type\":\"PropertyValueSpecification\",\"valueRequired\":true,\"valueName\":\"search_term_string\"}}],\"inLanguage\":\"et\"}]}<\/script>\n<!-- \/ Yoast SEO plugin. -->","yoast_head_json":{"title":"Muuseumid - BaltHerNet","robots":{"index":"index","follow":"follow","max-snippet":"max-snippet:-1","max-image-preview":"max-image-preview:large","max-video-preview":"max-video-preview:-1"},"canonical":"https:\/\/www.balther.net\/et\/maluasutused\/eesti\/muuseumid\/","og_locale":"et_EE","og_type":"article","og_title":"Muuseumid - BaltHerNet","og_description":"Eesti Kirjandusmuuseum Loe veel. Kontakt: Vanemuise 42 Tartu 51003 ESTONIA +372-7377-700 kirmus@kirmus.ee Eesti Kunstimuuseum Kontakt: Weizenbergi 34 \/ Valge 1 Tallinn 10127 ESTONIA +372-602-6002 kumu.info@ekm.ee Eesti Rahva Muuseum Kontakt: Veski 32 Tartu 51014 ESTONIA +372-735-0400 erm@erm.ee Eesti Spordimuuseum Kontakt: R\u00fc\u00fctli 15 Tartu 51007 ESTONIA +372-730-0750 info@spordimuuseum.ee Eesti Teatri- ja Muusikamuuseum Kontakt: M\u00fc\u00fcrivahe 12 Tallinn 10146 ESTONIA +372-6446-407 info@tmm.ee Hiiumaa Muuseum Kontakt: Vabrikuv\u00e4ljak 8 K\u00e4rdla Hiiumaa 92411 ESTONIA +372-463-2091 info@muuseum.hiiumaa.ee Okupatsioonide Muuseum Kontakt: Toompea 8 Tallinn 10142 ESTONIA +372-668-0250 muuseum@okupatsioon.ee Tartu Kunstimuuseum Kontakt: Raekoja plats 18 Tartu 51004 ESTONIA +372-744-1080 tartmus@tartmus.ee &nbsp;","og_url":"https:\/\/www.balther.net\/et\/maluasutused\/eesti\/muuseumid\/","og_site_name":"BaltHerNet","article_modified_time":"2016-01-03T16:40:12+00:00","twitter_card":"summary_large_image","twitter_misc":{"Est. reading time":"1 minut"},"schema":{"@context":"https:\/\/schema.org","@graph":[{"@type":"WebPage","@id":"https:\/\/www.balther.net\/et\/maluasutused\/eesti\/muuseumid\/","url":"https:\/\/www.balther.net\/et\/maluasutused\/eesti\/muuseumid\/","name":"Muuseumid - BaltHerNet","isPartOf":{"@id":"https:\/\/www.balther.net\/#website"},"datePublished":"2016-01-03T11:19:12+00:00","dateModified":"2016-01-03T16:40:12+00:00","breadcrumb":{"@id":"https:\/\/www.balther.net\/et\/maluasutused\/eesti\/muuseumid\/#breadcrumb"},"inLanguage":"et","potentialAction":[{"@type":"ReadAction","target":["https:\/\/www.balther.net\/et\/maluasutused\/eesti\/muuseumid\/"]}]},{"@type":"BreadcrumbList","@id":"https:\/\/www.balther.net\/et\/maluasutused\/eesti\/muuseumid\/#breadcrumb","itemListElement":[{"@type":"ListItem","position":1,"name":"Home","item":"https:\/\/www.balther.net\/et\/"},{"@type":"ListItem","position":2,"name":"M\u00e4luasutused","item":"https:\/\/www.balther.net\/et\/maluasutused\/"},{"@type":"ListItem","position":3,"name":"Eesti","item":"https:\/\/www.balther.net\/et\/maluasutused\/eesti\/"},{"@type":"ListItem","position":4,"name":"Muuseumid"}]},{"@type":"WebSite","@id":"https:\/\/www.balther.net\/#website","url":"https:\/\/www.balther.net\/","name":"BaltHerNet","description":"","potentialAction":[{"@type":"SearchAction","target":{"@type":"EntryPoint","urlTemplate":"https:\/\/www.balther.net\/?s={search_term_string}"},"query-input":{"@type":"PropertyValueSpecification","valueRequired":true,"valueName":"search_term_string"}}],"inLanguage":"et"}]}},"_links":{"self":[{"href":"https:\/\/www.balther.net\/et\/wp-json\/wp\/v2\/pages\/1479","targetHints":{"allow":["GET"]}}],"collection":[{"href":"https:\/\/www.balther.net\/et\/wp-json\/wp\/v2\/pages"}],"about":[{"href":"https:\/\/www.balther.net\/et\/wp-json\/wp\/v2\/types\/page"}],"author":[{"embeddable":true,"href":"https:\/\/www.balther.net\/et\/wp-json\/wp\/v2\/users\/5"}],"replies":[{"embeddable":true,"href":"https:\/\/www.balther.net\/et\/wp-json\/wp\/v2\/comments?post=1479"}],"version-history":[{"count":11,"href":"https:\/\/www.balther.net\/et\/wp-json\/wp\/v2\/pages\/1479\/revisions"}],"predecessor-version":[{"id":1868,"href":"https:\/\/www.balther.net\/et\/wp-json\/wp\/v2\/pages\/1479\/revisions\/1868"}],"up":[{"embeddable":true,"href":"https:\/\/www.balther.net\/et\/wp-json\/wp\/v2\/pages\/1473"}],"wp:attachment":[{"href":"https:\/\/www.balther.net\/et\/wp-json\/wp\/v2\/media?parent=1479"}],"curies":[{"name":"wp","href":"https:\/\/api.w.org\/{rel}","templated":true}]}}