{"id":1477,"date":"2016-01-03T11:18:47","date_gmt":"2016-01-03T11:18:47","guid":{"rendered":"http:\/\/uus.balther.net\/?page_id=1477&#038;lang=et"},"modified":"2016-01-17T18:14:42","modified_gmt":"2016-01-17T18:14:42","slug":"raamatukogud","status":"publish","type":"page","link":"https:\/\/www.balther.net\/et\/maluasutused\/eesti\/raamatukogud\/","title":{"rendered":"Raamatukogud"},"content":{"rendered":"<p><a href=\"http:\/\/www.tlulib.ee\/\" target=\"_blank\"><strong>Tallinna \u00dclikooli Akadeemiline Raamatukogu<\/strong><\/a><\/p>\n<p><em><a href=\"http:\/\/www.balther.net\/maluasutused\/eesti\/raamatukogud\/1839-2?lang=et\">Loe veel.<\/a><\/em><\/p>\n<p>Kontakt:<br \/>\nR\u00e4vala pst 10<br \/>\nTallinn<br \/>\n15042<br \/>\nESTONIA<\/p>\n<p>+372-6659-439<br \/>\n<a href=\"mailto:tlulib@tlulib.ee\" target=\"_blank\">tlulib@tlulib.ee<\/a><\/p>\n<hr \/>\n<p><strong>Arhiivraamatukogu<\/strong> (<a href=\"http:\/\/www.kirmus.ee\/\" target=\"_blank\">Eesti Kirjandusmuuseum<\/a>)<\/p>\n<p><em><a href=\"http:\/\/www.balther.net\/et\/maluasutused\/eesti\/raamatukogud\/arhiivraamatukogu\/\">Loe veel.<\/a><\/em><\/p>\n<p>Kontakt:<br \/>\nVanemuise 42<br \/>\nTartu<br \/>\n51003<br \/>\nESTONIA<\/p>\n<p>+372-7377-709<br \/>\n<a href=\"mailto:merike[at]kirmus.ee\">merike@kirmus.ee<\/a><\/p>\n<hr \/>\n<p><a href=\"http:\/\/www.nlib.ee\/\" target=\"_blank\"><strong>Eesti Rahvusraamatukogu<\/strong><\/a><\/p>\n<p>Kontakt:<br \/>\nT\u00f5nism\u00e4gi 2<br \/>\nTallinn<br \/>\n15189<br \/>\nESTONIA<\/p>\n<p>+372-630-7611<br \/>\n<a href=\"mailto:nlib@nlib.ee\" target=\"_blank\">nlib@nlib.ee<\/a><\/p>\n<hr \/>\n<p><a href=\"http:\/\/www.utlib.ee\/\" target=\"_blank\"><strong>Tartu \u00dclikooli Raamatukogu<\/strong><\/a><\/p>\n<p>Kontakt:<br \/>\nW. Struve 1<br \/>\nTartu<br \/>\n50091<br \/>\nESTONIA<\/p>\n<p>+372-7375-702<br \/>\n<a href=\"mailto:library@utlib.ee\" target=\"_blank\">library@utlib.ee<\/a><\/p>\n<hr \/>\n<p><a href=\"http:\/\/www.luts.ee\/\" target=\"_blank\"><strong>Tartu Oskar Lutsu nimeline Linnaraamatukogu<\/strong><\/a><\/p>\n<p>Kontakt:<br \/>\nKompanii 3\/5<br \/>\nTartu<br \/>\n51004<br \/>\nESTONIA<\/p>\n<p>+372-736-1382<br \/>\n<span id=\"cloak33634\"><a href=\"mailto:oskar@luts.ee\" target=\"_blank\">oskar@luts.ee<\/a><\/span><\/p>\n<hr \/>\n<p><a href=\"http:\/\/lib.werro.ee\/\" target=\"_blank\"><strong>V\u00f5rumaa Keskraamatukogu<\/strong><\/a><\/p>\n<p>Kontakt:<br \/>\nJ\u00fcri 54<br \/>\nV\u00f5ru<br \/>\n65604<br \/>\nESTONIA<\/p>\n<p><a href=\"mailto:raamatukogu@voru.ee\" target=\"_blank\">raamatukogu@voru.ee<\/a><\/p>\n<hr \/>\n<p>&nbsp;<\/p>\n","protected":false},"excerpt":{"rendered":"<p>Tallinna \u00dclikooli Akadeemiline Raamatukogu Loe veel. Kontakt: R\u00e4vala pst 10 Tallinn 15042 ESTONIA +372-6659-439 tlulib@tlulib.ee Arhiivraamatukogu (Eesti Kirjandusmuuseum) Loe veel. Kontakt: Vanemuise 42 Tartu 51003 ESTONIA +372-7377-709 merike@kirmus.ee Eesti Rahvusraamatukogu Kontakt: T\u00f5nism\u00e4gi 2 Tallinn 15189 ESTONIA +372-630-7611 nlib@nlib.ee Tartu \u00dclikooli Raamatukogu Kontakt: W. Struve 1 Tartu 50091 ESTONIA +372-7375-702 library@utlib.ee Tartu Oskar Lutsu nimeline Linnaraamatukogu Kontakt: Kompanii 3\/5 Tartu 51004 ESTONIA +372-736-1382 oskar@luts.ee V\u00f5rumaa Keskraamatukogu Kontakt: J\u00fcri 54 V\u00f5ru 65604 ESTONIA raamatukogu@voru.ee &nbsp;<\/p>\n","protected":false},"author":5,"featured_media":0,"parent":1473,"menu_order":2,"comment_status":"closed","ping_status":"closed","template":"","meta":{"_acf_changed":false,"_monsterinsights_skip_tracking":false,"_monsterinsights_sitenote_active":false,"_monsterinsights_sitenote_note":"","_monsterinsights_sitenote_category":0,"ngg_post_thumbnail":0,"footnotes":""},"class_list":["post-1477","page","type-page","status-publish","hentry"],"acf":[],"yoast_head":"<!-- This site is optimized with the Yoast SEO plugin v24.2 - https:\/\/yoast.com\/wordpress\/plugins\/seo\/ -->\n<title>Raamatukogud - BaltHerNet<\/title>\n<meta name=\"robots\" content=\"index, follow, max-snippet:-1, max-image-preview:large, max-video-preview:-1\" \/>\n<link rel=\"canonical\" href=\"https:\/\/www.balther.net\/et\/maluasutused\/eesti\/raamatukogud\/\" \/>\n<meta property=\"og:locale\" content=\"et_EE\" \/>\n<meta property=\"og:type\" content=\"article\" \/>\n<meta property=\"og:title\" content=\"Raamatukogud - BaltHerNet\" \/>\n<meta property=\"og:description\" content=\"Tallinna \u00dclikooli Akadeemiline Raamatukogu Loe veel. Kontakt: R\u00e4vala pst 10 Tallinn 15042 ESTONIA +372-6659-439 tlulib@tlulib.ee Arhiivraamatukogu (Eesti Kirjandusmuuseum) Loe veel. Kontakt: Vanemuise 42 Tartu 51003 ESTONIA +372-7377-709 merike@kirmus.ee Eesti Rahvusraamatukogu Kontakt: T\u00f5nism\u00e4gi 2 Tallinn 15189 ESTONIA +372-630-7611 nlib@nlib.ee Tartu \u00dclikooli Raamatukogu Kontakt: W. Struve 1 Tartu 50091 ESTONIA +372-7375-702 library@utlib.ee Tartu Oskar Lutsu nimeline Linnaraamatukogu Kontakt: Kompanii 3\/5 Tartu 51004 ESTONIA +372-736-1382 oskar@luts.ee V\u00f5rumaa Keskraamatukogu Kontakt: J\u00fcri 54 V\u00f5ru 65604 ESTONIA raamatukogu@voru.ee &nbsp;\" \/>\n<meta property=\"og:url\" content=\"https:\/\/www.balther.net\/et\/maluasutused\/eesti\/raamatukogud\/\" \/>\n<meta property=\"og:site_name\" content=\"BaltHerNet\" \/>\n<meta property=\"article:modified_time\" content=\"2016-01-17T18:14:42+00:00\" \/>\n<meta name=\"twitter:card\" content=\"summary_large_image\" \/>\n<script type=\"application\/ld+json\" class=\"yoast-schema-graph\">{\"@context\":\"https:\/\/schema.org\",\"@graph\":[{\"@type\":\"WebPage\",\"@id\":\"https:\/\/www.balther.net\/et\/maluasutused\/eesti\/raamatukogud\/\",\"url\":\"https:\/\/www.balther.net\/et\/maluasutused\/eesti\/raamatukogud\/\",\"name\":\"Raamatukogud - BaltHerNet\",\"isPartOf\":{\"@id\":\"https:\/\/www.balther.net\/#website\"},\"datePublished\":\"2016-01-03T11:18:47+00:00\",\"dateModified\":\"2016-01-17T18:14:42+00:00\",\"breadcrumb\":{\"@id\":\"https:\/\/www.balther.net\/et\/maluasutused\/eesti\/raamatukogud\/#breadcrumb\"},\"inLanguage\":\"et\",\"potentialAction\":[{\"@type\":\"ReadAction\",\"target\":[\"https:\/\/www.balther.net\/et\/maluasutused\/eesti\/raamatukogud\/\"]}]},{\"@type\":\"BreadcrumbList\",\"@id\":\"https:\/\/www.balther.net\/et\/maluasutused\/eesti\/raamatukogud\/#breadcrumb\",\"itemListElement\":[{\"@type\":\"ListItem\",\"position\":1,\"name\":\"Home\",\"item\":\"https:\/\/www.balther.net\/et\/\"},{\"@type\":\"ListItem\",\"position\":2,\"name\":\"M\u00e4luasutused\",\"item\":\"https:\/\/www.balther.net\/et\/maluasutused\/\"},{\"@type\":\"ListItem\",\"position\":3,\"name\":\"Eesti\",\"item\":\"https:\/\/www.balther.net\/et\/maluasutused\/eesti\/\"},{\"@type\":\"ListItem\",\"position\":4,\"name\":\"Raamatukogud\"}]},{\"@type\":\"WebSite\",\"@id\":\"https:\/\/www.balther.net\/#website\",\"url\":\"https:\/\/www.balther.net\/\",\"name\":\"BaltHerNet\",\"description\":\"\",\"potentialAction\":[{\"@type\":\"SearchAction\",\"target\":{\"@type\":\"EntryPoint\",\"urlTemplate\":\"https:\/\/www.balther.net\/?s={search_term_string}\"},\"query-input\":{\"@type\":\"PropertyValueSpecification\",\"valueRequired\":true,\"valueName\":\"search_term_string\"}}],\"inLanguage\":\"et\"}]}<\/script>\n<!-- \/ Yoast SEO plugin. -->","yoast_head_json":{"title":"Raamatukogud - BaltHerNet","robots":{"index":"index","follow":"follow","max-snippet":"max-snippet:-1","max-image-preview":"max-image-preview:large","max-video-preview":"max-video-preview:-1"},"canonical":"https:\/\/www.balther.net\/et\/maluasutused\/eesti\/raamatukogud\/","og_locale":"et_EE","og_type":"article","og_title":"Raamatukogud - BaltHerNet","og_description":"Tallinna \u00dclikooli Akadeemiline Raamatukogu Loe veel. Kontakt: R\u00e4vala pst 10 Tallinn 15042 ESTONIA +372-6659-439 tlulib@tlulib.ee Arhiivraamatukogu (Eesti Kirjandusmuuseum) Loe veel. Kontakt: Vanemuise 42 Tartu 51003 ESTONIA +372-7377-709 merike@kirmus.ee Eesti Rahvusraamatukogu Kontakt: T\u00f5nism\u00e4gi 2 Tallinn 15189 ESTONIA +372-630-7611 nlib@nlib.ee Tartu \u00dclikooli Raamatukogu Kontakt: W. Struve 1 Tartu 50091 ESTONIA +372-7375-702 library@utlib.ee Tartu Oskar Lutsu nimeline Linnaraamatukogu Kontakt: Kompanii 3\/5 Tartu 51004 ESTONIA +372-736-1382 oskar@luts.ee V\u00f5rumaa Keskraamatukogu Kontakt: J\u00fcri 54 V\u00f5ru 65604 ESTONIA raamatukogu@voru.ee &nbsp;","og_url":"https:\/\/www.balther.net\/et\/maluasutused\/eesti\/raamatukogud\/","og_site_name":"BaltHerNet","article_modified_time":"2016-01-17T18:14:42+00:00","twitter_card":"summary_large_image","schema":{"@context":"https:\/\/schema.org","@graph":[{"@type":"WebPage","@id":"https:\/\/www.balther.net\/et\/maluasutused\/eesti\/raamatukogud\/","url":"https:\/\/www.balther.net\/et\/maluasutused\/eesti\/raamatukogud\/","name":"Raamatukogud - BaltHerNet","isPartOf":{"@id":"https:\/\/www.balther.net\/#website"},"datePublished":"2016-01-03T11:18:47+00:00","dateModified":"2016-01-17T18:14:42+00:00","breadcrumb":{"@id":"https:\/\/www.balther.net\/et\/maluasutused\/eesti\/raamatukogud\/#breadcrumb"},"inLanguage":"et","potentialAction":[{"@type":"ReadAction","target":["https:\/\/www.balther.net\/et\/maluasutused\/eesti\/raamatukogud\/"]}]},{"@type":"BreadcrumbList","@id":"https:\/\/www.balther.net\/et\/maluasutused\/eesti\/raamatukogud\/#breadcrumb","itemListElement":[{"@type":"ListItem","position":1,"name":"Home","item":"https:\/\/www.balther.net\/et\/"},{"@type":"ListItem","position":2,"name":"M\u00e4luasutused","item":"https:\/\/www.balther.net\/et\/maluasutused\/"},{"@type":"ListItem","position":3,"name":"Eesti","item":"https:\/\/www.balther.net\/et\/maluasutused\/eesti\/"},{"@type":"ListItem","position":4,"name":"Raamatukogud"}]},{"@type":"WebSite","@id":"https:\/\/www.balther.net\/#website","url":"https:\/\/www.balther.net\/","name":"BaltHerNet","description":"","potentialAction":[{"@type":"SearchAction","target":{"@type":"EntryPoint","urlTemplate":"https:\/\/www.balther.net\/?s={search_term_string}"},"query-input":{"@type":"PropertyValueSpecification","valueRequired":true,"valueName":"search_term_string"}}],"inLanguage":"et"}]}},"_links":{"self":[{"href":"https:\/\/www.balther.net\/et\/wp-json\/wp\/v2\/pages\/1477","targetHints":{"allow":["GET"]}}],"collection":[{"href":"https:\/\/www.balther.net\/et\/wp-json\/wp\/v2\/pages"}],"about":[{"href":"https:\/\/www.balther.net\/et\/wp-json\/wp\/v2\/types\/page"}],"author":[{"embeddable":true,"href":"https:\/\/www.balther.net\/et\/wp-json\/wp\/v2\/users\/5"}],"replies":[{"embeddable":true,"href":"https:\/\/www.balther.net\/et\/wp-json\/wp\/v2\/comments?post=1477"}],"version-history":[{"count":7,"href":"https:\/\/www.balther.net\/et\/wp-json\/wp\/v2\/pages\/1477\/revisions"}],"predecessor-version":[{"id":2804,"href":"https:\/\/www.balther.net\/et\/wp-json\/wp\/v2\/pages\/1477\/revisions\/2804"}],"up":[{"embeddable":true,"href":"https:\/\/www.balther.net\/et\/wp-json\/wp\/v2\/pages\/1473"}],"wp:attachment":[{"href":"https:\/\/www.balther.net\/et\/wp-json\/wp\/v2\/media?parent=1477"}],"curies":[{"name":"wp","href":"https:\/\/api.w.org\/{rel}","templated":true}]}}