{"id":12871,"date":"2023-05-11T22:30:55","date_gmt":"2023-05-11T19:30:55","guid":{"rendered":"https:\/\/www.balther.net\/?page_id=12871"},"modified":"2023-05-16T16:08:29","modified_gmt":"2023-05-16T13:08:29","slug":"registreerumine","status":"publish","type":"page","link":"https:\/\/www.balther.net\/et\/koostoo\/suvekoolid\/suvekool-2023\/registreerumine\/","title":{"rendered":"Registreerumine"},"content":{"rendered":"\n<p>SUVEKOOLIS&nbsp;OSALEMISEKS t\u00e4itke ja saatke allpool olev registreerimisvorm.<br><strong>Registreerumise l\u00f5ppt\u00e4htaeg on 21. juuni!<\/strong><\/p>\n\n\n\n<p><br><strong>Osav\u00f5tutasu BaltHerNeti liikmetele<\/strong><br>T\u00e4ispakett: 170 EUR<br>\u00dcks p\u00e4ev: 50 EUR<\/p>\n\n\n\n<p><strong>Osav\u00f5tutasu mitteliikmetele:<\/strong><br>T\u00e4ispakett: 200 EUR<br>\u00dcks p\u00e4ev: 70 EUR<\/p>\n\n\n\n<p><br>Registreerunutele v\u00e4ljastatakse arve, mille alusel on v\u00f5imalik osav\u00f5tutasu maksta \u00fclekandega v\u00f5i sularahas kohapeal.<\/p>\n\n\n<div class=\"frm_forms  with_frm_style frm_style_formidable-style\" id=\"frm_form_11_container\" >\n<form enctype=\"multipart\/form-data\" method=\"post\" class=\"frm-show-form  frm_pro_form \" id=\"form_2j38p5cf08d06f9717e522e30\" >\n<div class=\"frm_form_fields \">\n<fieldset>\n<legend class=\"frm_hidden\">2023 suvekooli registreerumisvorm<\/legend>\r\n\r\n<div class=\"frm_fields_container\">\n<input type=\"hidden\" name=\"frm_action\" value=\"create\" \/>\n<input type=\"hidden\" name=\"form_id\" value=\"11\" \/>\n<input type=\"hidden\" name=\"frm_hide_fields_11\" id=\"frm_hide_fields_11\" value=\"\" \/>\n<input type=\"hidden\" name=\"form_key\" value=\"2j38p5cf08d06f9717e522e30\" \/>\n<input type=\"hidden\" name=\"item_meta[0]\" value=\"\" \/>\n<input type=\"hidden\" id=\"frm_submit_entry_11\" name=\"frm_submit_entry_11\" value=\"f2ec42cb9b\" \/><input type=\"hidden\" name=\"_wp_http_referer\" value=\"\/et\/wp-json\/wp\/v2\/pages\/12871\" \/><div id=\"frm_field_171_container\" class=\"frm_form_field frm_section_heading form-field \">\r\n<h3 class=\"frm_pos_top frm_section_spacing\">Osav\u00f5tja<\/h3>\r\n\r\n\r\n<div id=\"frm_field_172_container\" class=\"frm_form_field form-field  frm_required_field frm_top_container\">\r\n    <label for=\"field_suu2w574866ea1d7b632cf25f\" class=\"frm_primary_label\">Eesnimi\r\n        <span class=\"frm_required\">*<\/span>\r\n    <\/label>\r\n    <input type=\"text\" id=\"field_suu2w574866ea1d7b632cf25f\" name=\"item_meta[172]\" value=\"\"  data-sectionid=\"171\"  data-reqmsg=\"Eesnimi cannot be blank.\" aria-required=\"true\" data-invmsg=\"First name is invalid\" aria-invalid=\"false\"  \/>\r\n    \r\n    \r\n<\/div>\n<div id=\"frm_field_173_container\" class=\"frm_form_field form-field  frm_required_field frm_top_container\">\r\n    <label for=\"field_jo6bo7fa8a7ee2afaadd3b3ce\" class=\"frm_primary_label\">Perekonnanimi\r\n        <span class=\"frm_required\">*<\/span>\r\n    <\/label>\r\n    <input type=\"text\" id=\"field_jo6bo7fa8a7ee2afaadd3b3ce\" name=\"item_meta[173]\" value=\"\"  data-sectionid=\"171\"  data-reqmsg=\"Perekonnanimi cannot be blank.\" aria-required=\"true\" data-invmsg=\"Last name is invalid\" aria-invalid=\"false\"  \/>\r\n    \r\n    \r\n<\/div>\n<div id=\"frm_field_174_container\" class=\"frm_form_field form-field  frm_required_field frm_top_container\">\r\n    <label for=\"field_wlsvxca712e7913a14276d740\" class=\"frm_primary_label\">E-mail \r\n        <span class=\"frm_required\">*<\/span>\r\n    <\/label>\r\n    <input type=\"text\" id=\"field_wlsvxca712e7913a14276d740\" name=\"item_meta[174]\" value=\"\"  data-sectionid=\"171\"  data-reqmsg=\"E-mail  cannot be blank.\" aria-required=\"true\" data-invmsg=\"Email address is invalid\" aria-invalid=\"false\"  \/>\r\n    \r\n    \r\n<\/div>\n<div id=\"frm_field_176_container\" class=\"frm_form_field form-field  frm_top_container\">\r\n    <label for=\"field_whfqf8a61ed1aa4a77396441\" class=\"frm_primary_label\">Asutus\/organisatsioon\r\n        <span class=\"frm_required\"><\/span>\r\n    <\/label>\r\n    <input type=\"text\" id=\"field_whfqf8a61ed1aa4a77396441\" name=\"item_meta[176]\" value=\"\"  data-sectionid=\"171\"  data-invmsg=\"Institution\/organization is invalid\" aria-invalid=\"false\"  \/>\r\n    \r\n    \r\n<\/div>\n<\/div>\n<div id=\"frm_field_180_container\" class=\"frm_form_field frm_section_heading form-field \">\r\n<h3 class=\"frm_pos_top frm_section_spacing\">Suvekoolist osav\u00f5tt<\/h3>\r\n\r\n\r\n<div id=\"frm_field_186_container\" class=\"frm_form_field form-field  frm_required_field frm_top_container\">\r\n    <label for=\"field_765t2\" id=\"field_765t2_label\" class=\"frm_primary_label\">Saabun (m\u00e4rgi kuup\u00e4ev):\r\n        <span class=\"frm_required\" aria-hidden=\"true\">*<\/span>\r\n    <\/label>\r\n    <input type=\"text\" id=\"field_765t2\" name=\"item_meta[186]\" value=\"\"  data-sectionid=\"180\"  maxlength=\"10\" data-reqmsg=\"Saabun (m\u00e4rgi kuup\u00e4ev): cannot be blank.\" aria-required=\"true\" data-invmsg=\"Date is invalid\" class=\"frm_date\" aria-invalid=\"false\"  \/>\r\n    \r\n    \r\n<\/div>\n<div id=\"frm_field_187_container\" class=\"frm_form_field form-field  frm_required_field frm_top_container\">\r\n    <label for=\"field_v67dr\" id=\"field_v67dr_label\" class=\"frm_primary_label\">Lahkun (m\u00e4rgi kuup\u00e4ev):\r\n        <span class=\"frm_required\" aria-hidden=\"true\">*<\/span>\r\n    <\/label>\r\n    <input type=\"text\" id=\"field_v67dr\" name=\"item_meta[187]\" value=\"\"  data-sectionid=\"180\"  maxlength=\"10\" data-reqmsg=\"Lahkun (m\u00e4rgi kuup\u00e4ev): cannot be blank.\" aria-required=\"true\" data-invmsg=\"Date is invalid\" class=\"frm_date\" aria-invalid=\"false\"  \/>\r\n    \r\n    \r\n<\/div>\n<\/div>\n<div id=\"frm_field_188_container\" class=\"frm_form_field frm_section_heading form-field \">\r\n<h3 class=\"frm_pos_top frm_section_spacing\">Osav\u00f5tutasu maksja<\/h3>\r\n\r\n\r\n<div id=\"frm_field_189_container\" class=\"frm_form_field form-field  frm_required_field frm_top_container\">\r\n    <label for=\"field_qlmyk\" class=\"frm_primary_label\">Isiku v\u00f5i organisatsiooni nimi:\r\n        <span class=\"frm_required\">*<\/span>\r\n    <\/label>\r\n    <input type=\"text\" id=\"field_qlmyk\" name=\"item_meta[189]\" value=\"\"  data-sectionid=\"188\"  data-reqmsg=\"Isiku v\u00f5i organisatsiooni nimi: cannot be blank.\" aria-required=\"true\" data-invmsg=\"First name is invalid\" aria-invalid=\"false\"  \/>\r\n    \r\n    \r\n<\/div>\n<div id=\"frm_field_190_container\" class=\"frm_form_field form-field  frm_required_field frm_top_container\">\r\n    <label for=\"field_zevze\" class=\"frm_primary_label\">Aadress:\r\n        <span class=\"frm_required\">*<\/span>\r\n    <\/label>\r\n    <input type=\"text\" id=\"field_zevze\" name=\"item_meta[190]\" value=\"\"  data-sectionid=\"188\"  data-reqmsg=\"Aadress: cannot be blank.\" aria-required=\"true\" data-invmsg=\"Last name is invalid\" aria-invalid=\"false\"  \/>\r\n    \r\n    \r\n<\/div>\n<div id=\"frm_field_191_container\" class=\"frm_form_field form-field  frm_required_field frm_top_container\">\r\n    <label for=\"field_bhqwc\" class=\"frm_primary_label\">E-mail \r\n        <span class=\"frm_required\">*<\/span>\r\n    <\/label>\r\n    <input type=\"text\" id=\"field_bhqwc\" name=\"item_meta[191]\" value=\"\"  data-sectionid=\"188\"  data-reqmsg=\"E-mail  cannot be blank.\" aria-required=\"true\" data-invmsg=\"Email address is invalid\" aria-invalid=\"false\"  \/>\r\n    \r\n    \r\n<\/div>\n<div id=\"frm_field_192_container\" class=\"frm_form_field form-field  frm_top_container\">\r\n    <label for=\"field_stuz9\" class=\"frm_primary_label\">Telefon:\r\n        <span class=\"frm_required\"><\/span>\r\n    <\/label>\r\n    <input type=\"text\" id=\"field_stuz9\" name=\"item_meta[192]\" value=\"\"  data-sectionid=\"188\"  data-invmsg=\"Institution\/organization is invalid\" aria-invalid=\"false\"  \/>\r\n    \r\n    \r\n<\/div>\n<\/div>\n<div id=\"frm_field_202_container\" class=\"frm_form_field form-field  frm_none_container\">\n    <label for=\"g-recaptcha-response\" id=\"field_5xyo0_label\" class=\"frm_primary_label\">reCAPTCHA\n        <span class=\"frm_required\" aria-hidden=\"true\"><\/span>\n    <\/label>\n    <div  id=\"field_5xyo0\" class=\"frm-g-recaptcha\" data-sitekey=\"6LddOBgmAAAAAArCE5NLCLuyiGoqFdU6O_qcq8W1\" data-size=\"invisible\" data-theme=\"light\"><\/div>\n    \n    \n<\/div>\n<div id=\"frm_field_259_container\" class=\"frm_form_field form-field \">\n\t<div class=\"frm_submit\">\r\n\r\n<button class=\"frm_button_submit frm_final_submit\" type=\"submit\"  >Saada<\/button>\r\n\r\n<\/div>\n<\/div>\n\t<input type=\"hidden\" name=\"item_key\" value=\"\" \/>\n\t\t\t\t<div class=\"frm__652fc1eb56b0b\">\n\t\t\t\t<label for=\"frm_email_11\" >\n\t\t\t\t\tIf you are human, leave this field blank.\t\t\t\t<\/label>\n\t\t\t\t<input  id=\"frm_email_11\" type=\"text\" class=\"frm_verify\" name=\"frm__652fc1eb56b0b\" value=\"\" autocomplete=\"off\"  \/>\n\t\t\t<\/div>\n\t\t<input name=\"frm_state\" type=\"hidden\" value=\"eoda6mZB2xpuKLFl7zZRQ2FgR\/mUZJ4KmGLXrVMhwd+RcoE1DM8iATehjt5JUhUE\" \/><\/div>\n<\/fieldset>\n<\/div>\n\n<\/form>\n<\/div>\n","protected":false},"excerpt":{"rendered":"<p>SUVEKOOLIS&nbsp;OSALEMISEKS t\u00e4itke ja saatke allpool olev registreerimisvorm.Registreerumise l\u00f5ppt\u00e4htaeg on 21. juuni! Osav\u00f5tutasu BaltHerNeti liikmeteleT\u00e4ispakett: 170 EUR\u00dcks p\u00e4ev: 50 EUR Osav\u00f5tutasu mitteliikmetele:T\u00e4ispakett: 200 EUR\u00dcks p\u00e4ev: 70 EUR Registreerunutele v\u00e4ljastatakse arve, mille alusel on v\u00f5imalik osav\u00f5tutasu maksta \u00fclekandega v\u00f5i sularahas kohapeal.<\/p>\n","protected":false},"author":5,"featured_media":0,"parent":12827,"menu_order":0,"comment_status":"closed","ping_status":"closed","template":"","meta":{"_acf_changed":false,"_monsterinsights_skip_tracking":false,"_monsterinsights_sitenote_active":false,"_monsterinsights_sitenote_note":"","_monsterinsights_sitenote_category":0,"ngg_post_thumbnail":0,"footnotes":""},"class_list":["post-12871","page","type-page","status-publish","hentry"],"acf":[],"yoast_head":"<!-- This site is optimized with the Yoast SEO plugin v24.2 - https:\/\/yoast.com\/wordpress\/plugins\/seo\/ -->\n<title>Registreerumine - BaltHerNet<\/title>\n<meta name=\"robots\" content=\"index, follow, max-snippet:-1, max-image-preview:large, max-video-preview:-1\" \/>\n<link rel=\"canonical\" href=\"https:\/\/www.balther.net\/et\/koostoo\/suvekoolid\/suvekool-2023\/registreerumine\/\" \/>\n<meta property=\"og:locale\" content=\"et_EE\" \/>\n<meta property=\"og:type\" content=\"article\" \/>\n<meta property=\"og:title\" content=\"Registreerumine - BaltHerNet\" \/>\n<meta property=\"og:description\" content=\"SUVEKOOLIS&nbsp;OSALEMISEKS t\u00e4itke ja saatke allpool olev registreerimisvorm.Registreerumise l\u00f5ppt\u00e4htaeg on 21. juuni! Osav\u00f5tutasu BaltHerNeti liikmeteleT\u00e4ispakett: 170 EUR\u00dcks p\u00e4ev: 50 EUR Osav\u00f5tutasu mitteliikmetele:T\u00e4ispakett: 200 EUR\u00dcks p\u00e4ev: 70 EUR Registreerunutele v\u00e4ljastatakse arve, mille alusel on v\u00f5imalik osav\u00f5tutasu maksta \u00fclekandega v\u00f5i sularahas kohapeal.\" \/>\n<meta property=\"og:url\" content=\"https:\/\/www.balther.net\/et\/koostoo\/suvekoolid\/suvekool-2023\/registreerumine\/\" \/>\n<meta property=\"og:site_name\" content=\"BaltHerNet\" \/>\n<meta property=\"article:modified_time\" content=\"2023-05-16T13:08:29+00:00\" \/>\n<meta name=\"twitter:card\" content=\"summary_large_image\" \/>\n<meta name=\"twitter:label1\" content=\"Est. reading time\" \/>\n\t<meta name=\"twitter:data1\" content=\"1 minut\" \/>\n<script type=\"application\/ld+json\" class=\"yoast-schema-graph\">{\"@context\":\"https:\/\/schema.org\",\"@graph\":[{\"@type\":\"WebPage\",\"@id\":\"https:\/\/www.balther.net\/et\/koostoo\/suvekoolid\/suvekool-2023\/registreerumine\/\",\"url\":\"https:\/\/www.balther.net\/et\/koostoo\/suvekoolid\/suvekool-2023\/registreerumine\/\",\"name\":\"Registreerumine - BaltHerNet\",\"isPartOf\":{\"@id\":\"https:\/\/www.balther.net\/#website\"},\"datePublished\":\"2023-05-11T19:30:55+00:00\",\"dateModified\":\"2023-05-16T13:08:29+00:00\",\"breadcrumb\":{\"@id\":\"https:\/\/www.balther.net\/et\/koostoo\/suvekoolid\/suvekool-2023\/registreerumine\/#breadcrumb\"},\"inLanguage\":\"et\",\"potentialAction\":[{\"@type\":\"ReadAction\",\"target\":[\"https:\/\/www.balther.net\/et\/koostoo\/suvekoolid\/suvekool-2023\/registreerumine\/\"]}]},{\"@type\":\"BreadcrumbList\",\"@id\":\"https:\/\/www.balther.net\/et\/koostoo\/suvekoolid\/suvekool-2023\/registreerumine\/#breadcrumb\",\"itemListElement\":[{\"@type\":\"ListItem\",\"position\":1,\"name\":\"Home\",\"item\":\"https:\/\/www.balther.net\/et\/\"},{\"@type\":\"ListItem\",\"position\":2,\"name\":\"Koost\u00f6\u00f6\",\"item\":\"https:\/\/www.balther.net\/et\/koostoo\/\"},{\"@type\":\"ListItem\",\"position\":3,\"name\":\"Suvekoolid\",\"item\":\"https:\/\/www.balther.net\/et\/koostoo\/suvekoolid\/\"},{\"@type\":\"ListItem\",\"position\":4,\"name\":\"Suvekool 2023\",\"item\":\"https:\/\/www.balther.net\/et\/koostoo\/suvekoolid\/suvekool-2023\/\"},{\"@type\":\"ListItem\",\"position\":5,\"name\":\"Registreerumine\"}]},{\"@type\":\"WebSite\",\"@id\":\"https:\/\/www.balther.net\/#website\",\"url\":\"https:\/\/www.balther.net\/\",\"name\":\"BaltHerNet\",\"description\":\"\",\"potentialAction\":[{\"@type\":\"SearchAction\",\"target\":{\"@type\":\"EntryPoint\",\"urlTemplate\":\"https:\/\/www.balther.net\/?s={search_term_string}\"},\"query-input\":{\"@type\":\"PropertyValueSpecification\",\"valueRequired\":true,\"valueName\":\"search_term_string\"}}],\"inLanguage\":\"et\"}]}<\/script>\n<!-- \/ Yoast SEO plugin. -->","yoast_head_json":{"title":"Registreerumine - BaltHerNet","robots":{"index":"index","follow":"follow","max-snippet":"max-snippet:-1","max-image-preview":"max-image-preview:large","max-video-preview":"max-video-preview:-1"},"canonical":"https:\/\/www.balther.net\/et\/koostoo\/suvekoolid\/suvekool-2023\/registreerumine\/","og_locale":"et_EE","og_type":"article","og_title":"Registreerumine - BaltHerNet","og_description":"SUVEKOOLIS&nbsp;OSALEMISEKS t\u00e4itke ja saatke allpool olev registreerimisvorm.Registreerumise l\u00f5ppt\u00e4htaeg on 21. juuni! Osav\u00f5tutasu BaltHerNeti liikmeteleT\u00e4ispakett: 170 EUR\u00dcks p\u00e4ev: 50 EUR Osav\u00f5tutasu mitteliikmetele:T\u00e4ispakett: 200 EUR\u00dcks p\u00e4ev: 70 EUR Registreerunutele v\u00e4ljastatakse arve, mille alusel on v\u00f5imalik osav\u00f5tutasu maksta \u00fclekandega v\u00f5i sularahas kohapeal.","og_url":"https:\/\/www.balther.net\/et\/koostoo\/suvekoolid\/suvekool-2023\/registreerumine\/","og_site_name":"BaltHerNet","article_modified_time":"2023-05-16T13:08:29+00:00","twitter_card":"summary_large_image","twitter_misc":{"Est. reading time":"1 minut"},"schema":{"@context":"https:\/\/schema.org","@graph":[{"@type":"WebPage","@id":"https:\/\/www.balther.net\/et\/koostoo\/suvekoolid\/suvekool-2023\/registreerumine\/","url":"https:\/\/www.balther.net\/et\/koostoo\/suvekoolid\/suvekool-2023\/registreerumine\/","name":"Registreerumine - BaltHerNet","isPartOf":{"@id":"https:\/\/www.balther.net\/#website"},"datePublished":"2023-05-11T19:30:55+00:00","dateModified":"2023-05-16T13:08:29+00:00","breadcrumb":{"@id":"https:\/\/www.balther.net\/et\/koostoo\/suvekoolid\/suvekool-2023\/registreerumine\/#breadcrumb"},"inLanguage":"et","potentialAction":[{"@type":"ReadAction","target":["https:\/\/www.balther.net\/et\/koostoo\/suvekoolid\/suvekool-2023\/registreerumine\/"]}]},{"@type":"BreadcrumbList","@id":"https:\/\/www.balther.net\/et\/koostoo\/suvekoolid\/suvekool-2023\/registreerumine\/#breadcrumb","itemListElement":[{"@type":"ListItem","position":1,"name":"Home","item":"https:\/\/www.balther.net\/et\/"},{"@type":"ListItem","position":2,"name":"Koost\u00f6\u00f6","item":"https:\/\/www.balther.net\/et\/koostoo\/"},{"@type":"ListItem","position":3,"name":"Suvekoolid","item":"https:\/\/www.balther.net\/et\/koostoo\/suvekoolid\/"},{"@type":"ListItem","position":4,"name":"Suvekool 2023","item":"https:\/\/www.balther.net\/et\/koostoo\/suvekoolid\/suvekool-2023\/"},{"@type":"ListItem","position":5,"name":"Registreerumine"}]},{"@type":"WebSite","@id":"https:\/\/www.balther.net\/#website","url":"https:\/\/www.balther.net\/","name":"BaltHerNet","description":"","potentialAction":[{"@type":"SearchAction","target":{"@type":"EntryPoint","urlTemplate":"https:\/\/www.balther.net\/?s={search_term_string}"},"query-input":{"@type":"PropertyValueSpecification","valueRequired":true,"valueName":"search_term_string"}}],"inLanguage":"et"}]}},"_links":{"self":[{"href":"https:\/\/www.balther.net\/et\/wp-json\/wp\/v2\/pages\/12871","targetHints":{"allow":["GET"]}}],"collection":[{"href":"https:\/\/www.balther.net\/et\/wp-json\/wp\/v2\/pages"}],"about":[{"href":"https:\/\/www.balther.net\/et\/wp-json\/wp\/v2\/types\/page"}],"author":[{"embeddable":true,"href":"https:\/\/www.balther.net\/et\/wp-json\/wp\/v2\/users\/5"}],"replies":[{"embeddable":true,"href":"https:\/\/www.balther.net\/et\/wp-json\/wp\/v2\/comments?post=12871"}],"version-history":[{"count":2,"href":"https:\/\/www.balther.net\/et\/wp-json\/wp\/v2\/pages\/12871\/revisions"}],"predecessor-version":[{"id":12878,"href":"https:\/\/www.balther.net\/et\/wp-json\/wp\/v2\/pages\/12871\/revisions\/12878"}],"up":[{"embeddable":true,"href":"https:\/\/www.balther.net\/et\/wp-json\/wp\/v2\/pages\/12827"}],"wp:attachment":[{"href":"https:\/\/www.balther.net\/et\/wp-json\/wp\/v2\/media?parent=12871"}],"curies":[{"name":"wp","href":"https:\/\/api.w.org\/{rel}","templated":true}]}}