{"id":12857,"date":"2023-05-11T20:55:35","date_gmt":"2023-05-11T17:55:35","guid":{"rendered":"https:\/\/www.balther.net\/?page_id=12857"},"modified":"2023-05-11T20:55:35","modified_gmt":"2023-05-11T17:55:35","slug":"toimunud-suvekoolid","status":"publish","type":"page","link":"https:\/\/www.balther.net\/et\/koostoo\/suvekoolid\/toimunud-suvekoolid\/","title":{"rendered":"Toimunud suvekoolid"},"content":{"rendered":"\n<ul class=\"wp-block-list\"><li><strong><a href=\"http:\/\/suvekool.balther.net\/2022-suuremoisa\/\" target=\"_blank\" rel=\"noreferrer noopener\">Suvekool 2022 \u201cEestlaste kultuurip\u00e4rand v\u00f5\u00f5rsil. X. Meri ja saared\u201d<\/a><\/strong><\/li><li><strong><a href=\"http:\/\/suvekool.balther.net\/2019-tartu-tallinn\/\" target=\"_blank\" rel=\"noreferrer noopener\">Suvekool 2019 \u201cEestlaste kultuurip\u00e4rand v\u00f5\u00f5rsil. IX. Kunsti- ja kultuurikogud\u201d<\/a><\/strong><\/li><li><strong><a href=\"http:\/\/suvekool.balther.net\/2017-koke\/\" target=\"_blank\" rel=\"noreferrer noopener\">Suvekool 2017 \u201cEestlaste kultuurip\u00e4rand v\u00f5\u00f5rsil. VIII. Fotokogud\u201d<\/a><\/strong><\/li><li><a href=\"http:\/\/suvekool.balther.net\/haapsalu-2016\/\" target=\"_blank\" rel=\"noreferrer noopener\"><strong>Suvekool 2016 \u201cEestlaste kultuurip\u00e4rand v\u00f5\u00f5rsil. VII\u201d<\/strong><\/a><\/li><li><a href=\"http:\/\/suvekool.balther.net\/2014-viinistu\/\" target=\"_blank\" rel=\"noreferrer noopener\"><strong>Suvekool 2014 \u201cEestlaste kultuurip\u00e4rand v\u00f5\u00f5rsil. VI\u201d<\/strong><\/a><\/li><li><a href=\"http:\/\/suvekool.balther.net\/2013\/\" target=\"_blank\" rel=\"noreferrer noopener\"><strong>Suvekool 2013 \u201cEestlaste kultuurip\u00e4rand v\u00f5\u00f5rsil. V\u201d<\/strong><\/a><\/li><li><strong><a href=\"http:\/\/suvekool.balther.net\/2011-kaariku\/\" target=\"_blank\" rel=\"noreferrer noopener\">Suvekool 2011 \u201cEestlaste kultuurip\u00e4rand v\u00f5\u00f5rsil. IV. <em>Balti eri<\/em>\u201c<\/a><\/strong><\/li><li><a href=\"http:\/\/suvekool.balther.net\/10810\" target=\"_blank\" rel=\"noreferrer noopener\"><strong>Suvekool 2010 \u201cEestlaste kultuurip\u00e4rand v\u00f5\u00f5rsil. III\u201d<\/strong><\/a><\/li><li><strong><a href=\"http:\/\/suvekool.balther.net\/2008\" target=\"_blank\" rel=\"noreferrer noopener\">Suvekool 2008 \u201cEestlaste kultuurip\u00e4rand v\u00f5\u00f5rsil. II\u201d<\/a><\/strong><\/li><li><strong><a href=\"http:\/\/suvekool.balther.net\/2007\" target=\"_blank\" rel=\"noreferrer noopener\">Suvekool 2007 <\/a><\/strong><a href=\"http:\/\/suvekool.balther.net\/2007\" target=\"_blank\" rel=\"noreferrer noopener\"><strong>\u201cEestlaste kultuurip\u00e4rand v\u00f5\u00f5rsil\u201d<\/strong><\/a><\/li><\/ul>\n","protected":false},"excerpt":{"rendered":"<p>Suvekool 2022 \u201cEestlaste kultuurip\u00e4rand v\u00f5\u00f5rsil. X. Meri ja saared\u201d Suvekool 2019 \u201cEestlaste kultuurip\u00e4rand v\u00f5\u00f5rsil. IX. Kunsti- ja kultuurikogud\u201d Suvekool 2017 \u201cEestlaste kultuurip\u00e4rand v\u00f5\u00f5rsil. VIII. Fotokogud\u201d Suvekool 2016 \u201cEestlaste kultuurip\u00e4rand v\u00f5\u00f5rsil. VII\u201d Suvekool 2014 \u201cEestlaste kultuurip\u00e4rand v\u00f5\u00f5rsil. VI\u201d Suvekool 2013 \u201cEestlaste kultuurip\u00e4rand v\u00f5\u00f5rsil. V\u201d Suvekool 2011 \u201cEestlaste kultuurip\u00e4rand v\u00f5\u00f5rsil. IV. Balti eri\u201c Suvekool 2010 \u201cEestlaste kultuurip\u00e4rand v\u00f5\u00f5rsil. III\u201d Suvekool 2008 \u201cEestlaste kultuurip\u00e4rand v\u00f5\u00f5rsil. II\u201d Suvekool 2007 \u201cEestlaste kultuurip\u00e4rand v\u00f5\u00f5rsil\u201d<\/p>\n","protected":false},"author":5,"featured_media":0,"parent":446,"menu_order":0,"comment_status":"closed","ping_status":"closed","template":"","meta":{"_acf_changed":false,"_monsterinsights_skip_tracking":false,"_monsterinsights_sitenote_active":false,"_monsterinsights_sitenote_note":"","_monsterinsights_sitenote_category":0,"ngg_post_thumbnail":0,"footnotes":""},"class_list":["post-12857","page","type-page","status-publish","hentry"],"acf":[],"yoast_head":"<!-- This site is optimized with the Yoast SEO plugin v24.2 - https:\/\/yoast.com\/wordpress\/plugins\/seo\/ -->\n<title>Toimunud suvekoolid - BaltHerNet<\/title>\n<meta name=\"robots\" content=\"index, follow, max-snippet:-1, max-image-preview:large, max-video-preview:-1\" \/>\n<link rel=\"canonical\" href=\"https:\/\/www.balther.net\/et\/koostoo\/suvekoolid\/toimunud-suvekoolid\/\" \/>\n<meta property=\"og:locale\" content=\"et_EE\" \/>\n<meta property=\"og:type\" content=\"article\" \/>\n<meta property=\"og:title\" content=\"Toimunud suvekoolid - BaltHerNet\" \/>\n<meta property=\"og:description\" content=\"Suvekool 2022 \u201cEestlaste kultuurip\u00e4rand v\u00f5\u00f5rsil. X. Meri ja saared\u201d Suvekool 2019 \u201cEestlaste kultuurip\u00e4rand v\u00f5\u00f5rsil. IX. Kunsti- ja kultuurikogud\u201d Suvekool 2017 \u201cEestlaste kultuurip\u00e4rand v\u00f5\u00f5rsil. VIII. Fotokogud\u201d Suvekool 2016 \u201cEestlaste kultuurip\u00e4rand v\u00f5\u00f5rsil. VII\u201d Suvekool 2014 \u201cEestlaste kultuurip\u00e4rand v\u00f5\u00f5rsil. VI\u201d Suvekool 2013 \u201cEestlaste kultuurip\u00e4rand v\u00f5\u00f5rsil. V\u201d Suvekool 2011 \u201cEestlaste kultuurip\u00e4rand v\u00f5\u00f5rsil. IV. Balti eri\u201c Suvekool 2010 \u201cEestlaste kultuurip\u00e4rand v\u00f5\u00f5rsil. III\u201d Suvekool 2008 \u201cEestlaste kultuurip\u00e4rand v\u00f5\u00f5rsil. II\u201d Suvekool 2007 \u201cEestlaste kultuurip\u00e4rand v\u00f5\u00f5rsil\u201d\" \/>\n<meta property=\"og:url\" content=\"https:\/\/www.balther.net\/et\/koostoo\/suvekoolid\/toimunud-suvekoolid\/\" \/>\n<meta property=\"og:site_name\" content=\"BaltHerNet\" \/>\n<meta name=\"twitter:card\" content=\"summary_large_image\" \/>\n<meta name=\"twitter:label1\" content=\"Est. reading time\" \/>\n\t<meta name=\"twitter:data1\" content=\"1 minut\" \/>\n<script type=\"application\/ld+json\" class=\"yoast-schema-graph\">{\"@context\":\"https:\/\/schema.org\",\"@graph\":[{\"@type\":\"WebPage\",\"@id\":\"https:\/\/www.balther.net\/et\/koostoo\/suvekoolid\/toimunud-suvekoolid\/\",\"url\":\"https:\/\/www.balther.net\/et\/koostoo\/suvekoolid\/toimunud-suvekoolid\/\",\"name\":\"Toimunud suvekoolid - BaltHerNet\",\"isPartOf\":{\"@id\":\"https:\/\/www.balther.net\/#website\"},\"datePublished\":\"2023-05-11T17:55:35+00:00\",\"dateModified\":\"2023-05-11T17:55:35+00:00\",\"breadcrumb\":{\"@id\":\"https:\/\/www.balther.net\/et\/koostoo\/suvekoolid\/toimunud-suvekoolid\/#breadcrumb\"},\"inLanguage\":\"et\",\"potentialAction\":[{\"@type\":\"ReadAction\",\"target\":[\"https:\/\/www.balther.net\/et\/koostoo\/suvekoolid\/toimunud-suvekoolid\/\"]}]},{\"@type\":\"BreadcrumbList\",\"@id\":\"https:\/\/www.balther.net\/et\/koostoo\/suvekoolid\/toimunud-suvekoolid\/#breadcrumb\",\"itemListElement\":[{\"@type\":\"ListItem\",\"position\":1,\"name\":\"Home\",\"item\":\"https:\/\/www.balther.net\/et\/\"},{\"@type\":\"ListItem\",\"position\":2,\"name\":\"Koost\u00f6\u00f6\",\"item\":\"https:\/\/www.balther.net\/et\/koostoo\/\"},{\"@type\":\"ListItem\",\"position\":3,\"name\":\"Suvekoolid\",\"item\":\"https:\/\/www.balther.net\/et\/koostoo\/suvekoolid\/\"},{\"@type\":\"ListItem\",\"position\":4,\"name\":\"Toimunud suvekoolid\"}]},{\"@type\":\"WebSite\",\"@id\":\"https:\/\/www.balther.net\/#website\",\"url\":\"https:\/\/www.balther.net\/\",\"name\":\"BaltHerNet\",\"description\":\"\",\"potentialAction\":[{\"@type\":\"SearchAction\",\"target\":{\"@type\":\"EntryPoint\",\"urlTemplate\":\"https:\/\/www.balther.net\/?s={search_term_string}\"},\"query-input\":{\"@type\":\"PropertyValueSpecification\",\"valueRequired\":true,\"valueName\":\"search_term_string\"}}],\"inLanguage\":\"et\"}]}<\/script>\n<!-- \/ Yoast SEO plugin. -->","yoast_head_json":{"title":"Toimunud suvekoolid - BaltHerNet","robots":{"index":"index","follow":"follow","max-snippet":"max-snippet:-1","max-image-preview":"max-image-preview:large","max-video-preview":"max-video-preview:-1"},"canonical":"https:\/\/www.balther.net\/et\/koostoo\/suvekoolid\/toimunud-suvekoolid\/","og_locale":"et_EE","og_type":"article","og_title":"Toimunud suvekoolid - BaltHerNet","og_description":"Suvekool 2022 \u201cEestlaste kultuurip\u00e4rand v\u00f5\u00f5rsil. X. Meri ja saared\u201d Suvekool 2019 \u201cEestlaste kultuurip\u00e4rand v\u00f5\u00f5rsil. IX. Kunsti- ja kultuurikogud\u201d Suvekool 2017 \u201cEestlaste kultuurip\u00e4rand v\u00f5\u00f5rsil. VIII. Fotokogud\u201d Suvekool 2016 \u201cEestlaste kultuurip\u00e4rand v\u00f5\u00f5rsil. VII\u201d Suvekool 2014 \u201cEestlaste kultuurip\u00e4rand v\u00f5\u00f5rsil. VI\u201d Suvekool 2013 \u201cEestlaste kultuurip\u00e4rand v\u00f5\u00f5rsil. V\u201d Suvekool 2011 \u201cEestlaste kultuurip\u00e4rand v\u00f5\u00f5rsil. IV. Balti eri\u201c Suvekool 2010 \u201cEestlaste kultuurip\u00e4rand v\u00f5\u00f5rsil. III\u201d Suvekool 2008 \u201cEestlaste kultuurip\u00e4rand v\u00f5\u00f5rsil. II\u201d Suvekool 2007 \u201cEestlaste kultuurip\u00e4rand v\u00f5\u00f5rsil\u201d","og_url":"https:\/\/www.balther.net\/et\/koostoo\/suvekoolid\/toimunud-suvekoolid\/","og_site_name":"BaltHerNet","twitter_card":"summary_large_image","twitter_misc":{"Est. reading time":"1 minut"},"schema":{"@context":"https:\/\/schema.org","@graph":[{"@type":"WebPage","@id":"https:\/\/www.balther.net\/et\/koostoo\/suvekoolid\/toimunud-suvekoolid\/","url":"https:\/\/www.balther.net\/et\/koostoo\/suvekoolid\/toimunud-suvekoolid\/","name":"Toimunud suvekoolid - BaltHerNet","isPartOf":{"@id":"https:\/\/www.balther.net\/#website"},"datePublished":"2023-05-11T17:55:35+00:00","dateModified":"2023-05-11T17:55:35+00:00","breadcrumb":{"@id":"https:\/\/www.balther.net\/et\/koostoo\/suvekoolid\/toimunud-suvekoolid\/#breadcrumb"},"inLanguage":"et","potentialAction":[{"@type":"ReadAction","target":["https:\/\/www.balther.net\/et\/koostoo\/suvekoolid\/toimunud-suvekoolid\/"]}]},{"@type":"BreadcrumbList","@id":"https:\/\/www.balther.net\/et\/koostoo\/suvekoolid\/toimunud-suvekoolid\/#breadcrumb","itemListElement":[{"@type":"ListItem","position":1,"name":"Home","item":"https:\/\/www.balther.net\/et\/"},{"@type":"ListItem","position":2,"name":"Koost\u00f6\u00f6","item":"https:\/\/www.balther.net\/et\/koostoo\/"},{"@type":"ListItem","position":3,"name":"Suvekoolid","item":"https:\/\/www.balther.net\/et\/koostoo\/suvekoolid\/"},{"@type":"ListItem","position":4,"name":"Toimunud suvekoolid"}]},{"@type":"WebSite","@id":"https:\/\/www.balther.net\/#website","url":"https:\/\/www.balther.net\/","name":"BaltHerNet","description":"","potentialAction":[{"@type":"SearchAction","target":{"@type":"EntryPoint","urlTemplate":"https:\/\/www.balther.net\/?s={search_term_string}"},"query-input":{"@type":"PropertyValueSpecification","valueRequired":true,"valueName":"search_term_string"}}],"inLanguage":"et"}]}},"_links":{"self":[{"href":"https:\/\/www.balther.net\/et\/wp-json\/wp\/v2\/pages\/12857","targetHints":{"allow":["GET"]}}],"collection":[{"href":"https:\/\/www.balther.net\/et\/wp-json\/wp\/v2\/pages"}],"about":[{"href":"https:\/\/www.balther.net\/et\/wp-json\/wp\/v2\/types\/page"}],"author":[{"embeddable":true,"href":"https:\/\/www.balther.net\/et\/wp-json\/wp\/v2\/users\/5"}],"replies":[{"embeddable":true,"href":"https:\/\/www.balther.net\/et\/wp-json\/wp\/v2\/comments?post=12857"}],"version-history":[{"count":1,"href":"https:\/\/www.balther.net\/et\/wp-json\/wp\/v2\/pages\/12857\/revisions"}],"predecessor-version":[{"id":12858,"href":"https:\/\/www.balther.net\/et\/wp-json\/wp\/v2\/pages\/12857\/revisions\/12858"}],"up":[{"embeddable":true,"href":"https:\/\/www.balther.net\/et\/wp-json\/wp\/v2\/pages\/446"}],"wp:attachment":[{"href":"https:\/\/www.balther.net\/et\/wp-json\/wp\/v2\/media?parent=12857"}],"curies":[{"name":"wp","href":"https:\/\/api.w.org\/{rel}","templated":true}]}}