{"id":12827,"date":"2023-04-27T14:44:24","date_gmt":"2023-04-27T11:44:24","guid":{"rendered":"https:\/\/www.balther.net\/?page_id=12827"},"modified":"2025-04-10T13:55:12","modified_gmt":"2025-04-10T10:55:12","slug":"suvekool-2023","status":"publish","type":"page","link":"https:\/\/www.balther.net\/et\/koostoo\/suvekoolid\/suvekool-2023\/","title":{"rendered":"Suvekool 2023"},"content":{"rendered":"\n<figure class=\"wp-block-image size-full is-resized\"><a href=\"https:\/\/www.balther.net\/wp-content\/uploads\/2023\/04\/pilt.png\" data-rel=\"lightbox-image-0\" data-rl_title=\"\" data-rl_caption=\"\" title=\"\"><img loading=\"lazy\" decoding=\"async\" width=\"880\" height=\"169\" src=\"https:\/\/www.balther.net\/wp-content\/uploads\/2023\/04\/pilt.png\" alt=\"\" class=\"wp-image-12837\" style=\"width:840px;height:161px\" srcset=\"https:\/\/www.balther.net\/wp-content\/uploads\/2023\/04\/pilt.png 880w, https:\/\/www.balther.net\/wp-content\/uploads\/2023\/04\/pilt-300x58.png 300w, https:\/\/www.balther.net\/wp-content\/uploads\/2023\/04\/pilt-768x147.png 768w\" sizes=\"auto, (max-width: 880px) 100vw, 880px\" \/><\/a><\/figure>\n\n\n\n<div style=\"height:26px\" aria-hidden=\"true\" class=\"wp-block-spacer\"><\/div>\n\n\n\n<p><strong>BaltHerNeti suvekool &#8220;V\u00e4liseesti kultuurip\u00e4rand v\u00f5\u00f5rsil. XI. Minu eesti juured\u201c toimub 26.-29. juunini Setomaal V\u00e4rska Sanatooriumis.<\/strong><\/p>\n\n\n\n<p>Kuna Setomaa on tuntud oma traditsiooniteadlikkuse ja oman\u00e4olise ning tugeva identiteedi poolest, valisime t\u00e4navuse suvekooli teemaks juurte ja identiteedi teema. R\u00e4\u00e4gime suguv\u00f5sa- ja nimeuurimisest, pereajaloo j\u00e4\u00e4dvustamise erinevatest viisidest, haudade kaardistamisest, pere- ja kohap\u00e4rimusest. Tutvustame teemaga seotud kogusid Eestis ja v\u00e4liseesti arhiivides.<\/p>\n\n\n\n<p>Setomaa on unikaalne ja omap\u00e4rane ka seet\u00f5ttu, et see on piiriala. Piiride muutumine ja elu piirialas on j\u00e4tnud oma j\u00e4lje ka siin elavatesse inimestesse. Aruteludesse mitmes kultuuris elava inimese mitmikidentiteedi \u00fcle kutsume osalema v\u00e4lismaal elavaid eestlasi, Eestisse tagasi p\u00f6\u00f6rdunud v\u00e4liseestlasi, setosid ja identiteediuurijaid.<\/p>\n\n\n\n<p>Suvekoolist osav\u00f5tjad kogunevad 26. juunil Tartus, et k\u00fclastada Rahvusarhiivi Tartu peahoonet Noorat ja s\u00f5ita seej\u00e4rel tellitud bussiga Setomaale V\u00e4rska Sanatooriumisse. 27.-28. juunil toimuvad ettekanded ja arutelud, vaatame dokfilme. 29. juunil teeme rings\u00f5idu Setomaal, k\u00fclastame V\u00e4rska Talumuuseumi, Saatse ja Obinitsa muuseume. \u00d5htuks tuuakse suvekoolist osav\u00f5tjad Tartusse.<\/p>\n\n\n\n<p>Lisaks v\u00e4liseesti kogukondade esindajatele astuvad suvekoolis \u00fcles inimesed Eesti m\u00e4luasutustest, mis on nimetatud teemaga seotud, tegelevad vastavate kogude arendamise, uurimise ja tutvustamisega: Rahvusarhiiv, Eesti Isikuloo Keskus, Eesti Rahva Muuseum, Eesti Kirjandusmuuseum, Eesti M\u00e4lu Instituut, Setomaa Kultuurikeskus jt.<\/p>\n\n\n\n<p><strong>Registreerumise l\u00f5ppt\u00e4htaeg on 21. juuni!<\/strong><\/p>\n\n\n\n<div style=\"height:32px\" aria-hidden=\"true\" class=\"wp-block-spacer\"><\/div>\n\n\n\n<div class=\"wp-block-buttons is-layout-flex wp-block-buttons-is-layout-flex\">\n<div class=\"wp-block-button is-style-fill\"><a class=\"wp-block-button__link wp-element-button\" href=\"https:\/\/www.balther.net\/et\/koostoo\/suvekoolid\/suvekool-2023\/kava\/\">Kava<\/a><\/div>\n<\/div>\n\n\n\n<div style=\"height:25px\" aria-hidden=\"true\" class=\"wp-block-spacer\"><\/div>\n\n\n\n<div class=\"wp-block-buttons is-layout-flex wp-block-buttons-is-layout-flex\">\n<div class=\"wp-block-button\"><a class=\"wp-block-button__link wp-element-button\" href=\"\" target=\"_blank\" rel=\"noreferrer noopener\">Galerii<\/a><\/div>\n<\/div>\n\n\n\n<div style=\"height:20px\" aria-hidden=\"true\" class=\"wp-block-spacer\"><\/div>\n","protected":false},"excerpt":{"rendered":"<p>BaltHerNeti suvekool &#8220;V\u00e4liseesti kultuurip\u00e4rand v\u00f5\u00f5rsil. XI. Minu eesti juured\u201c toimub 26.-29. juunini Setomaal V\u00e4rska Sanatooriumis. Kuna Setomaa on tuntud oma traditsiooniteadlikkuse ja oman\u00e4olise ning tugeva identiteedi poolest, valisime t\u00e4navuse suvekooli teemaks juurte ja identiteedi teema. R\u00e4\u00e4gime suguv\u00f5sa- ja nimeuurimisest, pereajaloo j\u00e4\u00e4dvustamise erinevatest viisidest, haudade kaardistamisest, pere- ja kohap\u00e4rimusest. Tutvustame teemaga seotud kogusid Eestis ja v\u00e4liseesti arhiivides. Setomaa on unikaalne ja omap\u00e4rane ka seet\u00f5ttu, et see on piiriala. Piiride muutumine ja elu piirialas on j\u00e4tnud oma j\u00e4lje ka siin elavatesse inimestesse. Aruteludesse mitmes kultuuris elava inimese mitmikidentiteedi \u00fcle kutsume osalema v\u00e4lismaal elavaid eestlasi, Eestisse tagasi p\u00f6\u00f6rdunud v\u00e4liseestlasi, setosid ja identiteediuurijaid. Suvekoolist osav\u00f5tjad kogunevad 26. juunil Tartus, et k\u00fclastada Rahvusarhiivi Tartu peahoonet Noorat ja s\u00f5ita seej\u00e4rel tellitud bussiga Setomaale V\u00e4rska Sanatooriumisse. 27.-28. juunil toimuvad ettekanded ja arutelud, vaatame dokfilme. 29. juunil teeme rings\u00f5idu Setomaal, k\u00fclastame V\u00e4rska Talumuuseumi, Saatse ja Obinitsa muuseume. \u00d5htuks tuuakse suvekoolist osav\u00f5tjad Tartusse. Lisaks v\u00e4liseesti kogukondade esindajatele astuvad suvekoolis \u00fcles inimesed Eesti m\u00e4luasutustest, mis on nimetatud teemaga seotud, tegelevad vastavate kogude arendamise, uurimise ja tutvustamisega: Rahvusarhiiv, Eesti Isikuloo Keskus, Eesti Rahva Muuseum, Eesti Kirjandusmuuseum, Eesti M\u00e4lu Instituut, Setomaa Kultuurikeskus jt. Registreerumise l\u00f5ppt\u00e4htaeg on 21. juuni!<\/p>\n","protected":false},"author":5,"featured_media":0,"parent":446,"menu_order":0,"comment_status":"closed","ping_status":"closed","template":"","meta":{"_acf_changed":false,"_monsterinsights_skip_tracking":false,"_monsterinsights_sitenote_active":false,"_monsterinsights_sitenote_note":"","_monsterinsights_sitenote_category":0,"ngg_post_thumbnail":0,"footnotes":""},"class_list":["post-12827","page","type-page","status-publish","hentry"],"acf":[],"yoast_head":"<!-- This site is optimized with the Yoast SEO plugin v24.2 - https:\/\/yoast.com\/wordpress\/plugins\/seo\/ -->\n<title>Suvekool 2023 - BaltHerNet<\/title>\n<meta name=\"robots\" content=\"index, follow, max-snippet:-1, max-image-preview:large, max-video-preview:-1\" \/>\n<link rel=\"canonical\" href=\"https:\/\/www.balther.net\/et\/koostoo\/suvekoolid\/suvekool-2023\/\" \/>\n<meta property=\"og:locale\" content=\"et_EE\" \/>\n<meta property=\"og:type\" content=\"article\" \/>\n<meta property=\"og:title\" content=\"Suvekool 2023 - BaltHerNet\" \/>\n<meta property=\"og:description\" content=\"BaltHerNeti suvekool &#8220;V\u00e4liseesti kultuurip\u00e4rand v\u00f5\u00f5rsil. XI. Minu eesti juured\u201c toimub 26.-29. juunini Setomaal V\u00e4rska Sanatooriumis. Kuna Setomaa on tuntud oma traditsiooniteadlikkuse ja oman\u00e4olise ning tugeva identiteedi poolest, valisime t\u00e4navuse suvekooli teemaks juurte ja identiteedi teema. R\u00e4\u00e4gime suguv\u00f5sa- ja nimeuurimisest, pereajaloo j\u00e4\u00e4dvustamise erinevatest viisidest, haudade kaardistamisest, pere- ja kohap\u00e4rimusest. Tutvustame teemaga seotud kogusid Eestis ja v\u00e4liseesti arhiivides. Setomaa on unikaalne ja omap\u00e4rane ka seet\u00f5ttu, et see on piiriala. Piiride muutumine ja elu piirialas on j\u00e4tnud oma j\u00e4lje ka siin elavatesse inimestesse. Aruteludesse mitmes kultuuris elava inimese mitmikidentiteedi \u00fcle kutsume osalema v\u00e4lismaal elavaid eestlasi, Eestisse tagasi p\u00f6\u00f6rdunud v\u00e4liseestlasi, setosid ja identiteediuurijaid. Suvekoolist osav\u00f5tjad kogunevad 26. juunil Tartus, et k\u00fclastada Rahvusarhiivi Tartu peahoonet Noorat ja s\u00f5ita seej\u00e4rel tellitud bussiga Setomaale V\u00e4rska Sanatooriumisse. 27.-28. juunil toimuvad ettekanded ja arutelud, vaatame dokfilme. 29. juunil teeme rings\u00f5idu Setomaal, k\u00fclastame V\u00e4rska Talumuuseumi, Saatse ja Obinitsa muuseume. \u00d5htuks tuuakse suvekoolist osav\u00f5tjad Tartusse. Lisaks v\u00e4liseesti kogukondade esindajatele astuvad suvekoolis \u00fcles inimesed Eesti m\u00e4luasutustest, mis on nimetatud teemaga seotud, tegelevad vastavate kogude arendamise, uurimise ja tutvustamisega: Rahvusarhiiv, Eesti Isikuloo Keskus, Eesti Rahva Muuseum, Eesti Kirjandusmuuseum, Eesti M\u00e4lu Instituut, Setomaa Kultuurikeskus jt. Registreerumise l\u00f5ppt\u00e4htaeg on 21. juuni!\" \/>\n<meta property=\"og:url\" content=\"https:\/\/www.balther.net\/et\/koostoo\/suvekoolid\/suvekool-2023\/\" \/>\n<meta property=\"og:site_name\" content=\"BaltHerNet\" \/>\n<meta property=\"article:modified_time\" content=\"2025-04-10T10:55:12+00:00\" \/>\n<meta property=\"og:image\" content=\"https:\/\/www.balther.net\/wp-content\/uploads\/2023\/04\/pilt.png\" \/>\n\t<meta property=\"og:image:width\" content=\"880\" \/>\n\t<meta property=\"og:image:height\" content=\"169\" \/>\n\t<meta property=\"og:image:type\" content=\"image\/png\" \/>\n<meta name=\"twitter:card\" content=\"summary_large_image\" \/>\n<meta name=\"twitter:label1\" content=\"Est. reading time\" \/>\n\t<meta name=\"twitter:data1\" content=\"2 minutit\" \/>\n<script type=\"application\/ld+json\" class=\"yoast-schema-graph\">{\"@context\":\"https:\/\/schema.org\",\"@graph\":[{\"@type\":\"WebPage\",\"@id\":\"https:\/\/www.balther.net\/et\/koostoo\/suvekoolid\/suvekool-2023\/\",\"url\":\"https:\/\/www.balther.net\/et\/koostoo\/suvekoolid\/suvekool-2023\/\",\"name\":\"Suvekool 2023 - BaltHerNet\",\"isPartOf\":{\"@id\":\"https:\/\/www.balther.net\/#website\"},\"primaryImageOfPage\":{\"@id\":\"https:\/\/www.balther.net\/et\/koostoo\/suvekoolid\/suvekool-2023\/#primaryimage\"},\"image\":{\"@id\":\"https:\/\/www.balther.net\/et\/koostoo\/suvekoolid\/suvekool-2023\/#primaryimage\"},\"thumbnailUrl\":\"https:\/\/www.balther.net\/wp-content\/uploads\/2023\/04\/pilt.png\",\"datePublished\":\"2023-04-27T11:44:24+00:00\",\"dateModified\":\"2025-04-10T10:55:12+00:00\",\"breadcrumb\":{\"@id\":\"https:\/\/www.balther.net\/et\/koostoo\/suvekoolid\/suvekool-2023\/#breadcrumb\"},\"inLanguage\":\"et\",\"potentialAction\":[{\"@type\":\"ReadAction\",\"target\":[\"https:\/\/www.balther.net\/et\/koostoo\/suvekoolid\/suvekool-2023\/\"]}]},{\"@type\":\"ImageObject\",\"inLanguage\":\"et\",\"@id\":\"https:\/\/www.balther.net\/et\/koostoo\/suvekoolid\/suvekool-2023\/#primaryimage\",\"url\":\"https:\/\/www.balther.net\/wp-content\/uploads\/2023\/04\/pilt.png\",\"contentUrl\":\"https:\/\/www.balther.net\/wp-content\/uploads\/2023\/04\/pilt.png\"},{\"@type\":\"BreadcrumbList\",\"@id\":\"https:\/\/www.balther.net\/et\/koostoo\/suvekoolid\/suvekool-2023\/#breadcrumb\",\"itemListElement\":[{\"@type\":\"ListItem\",\"position\":1,\"name\":\"Home\",\"item\":\"https:\/\/www.balther.net\/et\/\"},{\"@type\":\"ListItem\",\"position\":2,\"name\":\"Koost\u00f6\u00f6\",\"item\":\"https:\/\/www.balther.net\/et\/koostoo\/\"},{\"@type\":\"ListItem\",\"position\":3,\"name\":\"Suvekoolid\",\"item\":\"https:\/\/www.balther.net\/et\/koostoo\/suvekoolid\/\"},{\"@type\":\"ListItem\",\"position\":4,\"name\":\"Suvekool 2023\"}]},{\"@type\":\"WebSite\",\"@id\":\"https:\/\/www.balther.net\/#website\",\"url\":\"https:\/\/www.balther.net\/\",\"name\":\"BaltHerNet\",\"description\":\"\",\"potentialAction\":[{\"@type\":\"SearchAction\",\"target\":{\"@type\":\"EntryPoint\",\"urlTemplate\":\"https:\/\/www.balther.net\/?s={search_term_string}\"},\"query-input\":{\"@type\":\"PropertyValueSpecification\",\"valueRequired\":true,\"valueName\":\"search_term_string\"}}],\"inLanguage\":\"et\"}]}<\/script>\n<!-- \/ Yoast SEO plugin. -->","yoast_head_json":{"title":"Suvekool 2023 - BaltHerNet","robots":{"index":"index","follow":"follow","max-snippet":"max-snippet:-1","max-image-preview":"max-image-preview:large","max-video-preview":"max-video-preview:-1"},"canonical":"https:\/\/www.balther.net\/et\/koostoo\/suvekoolid\/suvekool-2023\/","og_locale":"et_EE","og_type":"article","og_title":"Suvekool 2023 - BaltHerNet","og_description":"BaltHerNeti suvekool &#8220;V\u00e4liseesti kultuurip\u00e4rand v\u00f5\u00f5rsil. XI. Minu eesti juured\u201c toimub 26.-29. juunini Setomaal V\u00e4rska Sanatooriumis. Kuna Setomaa on tuntud oma traditsiooniteadlikkuse ja oman\u00e4olise ning tugeva identiteedi poolest, valisime t\u00e4navuse suvekooli teemaks juurte ja identiteedi teema. R\u00e4\u00e4gime suguv\u00f5sa- ja nimeuurimisest, pereajaloo j\u00e4\u00e4dvustamise erinevatest viisidest, haudade kaardistamisest, pere- ja kohap\u00e4rimusest. Tutvustame teemaga seotud kogusid Eestis ja v\u00e4liseesti arhiivides. Setomaa on unikaalne ja omap\u00e4rane ka seet\u00f5ttu, et see on piiriala. Piiride muutumine ja elu piirialas on j\u00e4tnud oma j\u00e4lje ka siin elavatesse inimestesse. Aruteludesse mitmes kultuuris elava inimese mitmikidentiteedi \u00fcle kutsume osalema v\u00e4lismaal elavaid eestlasi, Eestisse tagasi p\u00f6\u00f6rdunud v\u00e4liseestlasi, setosid ja identiteediuurijaid. Suvekoolist osav\u00f5tjad kogunevad 26. juunil Tartus, et k\u00fclastada Rahvusarhiivi Tartu peahoonet Noorat ja s\u00f5ita seej\u00e4rel tellitud bussiga Setomaale V\u00e4rska Sanatooriumisse. 27.-28. juunil toimuvad ettekanded ja arutelud, vaatame dokfilme. 29. juunil teeme rings\u00f5idu Setomaal, k\u00fclastame V\u00e4rska Talumuuseumi, Saatse ja Obinitsa muuseume. \u00d5htuks tuuakse suvekoolist osav\u00f5tjad Tartusse. Lisaks v\u00e4liseesti kogukondade esindajatele astuvad suvekoolis \u00fcles inimesed Eesti m\u00e4luasutustest, mis on nimetatud teemaga seotud, tegelevad vastavate kogude arendamise, uurimise ja tutvustamisega: Rahvusarhiiv, Eesti Isikuloo Keskus, Eesti Rahva Muuseum, Eesti Kirjandusmuuseum, Eesti M\u00e4lu Instituut, Setomaa Kultuurikeskus jt. Registreerumise l\u00f5ppt\u00e4htaeg on 21. juuni!","og_url":"https:\/\/www.balther.net\/et\/koostoo\/suvekoolid\/suvekool-2023\/","og_site_name":"BaltHerNet","article_modified_time":"2025-04-10T10:55:12+00:00","og_image":[{"width":880,"height":169,"url":"https:\/\/www.balther.net\/wp-content\/uploads\/2023\/04\/pilt.png","type":"image\/png"}],"twitter_card":"summary_large_image","twitter_misc":{"Est. reading time":"2 minutit"},"schema":{"@context":"https:\/\/schema.org","@graph":[{"@type":"WebPage","@id":"https:\/\/www.balther.net\/et\/koostoo\/suvekoolid\/suvekool-2023\/","url":"https:\/\/www.balther.net\/et\/koostoo\/suvekoolid\/suvekool-2023\/","name":"Suvekool 2023 - BaltHerNet","isPartOf":{"@id":"https:\/\/www.balther.net\/#website"},"primaryImageOfPage":{"@id":"https:\/\/www.balther.net\/et\/koostoo\/suvekoolid\/suvekool-2023\/#primaryimage"},"image":{"@id":"https:\/\/www.balther.net\/et\/koostoo\/suvekoolid\/suvekool-2023\/#primaryimage"},"thumbnailUrl":"https:\/\/www.balther.net\/wp-content\/uploads\/2023\/04\/pilt.png","datePublished":"2023-04-27T11:44:24+00:00","dateModified":"2025-04-10T10:55:12+00:00","breadcrumb":{"@id":"https:\/\/www.balther.net\/et\/koostoo\/suvekoolid\/suvekool-2023\/#breadcrumb"},"inLanguage":"et","potentialAction":[{"@type":"ReadAction","target":["https:\/\/www.balther.net\/et\/koostoo\/suvekoolid\/suvekool-2023\/"]}]},{"@type":"ImageObject","inLanguage":"et","@id":"https:\/\/www.balther.net\/et\/koostoo\/suvekoolid\/suvekool-2023\/#primaryimage","url":"https:\/\/www.balther.net\/wp-content\/uploads\/2023\/04\/pilt.png","contentUrl":"https:\/\/www.balther.net\/wp-content\/uploads\/2023\/04\/pilt.png"},{"@type":"BreadcrumbList","@id":"https:\/\/www.balther.net\/et\/koostoo\/suvekoolid\/suvekool-2023\/#breadcrumb","itemListElement":[{"@type":"ListItem","position":1,"name":"Home","item":"https:\/\/www.balther.net\/et\/"},{"@type":"ListItem","position":2,"name":"Koost\u00f6\u00f6","item":"https:\/\/www.balther.net\/et\/koostoo\/"},{"@type":"ListItem","position":3,"name":"Suvekoolid","item":"https:\/\/www.balther.net\/et\/koostoo\/suvekoolid\/"},{"@type":"ListItem","position":4,"name":"Suvekool 2023"}]},{"@type":"WebSite","@id":"https:\/\/www.balther.net\/#website","url":"https:\/\/www.balther.net\/","name":"BaltHerNet","description":"","potentialAction":[{"@type":"SearchAction","target":{"@type":"EntryPoint","urlTemplate":"https:\/\/www.balther.net\/?s={search_term_string}"},"query-input":{"@type":"PropertyValueSpecification","valueRequired":true,"valueName":"search_term_string"}}],"inLanguage":"et"}]}},"_links":{"self":[{"href":"https:\/\/www.balther.net\/et\/wp-json\/wp\/v2\/pages\/12827","targetHints":{"allow":["GET"]}}],"collection":[{"href":"https:\/\/www.balther.net\/et\/wp-json\/wp\/v2\/pages"}],"about":[{"href":"https:\/\/www.balther.net\/et\/wp-json\/wp\/v2\/types\/page"}],"author":[{"embeddable":true,"href":"https:\/\/www.balther.net\/et\/wp-json\/wp\/v2\/users\/5"}],"replies":[{"embeddable":true,"href":"https:\/\/www.balther.net\/et\/wp-json\/wp\/v2\/comments?post=12827"}],"version-history":[{"count":13,"href":"https:\/\/www.balther.net\/et\/wp-json\/wp\/v2\/pages\/12827\/revisions"}],"predecessor-version":[{"id":24332,"href":"https:\/\/www.balther.net\/et\/wp-json\/wp\/v2\/pages\/12827\/revisions\/24332"}],"up":[{"embeddable":true,"href":"https:\/\/www.balther.net\/et\/wp-json\/wp\/v2\/pages\/446"}],"wp:attachment":[{"href":"https:\/\/www.balther.net\/et\/wp-json\/wp\/v2\/media?parent=12827"}],"curies":[{"name":"wp","href":"https:\/\/api.w.org\/{rel}","templated":true}]}}