{"id":12002,"date":"2021-11-20T23:37:09","date_gmt":"2021-11-20T21:37:09","guid":{"rendered":"https:\/\/www.balther.net\/?page_id=12002"},"modified":"2022-06-28T10:09:02","modified_gmt":"2022-06-28T07:09:02","slug":"toeta-meid","status":"publish","type":"page","link":"https:\/\/www.balther.net\/et\/balthernet\/mtu-balthernet\/toeta-meid\/","title":{"rendered":"Toeta meid"},"content":{"rendered":"\n<h2 class=\"wp-block-heading\"><strong><strong>Toetades MT\u00dcd Baltic Heritage Network, toetad v\u00e4lisbaltlaste kultuurip\u00e4randit!<\/strong><\/strong><\/h2>\n\n\n\n<div style=\"height:32px\" aria-hidden=\"true\" class=\"wp-block-spacer\"><\/div>\n\n\n\n<p>Annetades MT\u00dcle Baltic Heritage Network, toetad:<br>+ v\u00e4lisbalti kultuurip\u00e4randi s\u00e4ilitamist<br>+ sellega seotud info k\u00e4ttesaadavaks muutmist portaalis balther.net<br>+ oma p\u00e4randi s\u00e4ilitamisele p\u00fchendunud vabatahtlike koolitamist ja kogukonnaarhiivide n\u00f5ustamist<br>+ haridusprogrammi l\u00e4biviimist (seminarid, suvekoolid, \u00f5ppek\u00e4igud, konverentsid)<br>+ valdkonna populariseerimist<\/p>\n\n\n\n<p>Meie organisatsiooni edu toetub meie vabatahtlike p\u00fchendunud t\u00f6\u00f6le, kuid eduka programmi l\u00e4biviimiseks on vaja ka rahalisi vahendeid. Neid oleme saanud Eesti riigilt rahvuskaaslaste programmi kaudu ja liikmemaksudest. Selleks, et paremini oma \u00fclesandeid t\u00e4ita ja j\u00f5uda suurema hulga inimeste ning organisatsioonideni, on sinu abi h\u00e4davajalik.<\/p>\n\n\n\n<p><strong>Annetuste tegemine<\/strong><\/p>\n\n\n\n<p>Annetuste tegemise valuutaks on euro (\u20ac).<br>Annetused ei kuulu tagastamisele, seet\u00f5ttu kaalu oma annetust hoolikalt (V\u00d5S \u00a7268).<\/p>\n\n\n\n<div style=\"height:25px\" aria-hidden=\"true\" class=\"wp-block-spacer\"><\/div>\n\n\n\n<p><strong>Oodatud on nii \u00fchekordsed kui p\u00fcsiannetused. Iga v\u00e4ike summa loeb!<\/strong><\/p>\n\n\n\n<div data-project=\"0620a3ad-3485-4f01-bcd8-209daa706ff7\" data-locale=\"et\" class=\"mkdf-snippet\"><\/div>\n<script src=\"https:\/\/payment.test.maksekeskus.ee\/static\/js\/donation\/donation.js\"><\/script>\n\n\n\n<div style=\"height:32px\" aria-hidden=\"true\" class=\"wp-block-spacer\"><\/div>\n\n\n\n<p><\/p>\n\n\n\n<p>Baltic Heritage Network MT\u00dc on isikuandmete vastutav t\u00f6\u00f6tleja, Baltic Heritage Network MT\u00dc edastab maksete teostamiseks vajalikud isikuandmed volitatud t\u00f6\u00f6tleja Maksekeskus AS-ile. Tutvu <a href=\"https:\/\/www.balther.net\/et\/balthernet\/mtu-balthernet\/privaatsuspoliitika\/\">privaatsuspoliitikaga<\/a>.<\/p>\n","protected":false},"excerpt":{"rendered":"<p>Toetades MT\u00dcd Baltic Heritage Network, toetad v\u00e4lisbaltlaste kultuurip\u00e4randit! Annetades MT\u00dcle Baltic Heritage Network, toetad:+ v\u00e4lisbalti kultuurip\u00e4randi s\u00e4ilitamist+ sellega seotud info k\u00e4ttesaadavaks muutmist portaalis balther.net+ oma p\u00e4randi s\u00e4ilitamisele p\u00fchendunud vabatahtlike koolitamist ja kogukonnaarhiivide n\u00f5ustamist+ haridusprogrammi l\u00e4biviimist (seminarid, suvekoolid, \u00f5ppek\u00e4igud, konverentsid)+ valdkonna populariseerimist Meie organisatsiooni edu toetub meie vabatahtlike p\u00fchendunud t\u00f6\u00f6le, kuid eduka programmi l\u00e4biviimiseks on vaja ka rahalisi vahendeid. Neid oleme saanud Eesti riigilt rahvuskaaslaste programmi kaudu ja liikmemaksudest. Selleks, et paremini oma \u00fclesandeid t\u00e4ita ja j\u00f5uda suurema hulga inimeste ning organisatsioonideni, on sinu abi h\u00e4davajalik. Annetuste tegemine Annetuste tegemise valuutaks on euro (\u20ac).Annetused ei kuulu tagastamisele, seet\u00f5ttu kaalu oma annetust hoolikalt (V\u00d5S \u00a7268). Oodatud on nii \u00fchekordsed kui p\u00fcsiannetused. Iga v\u00e4ike summa loeb! Baltic Heritage Network MT\u00dc on isikuandmete vastutav t\u00f6\u00f6tleja, Baltic Heritage Network MT\u00dc edastab maksete teostamiseks vajalikud isikuandmed volitatud t\u00f6\u00f6tleja Maksekeskus AS-ile. Tutvu privaatsuspoliitikaga.<\/p>\n","protected":false},"author":5,"featured_media":0,"parent":419,"menu_order":4,"comment_status":"closed","ping_status":"closed","template":"","meta":{"_acf_changed":false,"_monsterinsights_skip_tracking":false,"_monsterinsights_sitenote_active":false,"_monsterinsights_sitenote_note":"","_monsterinsights_sitenote_category":0,"ngg_post_thumbnail":0,"footnotes":""},"class_list":["post-12002","page","type-page","status-publish","hentry"],"acf":[],"yoast_head":"<!-- This site is optimized with the Yoast SEO plugin v24.2 - https:\/\/yoast.com\/wordpress\/plugins\/seo\/ -->\n<title>Toeta meid - BaltHerNet<\/title>\n<meta name=\"robots\" content=\"index, follow, max-snippet:-1, max-image-preview:large, max-video-preview:-1\" \/>\n<link rel=\"canonical\" href=\"https:\/\/www.balther.net\/et\/balthernet\/mtu-balthernet\/toeta-meid\/\" \/>\n<meta property=\"og:locale\" content=\"et_EE\" \/>\n<meta property=\"og:type\" content=\"article\" \/>\n<meta property=\"og:title\" content=\"Toeta meid - BaltHerNet\" \/>\n<meta property=\"og:description\" content=\"Toetades MT\u00dcd Baltic Heritage Network, toetad v\u00e4lisbaltlaste kultuurip\u00e4randit! Annetades MT\u00dcle Baltic Heritage Network, toetad:+ v\u00e4lisbalti kultuurip\u00e4randi s\u00e4ilitamist+ sellega seotud info k\u00e4ttesaadavaks muutmist portaalis balther.net+ oma p\u00e4randi s\u00e4ilitamisele p\u00fchendunud vabatahtlike koolitamist ja kogukonnaarhiivide n\u00f5ustamist+ haridusprogrammi l\u00e4biviimist (seminarid, suvekoolid, \u00f5ppek\u00e4igud, konverentsid)+ valdkonna populariseerimist Meie organisatsiooni edu toetub meie vabatahtlike p\u00fchendunud t\u00f6\u00f6le, kuid eduka programmi l\u00e4biviimiseks on vaja ka rahalisi vahendeid. Neid oleme saanud Eesti riigilt rahvuskaaslaste programmi kaudu ja liikmemaksudest. Selleks, et paremini oma \u00fclesandeid t\u00e4ita ja j\u00f5uda suurema hulga inimeste ning organisatsioonideni, on sinu abi h\u00e4davajalik. Annetuste tegemine Annetuste tegemise valuutaks on euro (\u20ac).Annetused ei kuulu tagastamisele, seet\u00f5ttu kaalu oma annetust hoolikalt (V\u00d5S \u00a7268). Oodatud on nii \u00fchekordsed kui p\u00fcsiannetused. Iga v\u00e4ike summa loeb! Baltic Heritage Network MT\u00dc on isikuandmete vastutav t\u00f6\u00f6tleja, Baltic Heritage Network MT\u00dc edastab maksete teostamiseks vajalikud isikuandmed volitatud t\u00f6\u00f6tleja Maksekeskus AS-ile. Tutvu privaatsuspoliitikaga.\" \/>\n<meta property=\"og:url\" content=\"https:\/\/www.balther.net\/et\/balthernet\/mtu-balthernet\/toeta-meid\/\" \/>\n<meta property=\"og:site_name\" content=\"BaltHerNet\" \/>\n<meta property=\"article:modified_time\" content=\"2022-06-28T07:09:02+00:00\" \/>\n<meta name=\"twitter:card\" content=\"summary_large_image\" \/>\n<meta name=\"twitter:label1\" content=\"Est. reading time\" \/>\n\t<meta name=\"twitter:data1\" content=\"1 minut\" \/>\n<script type=\"application\/ld+json\" class=\"yoast-schema-graph\">{\"@context\":\"https:\/\/schema.org\",\"@graph\":[{\"@type\":\"WebPage\",\"@id\":\"https:\/\/www.balther.net\/et\/balthernet\/mtu-balthernet\/toeta-meid\/\",\"url\":\"https:\/\/www.balther.net\/et\/balthernet\/mtu-balthernet\/toeta-meid\/\",\"name\":\"Toeta meid - BaltHerNet\",\"isPartOf\":{\"@id\":\"https:\/\/www.balther.net\/#website\"},\"datePublished\":\"2021-11-20T21:37:09+00:00\",\"dateModified\":\"2022-06-28T07:09:02+00:00\",\"breadcrumb\":{\"@id\":\"https:\/\/www.balther.net\/et\/balthernet\/mtu-balthernet\/toeta-meid\/#breadcrumb\"},\"inLanguage\":\"et\",\"potentialAction\":[{\"@type\":\"ReadAction\",\"target\":[\"https:\/\/www.balther.net\/et\/balthernet\/mtu-balthernet\/toeta-meid\/\"]}]},{\"@type\":\"BreadcrumbList\",\"@id\":\"https:\/\/www.balther.net\/et\/balthernet\/mtu-balthernet\/toeta-meid\/#breadcrumb\",\"itemListElement\":[{\"@type\":\"ListItem\",\"position\":1,\"name\":\"Home\",\"item\":\"https:\/\/www.balther.net\/et\/\"},{\"@type\":\"ListItem\",\"position\":2,\"name\":\"BaltHerNet\",\"item\":\"https:\/\/www.balther.net\/et\/balthernet\/\"},{\"@type\":\"ListItem\",\"position\":3,\"name\":\"MT\u00dc BaltHerNet\",\"item\":\"https:\/\/www.balther.net\/et\/balthernet\/mtu-balthernet\/\"},{\"@type\":\"ListItem\",\"position\":4,\"name\":\"Toeta meid\"}]},{\"@type\":\"WebSite\",\"@id\":\"https:\/\/www.balther.net\/#website\",\"url\":\"https:\/\/www.balther.net\/\",\"name\":\"BaltHerNet\",\"description\":\"\",\"potentialAction\":[{\"@type\":\"SearchAction\",\"target\":{\"@type\":\"EntryPoint\",\"urlTemplate\":\"https:\/\/www.balther.net\/?s={search_term_string}\"},\"query-input\":{\"@type\":\"PropertyValueSpecification\",\"valueRequired\":true,\"valueName\":\"search_term_string\"}}],\"inLanguage\":\"et\"}]}<\/script>\n<!-- \/ Yoast SEO plugin. -->","yoast_head_json":{"title":"Toeta meid - BaltHerNet","robots":{"index":"index","follow":"follow","max-snippet":"max-snippet:-1","max-image-preview":"max-image-preview:large","max-video-preview":"max-video-preview:-1"},"canonical":"https:\/\/www.balther.net\/et\/balthernet\/mtu-balthernet\/toeta-meid\/","og_locale":"et_EE","og_type":"article","og_title":"Toeta meid - BaltHerNet","og_description":"Toetades MT\u00dcd Baltic Heritage Network, toetad v\u00e4lisbaltlaste kultuurip\u00e4randit! Annetades MT\u00dcle Baltic Heritage Network, toetad:+ v\u00e4lisbalti kultuurip\u00e4randi s\u00e4ilitamist+ sellega seotud info k\u00e4ttesaadavaks muutmist portaalis balther.net+ oma p\u00e4randi s\u00e4ilitamisele p\u00fchendunud vabatahtlike koolitamist ja kogukonnaarhiivide n\u00f5ustamist+ haridusprogrammi l\u00e4biviimist (seminarid, suvekoolid, \u00f5ppek\u00e4igud, konverentsid)+ valdkonna populariseerimist Meie organisatsiooni edu toetub meie vabatahtlike p\u00fchendunud t\u00f6\u00f6le, kuid eduka programmi l\u00e4biviimiseks on vaja ka rahalisi vahendeid. Neid oleme saanud Eesti riigilt rahvuskaaslaste programmi kaudu ja liikmemaksudest. Selleks, et paremini oma \u00fclesandeid t\u00e4ita ja j\u00f5uda suurema hulga inimeste ning organisatsioonideni, on sinu abi h\u00e4davajalik. Annetuste tegemine Annetuste tegemise valuutaks on euro (\u20ac).Annetused ei kuulu tagastamisele, seet\u00f5ttu kaalu oma annetust hoolikalt (V\u00d5S \u00a7268). Oodatud on nii \u00fchekordsed kui p\u00fcsiannetused. Iga v\u00e4ike summa loeb! Baltic Heritage Network MT\u00dc on isikuandmete vastutav t\u00f6\u00f6tleja, Baltic Heritage Network MT\u00dc edastab maksete teostamiseks vajalikud isikuandmed volitatud t\u00f6\u00f6tleja Maksekeskus AS-ile. Tutvu privaatsuspoliitikaga.","og_url":"https:\/\/www.balther.net\/et\/balthernet\/mtu-balthernet\/toeta-meid\/","og_site_name":"BaltHerNet","article_modified_time":"2022-06-28T07:09:02+00:00","twitter_card":"summary_large_image","twitter_misc":{"Est. reading time":"1 minut"},"schema":{"@context":"https:\/\/schema.org","@graph":[{"@type":"WebPage","@id":"https:\/\/www.balther.net\/et\/balthernet\/mtu-balthernet\/toeta-meid\/","url":"https:\/\/www.balther.net\/et\/balthernet\/mtu-balthernet\/toeta-meid\/","name":"Toeta meid - BaltHerNet","isPartOf":{"@id":"https:\/\/www.balther.net\/#website"},"datePublished":"2021-11-20T21:37:09+00:00","dateModified":"2022-06-28T07:09:02+00:00","breadcrumb":{"@id":"https:\/\/www.balther.net\/et\/balthernet\/mtu-balthernet\/toeta-meid\/#breadcrumb"},"inLanguage":"et","potentialAction":[{"@type":"ReadAction","target":["https:\/\/www.balther.net\/et\/balthernet\/mtu-balthernet\/toeta-meid\/"]}]},{"@type":"BreadcrumbList","@id":"https:\/\/www.balther.net\/et\/balthernet\/mtu-balthernet\/toeta-meid\/#breadcrumb","itemListElement":[{"@type":"ListItem","position":1,"name":"Home","item":"https:\/\/www.balther.net\/et\/"},{"@type":"ListItem","position":2,"name":"BaltHerNet","item":"https:\/\/www.balther.net\/et\/balthernet\/"},{"@type":"ListItem","position":3,"name":"MT\u00dc BaltHerNet","item":"https:\/\/www.balther.net\/et\/balthernet\/mtu-balthernet\/"},{"@type":"ListItem","position":4,"name":"Toeta meid"}]},{"@type":"WebSite","@id":"https:\/\/www.balther.net\/#website","url":"https:\/\/www.balther.net\/","name":"BaltHerNet","description":"","potentialAction":[{"@type":"SearchAction","target":{"@type":"EntryPoint","urlTemplate":"https:\/\/www.balther.net\/?s={search_term_string}"},"query-input":{"@type":"PropertyValueSpecification","valueRequired":true,"valueName":"search_term_string"}}],"inLanguage":"et"}]}},"_links":{"self":[{"href":"https:\/\/www.balther.net\/et\/wp-json\/wp\/v2\/pages\/12002","targetHints":{"allow":["GET"]}}],"collection":[{"href":"https:\/\/www.balther.net\/et\/wp-json\/wp\/v2\/pages"}],"about":[{"href":"https:\/\/www.balther.net\/et\/wp-json\/wp\/v2\/types\/page"}],"author":[{"embeddable":true,"href":"https:\/\/www.balther.net\/et\/wp-json\/wp\/v2\/users\/5"}],"replies":[{"embeddable":true,"href":"https:\/\/www.balther.net\/et\/wp-json\/wp\/v2\/comments?post=12002"}],"version-history":[{"count":8,"href":"https:\/\/www.balther.net\/et\/wp-json\/wp\/v2\/pages\/12002\/revisions"}],"predecessor-version":[{"id":12626,"href":"https:\/\/www.balther.net\/et\/wp-json\/wp\/v2\/pages\/12002\/revisions\/12626"}],"up":[{"embeddable":true,"href":"https:\/\/www.balther.net\/et\/wp-json\/wp\/v2\/pages\/419"}],"wp:attachment":[{"href":"https:\/\/www.balther.net\/et\/wp-json\/wp\/v2\/media?parent=12002"}],"curies":[{"name":"wp","href":"https:\/\/api.w.org\/{rel}","templated":true}]}}