{"id":11749,"date":"2021-05-22T00:01:55","date_gmt":"2021-05-21T21:01:55","guid":{"rendered":"https:\/\/www.balther.net\/?page_id=11749"},"modified":"2021-05-22T00:05:34","modified_gmt":"2021-05-21T21:05:34","slug":"2006-rahvusvaheline-valisbalti-arhiivide-konverents","status":"publish","type":"page","link":"https:\/\/www.balther.net\/et\/koostoo\/konverentsid\/2006-rahvusvaheline-valisbalti-arhiivide-konverents\/","title":{"rendered":"2006 : Rahvusvaheline v\u00e4lisbalti arhiivide konverents"},"content":{"rendered":"<p>27.\u201330. juunil toimus Tartus rahvusvaheline V\u00e4lis-Balti arhiivikonverents <em>International Conference on the Baltic Archives Abroad<\/em>.\u00a0 Eesti Kirjandusmuuseumi ruumes sai kokku \u00fcle 120 inimese k\u00fcmne riigi m\u00e4luasutustest. Konverentsi peakorraldajad olid Kirjandusmuuseum, Rahvusarhiiv ja Karl Ristikivi Selts. \u00dcrituse l\u00e4biviimist toetasid Haridus- ja Teadusministeerium, Eesti Kultuurkapital ning Rootsi ja Kanada saatkonnad Eestis.<\/p>\n<p>\u00a0<\/p>\n<p>Rohkem infot konverentsi <a href=\"http:\/\/www2.kirmus.ee\/baltic_archives_abroad_2006\/\" target=\"_blank\" rel=\"noopener\"><strong>kodulehel<\/strong><\/a>.<\/p>\n<p>Konverentsi \u00fclevaade ajakirjas <a href=\"https:\/\/www.ra.ee\/wp-content\/uploads\/2017\/01\/KibalBirgit_Rahvusvaheline_Valis_TUNA2007_1.pdf\" target=\"_blank\" rel=\"noopener\"><strong>Tuna, 2007 nr.1<\/strong><\/a><\/p>\n\n\n<figure class=\"wp-block-image\"><img decoding=\"async\" src=\"http:\/\/www2.kirmus.ee\/baltic_archives_abroad_2006\/logo2.gif\" alt=\"An International Conference on the Baltic Archives Abroad\"\/><\/figure>\n\n\n\n<p><\/p>\n\n\n\n<p><\/p>\n\n\n\n<p><\/p>\n","protected":false},"excerpt":{"rendered":"<p>27.\u201330. juunil toimus Tartus rahvusvaheline V\u00e4lis-Balti arhiivikonverents International Conference on the Baltic Archives Abroad.\u00a0 Eesti Kirjandusmuuseumi ruumes sai kokku \u00fcle 120 inimese k\u00fcmne riigi m\u00e4luasutustest. Konverentsi peakorraldajad olid Kirjandusmuuseum, Rahvusarhiiv ja Karl Ristikivi Selts. \u00dcrituse l\u00e4biviimist toetasid Haridus- ja Teadusministeerium, Eesti Kultuurkapital ning Rootsi ja Kanada saatkonnad Eestis. \u00a0 Rohkem infot konverentsi kodulehel. Konverentsi \u00fclevaade ajakirjas Tuna, 2007 nr.1<\/p>\n","protected":false},"author":5,"featured_media":0,"parent":444,"menu_order":1,"comment_status":"closed","ping_status":"closed","template":"","meta":{"_acf_changed":false,"_monsterinsights_skip_tracking":false,"_monsterinsights_sitenote_active":false,"_monsterinsights_sitenote_note":"","_monsterinsights_sitenote_category":0,"ngg_post_thumbnail":0,"footnotes":""},"class_list":["post-11749","page","type-page","status-publish","hentry"],"acf":[],"yoast_head":"<!-- This site is optimized with the Yoast SEO plugin v24.2 - https:\/\/yoast.com\/wordpress\/plugins\/seo\/ -->\n<title>2006 : Rahvusvaheline v\u00e4lisbalti arhiivide konverents - BaltHerNet<\/title>\n<meta name=\"robots\" content=\"index, follow, max-snippet:-1, max-image-preview:large, max-video-preview:-1\" \/>\n<link rel=\"canonical\" href=\"https:\/\/www.balther.net\/et\/koostoo\/konverentsid\/2006-rahvusvaheline-valisbalti-arhiivide-konverents\/\" \/>\n<meta property=\"og:locale\" content=\"et_EE\" \/>\n<meta property=\"og:type\" content=\"article\" \/>\n<meta property=\"og:title\" content=\"2006 : Rahvusvaheline v\u00e4lisbalti arhiivide konverents - BaltHerNet\" \/>\n<meta property=\"og:description\" content=\"27.\u201330. juunil toimus Tartus rahvusvaheline V\u00e4lis-Balti arhiivikonverents International Conference on the Baltic Archives Abroad.\u00a0 Eesti Kirjandusmuuseumi ruumes sai kokku \u00fcle 120 inimese k\u00fcmne riigi m\u00e4luasutustest. Konverentsi peakorraldajad olid Kirjandusmuuseum, Rahvusarhiiv ja Karl Ristikivi Selts. \u00dcrituse l\u00e4biviimist toetasid Haridus- ja Teadusministeerium, Eesti Kultuurkapital ning Rootsi ja Kanada saatkonnad Eestis. \u00a0 Rohkem infot konverentsi kodulehel. Konverentsi \u00fclevaade ajakirjas Tuna, 2007 nr.1\" \/>\n<meta property=\"og:url\" content=\"https:\/\/www.balther.net\/et\/koostoo\/konverentsid\/2006-rahvusvaheline-valisbalti-arhiivide-konverents\/\" \/>\n<meta property=\"og:site_name\" content=\"BaltHerNet\" \/>\n<meta property=\"article:modified_time\" content=\"2021-05-21T21:05:34+00:00\" \/>\n<meta property=\"og:image\" content=\"http:\/\/www2.kirmus.ee\/baltic_archives_abroad_2006\/logo2.gif\" \/>\n<meta name=\"twitter:card\" content=\"summary_large_image\" \/>\n<meta name=\"twitter:label1\" content=\"Est. reading time\" \/>\n\t<meta name=\"twitter:data1\" content=\"1 minut\" \/>\n<script type=\"application\/ld+json\" class=\"yoast-schema-graph\">{\"@context\":\"https:\/\/schema.org\",\"@graph\":[{\"@type\":\"WebPage\",\"@id\":\"https:\/\/www.balther.net\/et\/koostoo\/konverentsid\/2006-rahvusvaheline-valisbalti-arhiivide-konverents\/\",\"url\":\"https:\/\/www.balther.net\/et\/koostoo\/konverentsid\/2006-rahvusvaheline-valisbalti-arhiivide-konverents\/\",\"name\":\"2006 : Rahvusvaheline v\u00e4lisbalti arhiivide konverents - BaltHerNet\",\"isPartOf\":{\"@id\":\"https:\/\/www.balther.net\/#website\"},\"primaryImageOfPage\":{\"@id\":\"https:\/\/www.balther.net\/et\/koostoo\/konverentsid\/2006-rahvusvaheline-valisbalti-arhiivide-konverents\/#primaryimage\"},\"image\":{\"@id\":\"https:\/\/www.balther.net\/et\/koostoo\/konverentsid\/2006-rahvusvaheline-valisbalti-arhiivide-konverents\/#primaryimage\"},\"thumbnailUrl\":\"http:\/\/www2.kirmus.ee\/baltic_archives_abroad_2006\/logo2.gif\",\"datePublished\":\"2021-05-21T21:01:55+00:00\",\"dateModified\":\"2021-05-21T21:05:34+00:00\",\"breadcrumb\":{\"@id\":\"https:\/\/www.balther.net\/et\/koostoo\/konverentsid\/2006-rahvusvaheline-valisbalti-arhiivide-konverents\/#breadcrumb\"},\"inLanguage\":\"et\",\"potentialAction\":[{\"@type\":\"ReadAction\",\"target\":[\"https:\/\/www.balther.net\/et\/koostoo\/konverentsid\/2006-rahvusvaheline-valisbalti-arhiivide-konverents\/\"]}]},{\"@type\":\"ImageObject\",\"inLanguage\":\"et\",\"@id\":\"https:\/\/www.balther.net\/et\/koostoo\/konverentsid\/2006-rahvusvaheline-valisbalti-arhiivide-konverents\/#primaryimage\",\"url\":\"http:\/\/www2.kirmus.ee\/baltic_archives_abroad_2006\/logo2.gif\",\"contentUrl\":\"http:\/\/www2.kirmus.ee\/baltic_archives_abroad_2006\/logo2.gif\"},{\"@type\":\"BreadcrumbList\",\"@id\":\"https:\/\/www.balther.net\/et\/koostoo\/konverentsid\/2006-rahvusvaheline-valisbalti-arhiivide-konverents\/#breadcrumb\",\"itemListElement\":[{\"@type\":\"ListItem\",\"position\":1,\"name\":\"Home\",\"item\":\"https:\/\/www.balther.net\/et\/\"},{\"@type\":\"ListItem\",\"position\":2,\"name\":\"Koost\u00f6\u00f6\",\"item\":\"https:\/\/www.balther.net\/et\/koostoo\/\"},{\"@type\":\"ListItem\",\"position\":3,\"name\":\"Konverentsid\",\"item\":\"https:\/\/www.balther.net\/et\/koostoo\/konverentsid\/\"},{\"@type\":\"ListItem\",\"position\":4,\"name\":\"2006 : Rahvusvaheline v\u00e4lisbalti arhiivide konverents\"}]},{\"@type\":\"WebSite\",\"@id\":\"https:\/\/www.balther.net\/#website\",\"url\":\"https:\/\/www.balther.net\/\",\"name\":\"BaltHerNet\",\"description\":\"\",\"potentialAction\":[{\"@type\":\"SearchAction\",\"target\":{\"@type\":\"EntryPoint\",\"urlTemplate\":\"https:\/\/www.balther.net\/?s={search_term_string}\"},\"query-input\":{\"@type\":\"PropertyValueSpecification\",\"valueRequired\":true,\"valueName\":\"search_term_string\"}}],\"inLanguage\":\"et\"}]}<\/script>\n<!-- \/ Yoast SEO plugin. -->","yoast_head_json":{"title":"2006 : Rahvusvaheline v\u00e4lisbalti arhiivide konverents - BaltHerNet","robots":{"index":"index","follow":"follow","max-snippet":"max-snippet:-1","max-image-preview":"max-image-preview:large","max-video-preview":"max-video-preview:-1"},"canonical":"https:\/\/www.balther.net\/et\/koostoo\/konverentsid\/2006-rahvusvaheline-valisbalti-arhiivide-konverents\/","og_locale":"et_EE","og_type":"article","og_title":"2006 : Rahvusvaheline v\u00e4lisbalti arhiivide konverents - BaltHerNet","og_description":"27.\u201330. juunil toimus Tartus rahvusvaheline V\u00e4lis-Balti arhiivikonverents International Conference on the Baltic Archives Abroad.\u00a0 Eesti Kirjandusmuuseumi ruumes sai kokku \u00fcle 120 inimese k\u00fcmne riigi m\u00e4luasutustest. Konverentsi peakorraldajad olid Kirjandusmuuseum, Rahvusarhiiv ja Karl Ristikivi Selts. \u00dcrituse l\u00e4biviimist toetasid Haridus- ja Teadusministeerium, Eesti Kultuurkapital ning Rootsi ja Kanada saatkonnad Eestis. \u00a0 Rohkem infot konverentsi kodulehel. Konverentsi \u00fclevaade ajakirjas Tuna, 2007 nr.1","og_url":"https:\/\/www.balther.net\/et\/koostoo\/konverentsid\/2006-rahvusvaheline-valisbalti-arhiivide-konverents\/","og_site_name":"BaltHerNet","article_modified_time":"2021-05-21T21:05:34+00:00","og_image":[{"url":"http:\/\/www2.kirmus.ee\/baltic_archives_abroad_2006\/logo2.gif","type":"","width":"","height":""}],"twitter_card":"summary_large_image","twitter_misc":{"Est. reading time":"1 minut"},"schema":{"@context":"https:\/\/schema.org","@graph":[{"@type":"WebPage","@id":"https:\/\/www.balther.net\/et\/koostoo\/konverentsid\/2006-rahvusvaheline-valisbalti-arhiivide-konverents\/","url":"https:\/\/www.balther.net\/et\/koostoo\/konverentsid\/2006-rahvusvaheline-valisbalti-arhiivide-konverents\/","name":"2006 : Rahvusvaheline v\u00e4lisbalti arhiivide konverents - BaltHerNet","isPartOf":{"@id":"https:\/\/www.balther.net\/#website"},"primaryImageOfPage":{"@id":"https:\/\/www.balther.net\/et\/koostoo\/konverentsid\/2006-rahvusvaheline-valisbalti-arhiivide-konverents\/#primaryimage"},"image":{"@id":"https:\/\/www.balther.net\/et\/koostoo\/konverentsid\/2006-rahvusvaheline-valisbalti-arhiivide-konverents\/#primaryimage"},"thumbnailUrl":"http:\/\/www2.kirmus.ee\/baltic_archives_abroad_2006\/logo2.gif","datePublished":"2021-05-21T21:01:55+00:00","dateModified":"2021-05-21T21:05:34+00:00","breadcrumb":{"@id":"https:\/\/www.balther.net\/et\/koostoo\/konverentsid\/2006-rahvusvaheline-valisbalti-arhiivide-konverents\/#breadcrumb"},"inLanguage":"et","potentialAction":[{"@type":"ReadAction","target":["https:\/\/www.balther.net\/et\/koostoo\/konverentsid\/2006-rahvusvaheline-valisbalti-arhiivide-konverents\/"]}]},{"@type":"ImageObject","inLanguage":"et","@id":"https:\/\/www.balther.net\/et\/koostoo\/konverentsid\/2006-rahvusvaheline-valisbalti-arhiivide-konverents\/#primaryimage","url":"http:\/\/www2.kirmus.ee\/baltic_archives_abroad_2006\/logo2.gif","contentUrl":"http:\/\/www2.kirmus.ee\/baltic_archives_abroad_2006\/logo2.gif"},{"@type":"BreadcrumbList","@id":"https:\/\/www.balther.net\/et\/koostoo\/konverentsid\/2006-rahvusvaheline-valisbalti-arhiivide-konverents\/#breadcrumb","itemListElement":[{"@type":"ListItem","position":1,"name":"Home","item":"https:\/\/www.balther.net\/et\/"},{"@type":"ListItem","position":2,"name":"Koost\u00f6\u00f6","item":"https:\/\/www.balther.net\/et\/koostoo\/"},{"@type":"ListItem","position":3,"name":"Konverentsid","item":"https:\/\/www.balther.net\/et\/koostoo\/konverentsid\/"},{"@type":"ListItem","position":4,"name":"2006 : Rahvusvaheline v\u00e4lisbalti arhiivide konverents"}]},{"@type":"WebSite","@id":"https:\/\/www.balther.net\/#website","url":"https:\/\/www.balther.net\/","name":"BaltHerNet","description":"","potentialAction":[{"@type":"SearchAction","target":{"@type":"EntryPoint","urlTemplate":"https:\/\/www.balther.net\/?s={search_term_string}"},"query-input":{"@type":"PropertyValueSpecification","valueRequired":true,"valueName":"search_term_string"}}],"inLanguage":"et"}]}},"_links":{"self":[{"href":"https:\/\/www.balther.net\/et\/wp-json\/wp\/v2\/pages\/11749","targetHints":{"allow":["GET"]}}],"collection":[{"href":"https:\/\/www.balther.net\/et\/wp-json\/wp\/v2\/pages"}],"about":[{"href":"https:\/\/www.balther.net\/et\/wp-json\/wp\/v2\/types\/page"}],"author":[{"embeddable":true,"href":"https:\/\/www.balther.net\/et\/wp-json\/wp\/v2\/users\/5"}],"replies":[{"embeddable":true,"href":"https:\/\/www.balther.net\/et\/wp-json\/wp\/v2\/comments?post=11749"}],"version-history":[{"count":2,"href":"https:\/\/www.balther.net\/et\/wp-json\/wp\/v2\/pages\/11749\/revisions"}],"predecessor-version":[{"id":11752,"href":"https:\/\/www.balther.net\/et\/wp-json\/wp\/v2\/pages\/11749\/revisions\/11752"}],"up":[{"embeddable":true,"href":"https:\/\/www.balther.net\/et\/wp-json\/wp\/v2\/pages\/444"}],"wp:attachment":[{"href":"https:\/\/www.balther.net\/et\/wp-json\/wp\/v2\/media?parent=11749"}],"curies":[{"name":"wp","href":"https:\/\/api.w.org\/{rel}","templated":true}]}}