{"id":11739,"date":"2021-05-21T22:05:31","date_gmt":"2021-05-21T19:05:31","guid":{"rendered":"https:\/\/www.balther.net\/?page_id=11739"},"modified":"2021-05-21T22:45:57","modified_gmt":"2021-05-21T19:45:57","slug":"registreerimine","status":"publish","type":"page","link":"https:\/\/www.balther.net\/et\/koostoo\/konverentsid\/2021-no-topic-conference\/registreerimine\/","title":{"rendered":"Registreerimine"},"content":{"rendered":"\n<h2 class=\"wp-block-heading\">Registreeru konverentsile<\/h2>\n\n\n<p>\u00a0<\/p>\n<p>Kuues BaltHerNeti konverents kannab pealkirja \u201cNo Topic Conference\u201d ja leiab aset <strong>15.\u201316. septembril Zoomis<\/strong>. <br \/><br \/>\u00dcrituse toimumise kellaaega oleme p\u00fc\u00fcdnud seada v\u00f5imalikult mugavaks k\u00f5igile ajav\u00f6\u00f6nditele: sessioonid<br \/>toimuvad Eesti, L\u00e4ti ja Leedu aja j\u00e4rgi kell 21\u201324. On v\u00f5imalik osaleda ka ettekande eelsalvestusega.<br \/>Samuti saab konverentsi salvestust hiljem j\u00e4rele vaadata.<br \/><br \/>Konverentsi registreerumisvormi leiad <a href=\"https:\/\/www.balther.net\/cooperation-2\/conferences\/2021-no-topic-conference\/registration\/\"><strong>SIIT<\/strong><\/a>! <br \/><br \/><br \/><\/p>\n<p>\u00a0<\/p>","protected":false},"excerpt":{"rendered":"<p>Registreeru konverentsile \u00a0 Kuues BaltHerNeti konverents kannab pealkirja \u201cNo Topic Conference\u201d ja leiab aset 15.\u201316. septembril Zoomis. \u00dcrituse toimumise kellaaega oleme p\u00fc\u00fcdnud seada v\u00f5imalikult mugavaks k\u00f5igile ajav\u00f6\u00f6nditele: sessioonidtoimuvad Eesti, L\u00e4ti ja Leedu aja j\u00e4rgi kell 21\u201324. On v\u00f5imalik osaleda ka ettekande eelsalvestusega.Samuti saab konverentsi salvestust hiljem j\u00e4rele vaadata. Konverentsi registreerumisvormi leiad SIIT! \u00a0<\/p>\n","protected":false},"author":5,"featured_media":0,"parent":11680,"menu_order":2,"comment_status":"closed","ping_status":"closed","template":"","meta":{"_acf_changed":false,"_monsterinsights_skip_tracking":false,"_monsterinsights_sitenote_active":false,"_monsterinsights_sitenote_note":"","_monsterinsights_sitenote_category":0,"ngg_post_thumbnail":0,"footnotes":""},"class_list":["post-11739","page","type-page","status-publish","hentry"],"acf":[],"yoast_head":"<!-- This site is optimized with the Yoast SEO plugin v24.2 - https:\/\/yoast.com\/wordpress\/plugins\/seo\/ -->\n<title>Registreerimine - BaltHerNet<\/title>\n<meta name=\"robots\" content=\"index, follow, max-snippet:-1, max-image-preview:large, max-video-preview:-1\" \/>\n<link rel=\"canonical\" href=\"https:\/\/www.balther.net\/et\/koostoo\/konverentsid\/2021-no-topic-conference\/registreerimine\/\" \/>\n<meta property=\"og:locale\" content=\"et_EE\" \/>\n<meta property=\"og:type\" content=\"article\" \/>\n<meta property=\"og:title\" content=\"Registreerimine - BaltHerNet\" \/>\n<meta property=\"og:description\" content=\"Registreeru konverentsile \u00a0 Kuues BaltHerNeti konverents kannab pealkirja \u201cNo Topic Conference\u201d ja leiab aset 15.\u201316. septembril Zoomis. \u00dcrituse toimumise kellaaega oleme p\u00fc\u00fcdnud seada v\u00f5imalikult mugavaks k\u00f5igile ajav\u00f6\u00f6nditele: sessioonidtoimuvad Eesti, L\u00e4ti ja Leedu aja j\u00e4rgi kell 21\u201324. On v\u00f5imalik osaleda ka ettekande eelsalvestusega.Samuti saab konverentsi salvestust hiljem j\u00e4rele vaadata. Konverentsi registreerumisvormi leiad SIIT! \u00a0\" \/>\n<meta property=\"og:url\" content=\"https:\/\/www.balther.net\/et\/koostoo\/konverentsid\/2021-no-topic-conference\/registreerimine\/\" \/>\n<meta property=\"og:site_name\" content=\"BaltHerNet\" \/>\n<meta property=\"article:modified_time\" content=\"2021-05-21T19:45:57+00:00\" \/>\n<meta name=\"twitter:card\" content=\"summary_large_image\" \/>\n<meta name=\"twitter:label1\" content=\"Est. reading time\" \/>\n\t<meta name=\"twitter:data1\" content=\"1 minut\" \/>\n<script type=\"application\/ld+json\" class=\"yoast-schema-graph\">{\"@context\":\"https:\/\/schema.org\",\"@graph\":[{\"@type\":\"WebPage\",\"@id\":\"https:\/\/www.balther.net\/et\/koostoo\/konverentsid\/2021-no-topic-conference\/registreerimine\/\",\"url\":\"https:\/\/www.balther.net\/et\/koostoo\/konverentsid\/2021-no-topic-conference\/registreerimine\/\",\"name\":\"Registreerimine - BaltHerNet\",\"isPartOf\":{\"@id\":\"https:\/\/www.balther.net\/#website\"},\"datePublished\":\"2021-05-21T19:05:31+00:00\",\"dateModified\":\"2021-05-21T19:45:57+00:00\",\"breadcrumb\":{\"@id\":\"https:\/\/www.balther.net\/et\/koostoo\/konverentsid\/2021-no-topic-conference\/registreerimine\/#breadcrumb\"},\"inLanguage\":\"et\",\"potentialAction\":[{\"@type\":\"ReadAction\",\"target\":[\"https:\/\/www.balther.net\/et\/koostoo\/konverentsid\/2021-no-topic-conference\/registreerimine\/\"]}]},{\"@type\":\"BreadcrumbList\",\"@id\":\"https:\/\/www.balther.net\/et\/koostoo\/konverentsid\/2021-no-topic-conference\/registreerimine\/#breadcrumb\",\"itemListElement\":[{\"@type\":\"ListItem\",\"position\":1,\"name\":\"Home\",\"item\":\"https:\/\/www.balther.net\/et\/\"},{\"@type\":\"ListItem\",\"position\":2,\"name\":\"Koost\u00f6\u00f6\",\"item\":\"https:\/\/www.balther.net\/et\/koostoo\/\"},{\"@type\":\"ListItem\",\"position\":3,\"name\":\"Konverentsid\",\"item\":\"https:\/\/www.balther.net\/et\/koostoo\/konverentsid\/\"},{\"@type\":\"ListItem\",\"position\":4,\"name\":\"2021 : No Topic Conference\",\"item\":\"https:\/\/www.balther.net\/et\/koostoo\/konverentsid\/2021-no-topic-conference\/\"},{\"@type\":\"ListItem\",\"position\":5,\"name\":\"Registreerimine\"}]},{\"@type\":\"WebSite\",\"@id\":\"https:\/\/www.balther.net\/#website\",\"url\":\"https:\/\/www.balther.net\/\",\"name\":\"BaltHerNet\",\"description\":\"\",\"potentialAction\":[{\"@type\":\"SearchAction\",\"target\":{\"@type\":\"EntryPoint\",\"urlTemplate\":\"https:\/\/www.balther.net\/?s={search_term_string}\"},\"query-input\":{\"@type\":\"PropertyValueSpecification\",\"valueRequired\":true,\"valueName\":\"search_term_string\"}}],\"inLanguage\":\"et\"}]}<\/script>\n<!-- \/ Yoast SEO plugin. -->","yoast_head_json":{"title":"Registreerimine - BaltHerNet","robots":{"index":"index","follow":"follow","max-snippet":"max-snippet:-1","max-image-preview":"max-image-preview:large","max-video-preview":"max-video-preview:-1"},"canonical":"https:\/\/www.balther.net\/et\/koostoo\/konverentsid\/2021-no-topic-conference\/registreerimine\/","og_locale":"et_EE","og_type":"article","og_title":"Registreerimine - BaltHerNet","og_description":"Registreeru konverentsile \u00a0 Kuues BaltHerNeti konverents kannab pealkirja \u201cNo Topic Conference\u201d ja leiab aset 15.\u201316. septembril Zoomis. \u00dcrituse toimumise kellaaega oleme p\u00fc\u00fcdnud seada v\u00f5imalikult mugavaks k\u00f5igile ajav\u00f6\u00f6nditele: sessioonidtoimuvad Eesti, L\u00e4ti ja Leedu aja j\u00e4rgi kell 21\u201324. On v\u00f5imalik osaleda ka ettekande eelsalvestusega.Samuti saab konverentsi salvestust hiljem j\u00e4rele vaadata. Konverentsi registreerumisvormi leiad SIIT! \u00a0","og_url":"https:\/\/www.balther.net\/et\/koostoo\/konverentsid\/2021-no-topic-conference\/registreerimine\/","og_site_name":"BaltHerNet","article_modified_time":"2021-05-21T19:45:57+00:00","twitter_card":"summary_large_image","twitter_misc":{"Est. reading time":"1 minut"},"schema":{"@context":"https:\/\/schema.org","@graph":[{"@type":"WebPage","@id":"https:\/\/www.balther.net\/et\/koostoo\/konverentsid\/2021-no-topic-conference\/registreerimine\/","url":"https:\/\/www.balther.net\/et\/koostoo\/konverentsid\/2021-no-topic-conference\/registreerimine\/","name":"Registreerimine - BaltHerNet","isPartOf":{"@id":"https:\/\/www.balther.net\/#website"},"datePublished":"2021-05-21T19:05:31+00:00","dateModified":"2021-05-21T19:45:57+00:00","breadcrumb":{"@id":"https:\/\/www.balther.net\/et\/koostoo\/konverentsid\/2021-no-topic-conference\/registreerimine\/#breadcrumb"},"inLanguage":"et","potentialAction":[{"@type":"ReadAction","target":["https:\/\/www.balther.net\/et\/koostoo\/konverentsid\/2021-no-topic-conference\/registreerimine\/"]}]},{"@type":"BreadcrumbList","@id":"https:\/\/www.balther.net\/et\/koostoo\/konverentsid\/2021-no-topic-conference\/registreerimine\/#breadcrumb","itemListElement":[{"@type":"ListItem","position":1,"name":"Home","item":"https:\/\/www.balther.net\/et\/"},{"@type":"ListItem","position":2,"name":"Koost\u00f6\u00f6","item":"https:\/\/www.balther.net\/et\/koostoo\/"},{"@type":"ListItem","position":3,"name":"Konverentsid","item":"https:\/\/www.balther.net\/et\/koostoo\/konverentsid\/"},{"@type":"ListItem","position":4,"name":"2021 : No Topic Conference","item":"https:\/\/www.balther.net\/et\/koostoo\/konverentsid\/2021-no-topic-conference\/"},{"@type":"ListItem","position":5,"name":"Registreerimine"}]},{"@type":"WebSite","@id":"https:\/\/www.balther.net\/#website","url":"https:\/\/www.balther.net\/","name":"BaltHerNet","description":"","potentialAction":[{"@type":"SearchAction","target":{"@type":"EntryPoint","urlTemplate":"https:\/\/www.balther.net\/?s={search_term_string}"},"query-input":{"@type":"PropertyValueSpecification","valueRequired":true,"valueName":"search_term_string"}}],"inLanguage":"et"}]}},"_links":{"self":[{"href":"https:\/\/www.balther.net\/et\/wp-json\/wp\/v2\/pages\/11739","targetHints":{"allow":["GET"]}}],"collection":[{"href":"https:\/\/www.balther.net\/et\/wp-json\/wp\/v2\/pages"}],"about":[{"href":"https:\/\/www.balther.net\/et\/wp-json\/wp\/v2\/types\/page"}],"author":[{"embeddable":true,"href":"https:\/\/www.balther.net\/et\/wp-json\/wp\/v2\/users\/5"}],"replies":[{"embeddable":true,"href":"https:\/\/www.balther.net\/et\/wp-json\/wp\/v2\/comments?post=11739"}],"version-history":[{"count":4,"href":"https:\/\/www.balther.net\/et\/wp-json\/wp\/v2\/pages\/11739\/revisions"}],"predecessor-version":[{"id":11746,"href":"https:\/\/www.balther.net\/et\/wp-json\/wp\/v2\/pages\/11739\/revisions\/11746"}],"up":[{"embeddable":true,"href":"https:\/\/www.balther.net\/et\/wp-json\/wp\/v2\/pages\/11680"}],"wp:attachment":[{"href":"https:\/\/www.balther.net\/et\/wp-json\/wp\/v2\/media?parent=11739"}],"curies":[{"name":"wp","href":"https:\/\/api.w.org\/{rel}","templated":true}]}}