{"id":11731,"date":"2021-05-21T21:39:13","date_gmt":"2021-05-21T18:39:13","guid":{"rendered":"https:\/\/www.balther.net\/?page_id=11731"},"modified":"2021-07-02T16:38:11","modified_gmt":"2021-07-02T13:38:11","slug":"ootame-ettekandeid","status":"publish","type":"page","link":"https:\/\/www.balther.net\/et\/koostoo\/konverentsid\/2021-no-topic-conference\/ootame-ettekandeid\/","title":{"rendered":"Ootame ettekandeid"},"content":{"rendered":"<p>2021. aastal m\u00f6\u00f6dub 15 aastat esimesest v\u00e4lisbalti arhiviide konverentsist. See leidis aset 2006. aastal<br \/>Tartus Eesti Kirjandusmuuseumis ja viis MT\u00dc Baltic Heritage Network ametliku asutamiseni 2008.<br \/>aastal.<\/p>\n<p>2021 on BaltHerNeti korralise konverentsi toimumise aasta, kuid koroonaolukorra t\u00f5ttu oleme<br \/>otsustanud selle pidada veebis ja mitte Vilniuses, nagu oli algne kava. <strong>6. BaltHerNeti konverents<\/strong><br \/><strong>kannab pealkirja \u201cNo Topic Conference\u201d ja leiab aset 15.\u201316. septembril Zoomis<\/strong>. \u00dcrituse<br \/>toimumise kellaaega oleme p\u00fc\u00fcdnud seada v\u00f5imalikult mugavaks k\u00f5igile ajav\u00f6\u00f6nditele: sessioonid<br \/>toimuvad Eesti, L\u00e4ti ja Leedu aja j\u00e4rgi kell 21\u201324. On v\u00f5imalik osaleda ka ettekande eelsalvestusega.<br \/>Samuti saab konverentsi salvestust hiljem j\u00e4rele vaadata.<\/p>\n<p>Viimane aasta on muutnud maailmas m\u00f5ndagi. Konverentsil tahame r\u00e4\u00e4kida sellest:<br \/>\u00a0millisessse olukorda on pandeemia asetanud m\u00e4luasutused ja v\u00e4lisbalti kogukonnad, sh nende<br \/>arhiivir\u00fchmad, ja mida v\u00f5iksime sellest kogemusest kaasa v\u00f5tta?<\/p>\n<ul>\n<li>kas ja kuidas on pandeemiapiirangud muutnud m\u00e4luasutuste\/kogukondade prioriteete;<\/li>\n<li>milliseid uusi t\u00f6\u00f6viise ja meetodeid on rakendatud?<\/li>\n<li>kuidas on aidanud olukorraga hakkama saada olemasolevad digi- ja veebiressursid?<\/li>\n<li>milliseid uusi digi- ja veebilahendusi on loodud?<\/li>\n<li>kas ja kuidas on muutunud v\u00e4lisbalti arhiivikogude kasutamine?<\/li>\n<li>kuidas on pandeemia m\u00f5jutanud kogumist\u00f6\u00f6d?<\/li>\n<li>milliste innovaatiliste lahendustega on v\u00e4lja tulnud (ajaloo)kultuuriprogrammi pakkujad?<\/li>\n<li>kas ja kuidas on muutunud s\u00fcndmuste publik?<\/li>\n<li>kuidas m\u00f5jutasid piirangud ekspositsioonit\u00f6\u00f6d?<\/li>\n<li>kuidas on pandeemia m\u00f5jutanud diasporaakogukondade elu ja toimetulekut \u00fcldisemalt?<\/li>\n<\/ul>\n<p><strong>Ettekandepakkumised palume saata hiljemalt 31. juuliks<\/strong>: piretnoorhani[at]gmail.com.<br \/>Konverentsi t\u00f6\u00f6keeleks on <strong>inglise keel<\/strong>.<br \/>Ettekande pikkuseks on <strong>20 minutit<\/strong>.<br \/>Konverentsile saab registreeruda 1. maist 10. septembrini veebiraadressil: <a href=\"https:\/\/www.balther.net\/cooperation-2\/conferences\/2021-no-topic-conference\/registration\/\">balther.net<\/a>.<\/p>\n<p>Konverentsist osav\u00f5tt on tasuta.<br \/>K\u00f5ik huvilised \u00fcle ilma on lahkelt oodatud!<\/p>\n<p>\u00a0<\/p>\n\n\n<p><\/p>\n","protected":false},"excerpt":{"rendered":"<p>2021. aastal m\u00f6\u00f6dub 15 aastat esimesest v\u00e4lisbalti arhiviide konverentsist. See leidis aset 2006. aastalTartus Eesti Kirjandusmuuseumis ja viis MT\u00dc Baltic Heritage Network ametliku asutamiseni 2008.aastal. 2021 on BaltHerNeti korralise konverentsi toimumise aasta, kuid koroonaolukorra t\u00f5ttu olemeotsustanud selle pidada veebis ja mitte Vilniuses, nagu oli algne kava. 6. BaltHerNeti konverentskannab pealkirja \u201cNo Topic Conference\u201d ja leiab aset 15.\u201316. septembril Zoomis. \u00dcritusetoimumise kellaaega oleme p\u00fc\u00fcdnud seada v\u00f5imalikult mugavaks k\u00f5igile ajav\u00f6\u00f6nditele: sessioonidtoimuvad Eesti, L\u00e4ti ja Leedu aja j\u00e4rgi kell 21\u201324. On v\u00f5imalik osaleda ka ettekande eelsalvestusega.Samuti saab konverentsi salvestust hiljem j\u00e4rele vaadata. Viimane aasta on muutnud maailmas m\u00f5ndagi. Konverentsil tahame r\u00e4\u00e4kida sellest:\u00a0millisessse olukorda on pandeemia asetanud m\u00e4luasutused ja v\u00e4lisbalti kogukonnad, sh nendearhiivir\u00fchmad, ja mida v\u00f5iksime sellest kogemusest kaasa v\u00f5tta? kas ja kuidas on pandeemiapiirangud muutnud m\u00e4luasutuste\/kogukondade prioriteete; milliseid uusi t\u00f6\u00f6viise ja meetodeid on rakendatud? kuidas on aidanud olukorraga hakkama saada olemasolevad digi- ja veebiressursid? milliseid uusi digi- ja veebilahendusi on loodud? kas ja kuidas on muutunud v\u00e4lisbalti arhiivikogude kasutamine? kuidas on pandeemia m\u00f5jutanud kogumist\u00f6\u00f6d? milliste innovaatiliste lahendustega on v\u00e4lja tulnud (ajaloo)kultuuriprogrammi pakkujad? kas ja kuidas on muutunud s\u00fcndmuste publik? kuidas m\u00f5jutasid piirangud ekspositsioonit\u00f6\u00f6d? kuidas on pandeemia m\u00f5jutanud diasporaakogukondade elu ja toimetulekut \u00fcldisemalt? Ettekandepakkumised palume saata hiljemalt 31. juuliks: piretnoorhani[at]gmail.com.Konverentsi t\u00f6\u00f6keeleks on inglise keel.Ettekande pikkuseks on 20 minutit.Konverentsile saab registreeruda 1. maist 10. septembrini veebiraadressil: balther.net. Konverentsist osav\u00f5tt on tasuta.K\u00f5ik huvilised \u00fcle ilma on lahkelt oodatud! \u00a0<\/p>\n","protected":false},"author":5,"featured_media":0,"parent":11680,"menu_order":1,"comment_status":"closed","ping_status":"closed","template":"","meta":{"_acf_changed":false,"_monsterinsights_skip_tracking":false,"_monsterinsights_sitenote_active":false,"_monsterinsights_sitenote_note":"","_monsterinsights_sitenote_category":0,"ngg_post_thumbnail":0,"footnotes":""},"class_list":["post-11731","page","type-page","status-publish","hentry"],"acf":[],"yoast_head":"<!-- This site is optimized with the Yoast SEO plugin v24.2 - https:\/\/yoast.com\/wordpress\/plugins\/seo\/ -->\n<title>Ootame ettekandeid - BaltHerNet<\/title>\n<meta name=\"robots\" content=\"index, follow, max-snippet:-1, max-image-preview:large, max-video-preview:-1\" \/>\n<link rel=\"canonical\" href=\"https:\/\/www.balther.net\/et\/koostoo\/konverentsid\/2021-no-topic-conference\/ootame-ettekandeid\/\" \/>\n<meta property=\"og:locale\" content=\"et_EE\" \/>\n<meta property=\"og:type\" content=\"article\" \/>\n<meta property=\"og:title\" content=\"Ootame ettekandeid - BaltHerNet\" \/>\n<meta property=\"og:description\" content=\"2021. aastal m\u00f6\u00f6dub 15 aastat esimesest v\u00e4lisbalti arhiviide konverentsist. See leidis aset 2006. aastalTartus Eesti Kirjandusmuuseumis ja viis MT\u00dc Baltic Heritage Network ametliku asutamiseni 2008.aastal. 2021 on BaltHerNeti korralise konverentsi toimumise aasta, kuid koroonaolukorra t\u00f5ttu olemeotsustanud selle pidada veebis ja mitte Vilniuses, nagu oli algne kava. 6. BaltHerNeti konverentskannab pealkirja \u201cNo Topic Conference\u201d ja leiab aset 15.\u201316. septembril Zoomis. \u00dcritusetoimumise kellaaega oleme p\u00fc\u00fcdnud seada v\u00f5imalikult mugavaks k\u00f5igile ajav\u00f6\u00f6nditele: sessioonidtoimuvad Eesti, L\u00e4ti ja Leedu aja j\u00e4rgi kell 21\u201324. On v\u00f5imalik osaleda ka ettekande eelsalvestusega.Samuti saab konverentsi salvestust hiljem j\u00e4rele vaadata. Viimane aasta on muutnud maailmas m\u00f5ndagi. Konverentsil tahame r\u00e4\u00e4kida sellest:\u00a0millisessse olukorda on pandeemia asetanud m\u00e4luasutused ja v\u00e4lisbalti kogukonnad, sh nendearhiivir\u00fchmad, ja mida v\u00f5iksime sellest kogemusest kaasa v\u00f5tta? kas ja kuidas on pandeemiapiirangud muutnud m\u00e4luasutuste\/kogukondade prioriteete; milliseid uusi t\u00f6\u00f6viise ja meetodeid on rakendatud? kuidas on aidanud olukorraga hakkama saada olemasolevad digi- ja veebiressursid? milliseid uusi digi- ja veebilahendusi on loodud? kas ja kuidas on muutunud v\u00e4lisbalti arhiivikogude kasutamine? kuidas on pandeemia m\u00f5jutanud kogumist\u00f6\u00f6d? milliste innovaatiliste lahendustega on v\u00e4lja tulnud (ajaloo)kultuuriprogrammi pakkujad? kas ja kuidas on muutunud s\u00fcndmuste publik? kuidas m\u00f5jutasid piirangud ekspositsioonit\u00f6\u00f6d? kuidas on pandeemia m\u00f5jutanud diasporaakogukondade elu ja toimetulekut \u00fcldisemalt? Ettekandepakkumised palume saata hiljemalt 31. juuliks: piretnoorhani[at]gmail.com.Konverentsi t\u00f6\u00f6keeleks on inglise keel.Ettekande pikkuseks on 20 minutit.Konverentsile saab registreeruda 1. maist 10. septembrini veebiraadressil: balther.net. Konverentsist osav\u00f5tt on tasuta.K\u00f5ik huvilised \u00fcle ilma on lahkelt oodatud! \u00a0\" \/>\n<meta property=\"og:url\" content=\"https:\/\/www.balther.net\/et\/koostoo\/konverentsid\/2021-no-topic-conference\/ootame-ettekandeid\/\" \/>\n<meta property=\"og:site_name\" content=\"BaltHerNet\" \/>\n<meta property=\"article:modified_time\" content=\"2021-07-02T13:38:11+00:00\" \/>\n<meta name=\"twitter:card\" content=\"summary_large_image\" \/>\n<meta name=\"twitter:label1\" content=\"Est. reading time\" \/>\n\t<meta name=\"twitter:data1\" content=\"2 minutit\" \/>\n<script type=\"application\/ld+json\" class=\"yoast-schema-graph\">{\"@context\":\"https:\/\/schema.org\",\"@graph\":[{\"@type\":\"WebPage\",\"@id\":\"https:\/\/www.balther.net\/et\/koostoo\/konverentsid\/2021-no-topic-conference\/ootame-ettekandeid\/\",\"url\":\"https:\/\/www.balther.net\/et\/koostoo\/konverentsid\/2021-no-topic-conference\/ootame-ettekandeid\/\",\"name\":\"Ootame ettekandeid - BaltHerNet\",\"isPartOf\":{\"@id\":\"https:\/\/www.balther.net\/#website\"},\"datePublished\":\"2021-05-21T18:39:13+00:00\",\"dateModified\":\"2021-07-02T13:38:11+00:00\",\"breadcrumb\":{\"@id\":\"https:\/\/www.balther.net\/et\/koostoo\/konverentsid\/2021-no-topic-conference\/ootame-ettekandeid\/#breadcrumb\"},\"inLanguage\":\"et\",\"potentialAction\":[{\"@type\":\"ReadAction\",\"target\":[\"https:\/\/www.balther.net\/et\/koostoo\/konverentsid\/2021-no-topic-conference\/ootame-ettekandeid\/\"]}]},{\"@type\":\"BreadcrumbList\",\"@id\":\"https:\/\/www.balther.net\/et\/koostoo\/konverentsid\/2021-no-topic-conference\/ootame-ettekandeid\/#breadcrumb\",\"itemListElement\":[{\"@type\":\"ListItem\",\"position\":1,\"name\":\"Home\",\"item\":\"https:\/\/www.balther.net\/et\/\"},{\"@type\":\"ListItem\",\"position\":2,\"name\":\"Koost\u00f6\u00f6\",\"item\":\"https:\/\/www.balther.net\/et\/koostoo\/\"},{\"@type\":\"ListItem\",\"position\":3,\"name\":\"Konverentsid\",\"item\":\"https:\/\/www.balther.net\/et\/koostoo\/konverentsid\/\"},{\"@type\":\"ListItem\",\"position\":4,\"name\":\"2021 : No Topic Conference\",\"item\":\"https:\/\/www.balther.net\/et\/koostoo\/konverentsid\/2021-no-topic-conference\/\"},{\"@type\":\"ListItem\",\"position\":5,\"name\":\"Ootame ettekandeid\"}]},{\"@type\":\"WebSite\",\"@id\":\"https:\/\/www.balther.net\/#website\",\"url\":\"https:\/\/www.balther.net\/\",\"name\":\"BaltHerNet\",\"description\":\"\",\"potentialAction\":[{\"@type\":\"SearchAction\",\"target\":{\"@type\":\"EntryPoint\",\"urlTemplate\":\"https:\/\/www.balther.net\/?s={search_term_string}\"},\"query-input\":{\"@type\":\"PropertyValueSpecification\",\"valueRequired\":true,\"valueName\":\"search_term_string\"}}],\"inLanguage\":\"et\"}]}<\/script>\n<!-- \/ Yoast SEO plugin. -->","yoast_head_json":{"title":"Ootame ettekandeid - BaltHerNet","robots":{"index":"index","follow":"follow","max-snippet":"max-snippet:-1","max-image-preview":"max-image-preview:large","max-video-preview":"max-video-preview:-1"},"canonical":"https:\/\/www.balther.net\/et\/koostoo\/konverentsid\/2021-no-topic-conference\/ootame-ettekandeid\/","og_locale":"et_EE","og_type":"article","og_title":"Ootame ettekandeid - BaltHerNet","og_description":"2021. aastal m\u00f6\u00f6dub 15 aastat esimesest v\u00e4lisbalti arhiviide konverentsist. See leidis aset 2006. aastalTartus Eesti Kirjandusmuuseumis ja viis MT\u00dc Baltic Heritage Network ametliku asutamiseni 2008.aastal. 2021 on BaltHerNeti korralise konverentsi toimumise aasta, kuid koroonaolukorra t\u00f5ttu olemeotsustanud selle pidada veebis ja mitte Vilniuses, nagu oli algne kava. 6. BaltHerNeti konverentskannab pealkirja \u201cNo Topic Conference\u201d ja leiab aset 15.\u201316. septembril Zoomis. \u00dcritusetoimumise kellaaega oleme p\u00fc\u00fcdnud seada v\u00f5imalikult mugavaks k\u00f5igile ajav\u00f6\u00f6nditele: sessioonidtoimuvad Eesti, L\u00e4ti ja Leedu aja j\u00e4rgi kell 21\u201324. On v\u00f5imalik osaleda ka ettekande eelsalvestusega.Samuti saab konverentsi salvestust hiljem j\u00e4rele vaadata. Viimane aasta on muutnud maailmas m\u00f5ndagi. Konverentsil tahame r\u00e4\u00e4kida sellest:\u00a0millisessse olukorda on pandeemia asetanud m\u00e4luasutused ja v\u00e4lisbalti kogukonnad, sh nendearhiivir\u00fchmad, ja mida v\u00f5iksime sellest kogemusest kaasa v\u00f5tta? kas ja kuidas on pandeemiapiirangud muutnud m\u00e4luasutuste\/kogukondade prioriteete; milliseid uusi t\u00f6\u00f6viise ja meetodeid on rakendatud? kuidas on aidanud olukorraga hakkama saada olemasolevad digi- ja veebiressursid? milliseid uusi digi- ja veebilahendusi on loodud? kas ja kuidas on muutunud v\u00e4lisbalti arhiivikogude kasutamine? kuidas on pandeemia m\u00f5jutanud kogumist\u00f6\u00f6d? milliste innovaatiliste lahendustega on v\u00e4lja tulnud (ajaloo)kultuuriprogrammi pakkujad? kas ja kuidas on muutunud s\u00fcndmuste publik? kuidas m\u00f5jutasid piirangud ekspositsioonit\u00f6\u00f6d? kuidas on pandeemia m\u00f5jutanud diasporaakogukondade elu ja toimetulekut \u00fcldisemalt? Ettekandepakkumised palume saata hiljemalt 31. juuliks: piretnoorhani[at]gmail.com.Konverentsi t\u00f6\u00f6keeleks on inglise keel.Ettekande pikkuseks on 20 minutit.Konverentsile saab registreeruda 1. maist 10. septembrini veebiraadressil: balther.net. Konverentsist osav\u00f5tt on tasuta.K\u00f5ik huvilised \u00fcle ilma on lahkelt oodatud! \u00a0","og_url":"https:\/\/www.balther.net\/et\/koostoo\/konverentsid\/2021-no-topic-conference\/ootame-ettekandeid\/","og_site_name":"BaltHerNet","article_modified_time":"2021-07-02T13:38:11+00:00","twitter_card":"summary_large_image","twitter_misc":{"Est. reading time":"2 minutit"},"schema":{"@context":"https:\/\/schema.org","@graph":[{"@type":"WebPage","@id":"https:\/\/www.balther.net\/et\/koostoo\/konverentsid\/2021-no-topic-conference\/ootame-ettekandeid\/","url":"https:\/\/www.balther.net\/et\/koostoo\/konverentsid\/2021-no-topic-conference\/ootame-ettekandeid\/","name":"Ootame ettekandeid - BaltHerNet","isPartOf":{"@id":"https:\/\/www.balther.net\/#website"},"datePublished":"2021-05-21T18:39:13+00:00","dateModified":"2021-07-02T13:38:11+00:00","breadcrumb":{"@id":"https:\/\/www.balther.net\/et\/koostoo\/konverentsid\/2021-no-topic-conference\/ootame-ettekandeid\/#breadcrumb"},"inLanguage":"et","potentialAction":[{"@type":"ReadAction","target":["https:\/\/www.balther.net\/et\/koostoo\/konverentsid\/2021-no-topic-conference\/ootame-ettekandeid\/"]}]},{"@type":"BreadcrumbList","@id":"https:\/\/www.balther.net\/et\/koostoo\/konverentsid\/2021-no-topic-conference\/ootame-ettekandeid\/#breadcrumb","itemListElement":[{"@type":"ListItem","position":1,"name":"Home","item":"https:\/\/www.balther.net\/et\/"},{"@type":"ListItem","position":2,"name":"Koost\u00f6\u00f6","item":"https:\/\/www.balther.net\/et\/koostoo\/"},{"@type":"ListItem","position":3,"name":"Konverentsid","item":"https:\/\/www.balther.net\/et\/koostoo\/konverentsid\/"},{"@type":"ListItem","position":4,"name":"2021 : No Topic Conference","item":"https:\/\/www.balther.net\/et\/koostoo\/konverentsid\/2021-no-topic-conference\/"},{"@type":"ListItem","position":5,"name":"Ootame ettekandeid"}]},{"@type":"WebSite","@id":"https:\/\/www.balther.net\/#website","url":"https:\/\/www.balther.net\/","name":"BaltHerNet","description":"","potentialAction":[{"@type":"SearchAction","target":{"@type":"EntryPoint","urlTemplate":"https:\/\/www.balther.net\/?s={search_term_string}"},"query-input":{"@type":"PropertyValueSpecification","valueRequired":true,"valueName":"search_term_string"}}],"inLanguage":"et"}]}},"_links":{"self":[{"href":"https:\/\/www.balther.net\/et\/wp-json\/wp\/v2\/pages\/11731","targetHints":{"allow":["GET"]}}],"collection":[{"href":"https:\/\/www.balther.net\/et\/wp-json\/wp\/v2\/pages"}],"about":[{"href":"https:\/\/www.balther.net\/et\/wp-json\/wp\/v2\/types\/page"}],"author":[{"embeddable":true,"href":"https:\/\/www.balther.net\/et\/wp-json\/wp\/v2\/users\/5"}],"replies":[{"embeddable":true,"href":"https:\/\/www.balther.net\/et\/wp-json\/wp\/v2\/comments?post=11731"}],"version-history":[{"count":5,"href":"https:\/\/www.balther.net\/et\/wp-json\/wp\/v2\/pages\/11731\/revisions"}],"predecessor-version":[{"id":11800,"href":"https:\/\/www.balther.net\/et\/wp-json\/wp\/v2\/pages\/11731\/revisions\/11800"}],"up":[{"embeddable":true,"href":"https:\/\/www.balther.net\/et\/wp-json\/wp\/v2\/pages\/11680"}],"wp:attachment":[{"href":"https:\/\/www.balther.net\/et\/wp-json\/wp\/v2\/media?parent=11731"}],"curies":[{"name":"wp","href":"https:\/\/api.w.org\/{rel}","templated":true}]}}