{"id":10423,"date":"2019-11-27T23:07:24","date_gmt":"2019-11-27T21:07:24","guid":{"rendered":"https:\/\/www.balther.net\/?page_id=10423"},"modified":"2019-11-28T01:02:01","modified_gmt":"2019-11-27T23:02:01","slug":"valiseesti-naituste-festival-ii","status":"publish","type":"page","link":"https:\/\/www.balther.net\/et\/koostoo\/naitused\/valiseesti-naituste-festival-ii\/","title":{"rendered":"V\u00e4liseesti n\u00e4ituste festival II"},"content":{"rendered":"<p>2019. aasta mais Eestis alguse saanud v\u00e4liseesti n\u00e4ituste festival on j\u00e4tkunud l\u00e4bi kogu s\u00fcgise ja ulatub otsaga uude aastasse. Festivali k\u00e4igus eksponeeritakse v\u00e4liseesti kogukondade, Eesti m\u00e4luasutuste v\u00f5i nende \u00fchist\u00f6\u00f6na valminud v\u00e4liseesti teemalisi n\u00e4itusi.<\/p>\n<p>Nii kodu- kui v\u00e4liseesti m\u00e4luasutused on viimaste aastate jooksul loonud m\u00e4rkimisv\u00e4\u00e4rse hulga n\u00e4itusi, mis k\u00e4sitlevad eesti diasporaa ajaloo erinevaid etappe ja aspekte. Osa neist on Eestis varem eksponeeritud, suurt osa n\u00e4eb Eesti publik esmakordselt.<\/p>\n<p>Festivali korraldavad v\u00e4liseesti ja -balti kultuurip\u00e4randiga tegelev MT\u00dc Baltic Heritage Network ja Torontos asuv VEMU koost\u00f6\u00f6s paljude Eesti ja v\u00e4liseesti m\u00e4luasutustega. Ettev\u00f5tmist toetavad Eesti Teadus- ja Haridusministeerium \/ rahvuskaaslaste programm ja Estonian Studies Centre\/VEMU.<\/p>\n<hr \/>\n<p>&nbsp;<\/p>\n<p style=\"text-align: center;\"><strong>V\u00c4LISEESTI N\u00c4ITUSTE FESTIVAL<\/strong><\/p>\n<p style=\"text-align: center;\"><strong>2019-2020<\/strong><br \/>\n<strong> s\u00fcgis\/talv<\/strong><\/p>\n<p>&nbsp;<\/p>\n<p><strong><span style=\"text-decoration: underline;\">Tallinn<\/span><\/strong><\/p>\n<p><strong>\u201eRoman Toi 100\u201c<\/strong> (Eesti Teatri- ja Muusikamuuseum, V\u00e4liseesti Muuseum)<br \/>\nJaani kirik \u2013 Vabaduse v\u00e4ljak 1, Tallinn<br \/>\n18.-22.09.2019<\/p>\n<p><strong>\u201e75 aastat suurest p\u00f5genemisest. Ajakirjandus, raamatud, fotod\u201c<\/strong> (TL\u00dc Akadeemiline Raamatukogu)<br \/>\nTallinna \u00dclikooli Akadeemiline Raamatukogu &#8211; R\u00e4vala puiestee 10, Tallinn<br \/>\n19.09.-24.11.2019<\/p>\n<p><strong>\u201eBalti \u00dclikooli lugu\u201c<\/strong> (Helga Merits, V\u00e4liseesti Muuseum)<br \/>\nTallinna \u00dclikooli Akadeemiline Raamatukogu &#8211; R\u00e4vala puiestee 10, Tallinn<br \/>\n19.09.-24.11.2019<\/p>\n<p><strong>\u201eElukaare kaks otsa\u201c<\/strong> (Kristen Dobbin, Toomas Volkmann, V\u00e4liseesti Muuseum)<br \/>\nTheatrum, Ait \u2013 Vene 14, Tallinn<br \/>\nI osa 14.01.-4.02.2020, II osa 5.02-28.02.2020<\/p>\n<p>&nbsp;<\/p>\n<p><span style=\"text-decoration: underline;\"><strong>Tartu<\/strong><\/span><\/p>\n<p><strong>\u201eOma lugusid jagades: Balti diasporaa kodu Kanadas\u201c<\/strong> (Baltic Canadian Imprint: V\u00e4liseesti Muuseum, Kanada Leedu Arhiiv-muuseum, Kanada L\u00e4ti Arhiiv-muuseum, Kanada Balti Immigratsiooniabi \u00dching)<br \/>\nTartu \u00dclikoool &#8211; Lossi 36, Tartu<br \/>\n12.-28.10.2019<\/p>\n<p><strong>\u201eKirjad ja mustrid kodustele. Erika Kalami etnograafilised postkaardid\u201c<\/strong> (Eesti Rahva Muuseum)<br \/>\nEesti Rahva Muuseum &#8211; Muuseumi tee 2, Tartu<br \/>\n12.11-20.12.2019<\/p>\n<p><strong>\u201ePortselannukud eesti rahvariietes\u201c<\/strong> (Elsa-Karin Lutz-Reissaar, USA)<br \/>\nEesti Rahva Muuseum &#8211; Muuseumi tee 2, Tartu<br \/>\n12.11-20.12.2019<\/p>\n<p><strong>\u201eRoman Toi 100\u201c<\/strong> (Eesti Teatri- ja Muusikamuuseum, V\u00e4liseesti Muuseum)<br \/>\nTartu Oskar Lutsu nimeline Linnaraamatukogu &#8211;\u00a0 Kompanii 3\/5, IV korrus<br \/>\n20.02.-20.03. 2020<\/p>\n<p>&nbsp;<\/p>\n<p><span style=\"text-decoration: underline;\"><strong>V\u00f5ru<\/strong><\/span><\/p>\n<p><strong>\u201eToit \u2013 eestluse varaait. Eesti toidupoed ja -\u00e4rid Torontos\u201c<\/strong> (Eesti Rahva Muuseum, V\u00e4liseesti Muuseum)<br \/>\nV\u00f5rumaa Keskraamatukogu &#8211; J\u00fcri 54, V\u00f5ru<br \/>\n30.05.-4.10.2019<\/p>\n<p><strong>\u201ePaadip\u00f5genikud 1944. Nelja paadi lood\u201c <\/strong>(Rootsi Eestlaste Liit,\u00a0Evelin Tamm, Mai Raud-P\u00e4hn, Taavo Kask)<br \/>\nV\u00f5rumaa Keskraamatukogu &#8211; J\u00fcri 54, V\u00f5ru<br \/>\n7.10.2019-30.03.2020<\/p>\n<p><strong>\u201eElukaare kaks otsa\u201c<\/strong><br \/>\nV\u00f5rumaa Keskraamatukogu &#8211; J\u00fcri 54, V\u00f5ru<br \/>\n16.03.-30.06.2020<\/p>\n<p><strong>\u201eKirjad ja mustrid kodustele. Erika Kalami etnograafilised postkaardid\u201c<\/strong> (Eesti Rahva Muuseum)<br \/>\nV\u00f5rumaa Keskraamatukogu &#8211; J\u00fcri 54, V\u00f5ru<br \/>\n13.01.-13.03.2020<\/p>\n<p>&nbsp;<\/p>\n<p><span style=\"text-decoration: underline;\"><strong>Toronto<\/strong><\/span><\/p>\n<p><strong>\u201eEesti sport Kanadas\u201c<\/strong> (Eesti Spordimuuseum, V\u00e4liseesti Muuseum)<br \/>\nV\u00e4liseesti Muuseum &#8211; 310 Bloor St. W.<br \/>\n28.09.-14.02.2020<\/p>\n<p><strong>\u201eESTO \u2013 \u00fcleilmse eestluse hoidja\u201c<\/strong> (Eesti Rahva Muuseum, V\u00e4liseesti Muuseum)<br \/>\nV\u00e4liseesti Muuseum &#8211; 310 Bloor St. W.<br \/>\n18.02.-15.05.2020<\/p>\n<p>&nbsp;<\/p>\n<p><a href=\"https:\/\/www.balther.net\/wp-content\/uploads\/2019\/11\/Festival-II.jpg\" data-rel=\"lightbox-image-0\" data-rl_title=\"\" data-rl_caption=\"\" title=\"\"><img loading=\"lazy\" decoding=\"async\" class=\"aligncenter size-full wp-image-10425\" src=\"https:\/\/www.balther.net\/wp-content\/uploads\/2019\/11\/Festival-II.jpg\" alt=\"\" width=\"511\" height=\"694\" srcset=\"https:\/\/www.balther.net\/wp-content\/uploads\/2019\/11\/Festival-II.jpg 511w, https:\/\/www.balther.net\/wp-content\/uploads\/2019\/11\/Festival-II-221x300.jpg 221w, https:\/\/www.balther.net\/wp-content\/uploads\/2019\/11\/Festival-II-239x324.jpg 239w\" sizes=\"auto, (max-width: 511px) 100vw, 511px\" \/><\/a><\/p>\n<p>&nbsp;<\/p>\n","protected":false},"excerpt":{"rendered":"<p>2019. aasta mais Eestis alguse saanud v\u00e4liseesti n\u00e4ituste festival on j\u00e4tkunud l\u00e4bi kogu s\u00fcgise ja ulatub otsaga uude aastasse. Festivali k\u00e4igus eksponeeritakse v\u00e4liseesti kogukondade, Eesti m\u00e4luasutuste v\u00f5i nende \u00fchist\u00f6\u00f6na valminud v\u00e4liseesti teemalisi n\u00e4itusi. Nii kodu- kui v\u00e4liseesti m\u00e4luasutused on viimaste aastate jooksul loonud m\u00e4rkimisv\u00e4\u00e4rse hulga n\u00e4itusi, mis k\u00e4sitlevad eesti diasporaa ajaloo erinevaid etappe ja aspekte. Osa neist on Eestis varem eksponeeritud, suurt osa n\u00e4eb Eesti publik esmakordselt. Festivali korraldavad v\u00e4liseesti ja -balti kultuurip\u00e4randiga tegelev MT\u00dc Baltic Heritage Network ja Torontos asuv VEMU koost\u00f6\u00f6s paljude Eesti ja v\u00e4liseesti m\u00e4luasutustega. Ettev\u00f5tmist toetavad Eesti Teadus- ja Haridusministeerium \/ rahvuskaaslaste programm ja Estonian Studies Centre\/VEMU. &nbsp; V\u00c4LISEESTI N\u00c4ITUSTE FESTIVAL 2019-2020 s\u00fcgis\/talv &nbsp; Tallinn \u201eRoman Toi 100\u201c (Eesti Teatri- ja Muusikamuuseum, V\u00e4liseesti Muuseum) Jaani kirik \u2013 Vabaduse v\u00e4ljak 1, Tallinn 18.-22.09.2019 \u201e75 aastat suurest p\u00f5genemisest. Ajakirjandus, raamatud, fotod\u201c (TL\u00dc Akadeemiline Raamatukogu) Tallinna \u00dclikooli Akadeemiline Raamatukogu &#8211; R\u00e4vala puiestee 10, Tallinn 19.09.-24.11.2019 \u201eBalti \u00dclikooli lugu\u201c (Helga Merits, V\u00e4liseesti Muuseum) Tallinna \u00dclikooli Akadeemiline Raamatukogu &#8211; R\u00e4vala puiestee 10, Tallinn 19.09.-24.11.2019 \u201eElukaare kaks otsa\u201c (Kristen Dobbin, Toomas Volkmann, V\u00e4liseesti Muuseum) Theatrum, Ait \u2013 Vene 14, Tallinn I osa 14.01.-4.02.2020, II osa 5.02-28.02.2020 &nbsp; Tartu \u201eOma lugusid jagades: Balti diasporaa kodu Kanadas\u201c (Baltic Canadian Imprint: V\u00e4liseesti Muuseum, Kanada Leedu Arhiiv-muuseum, Kanada L\u00e4ti Arhiiv-muuseum, Kanada Balti Immigratsiooniabi \u00dching) Tartu \u00dclikoool &#8211; Lossi 36, Tartu 12.-28.10.2019 \u201eKirjad ja mustrid kodustele. Erika Kalami etnograafilised postkaardid\u201c (Eesti Rahva Muuseum) Eesti Rahva Muuseum &#8211; Muuseumi tee 2, Tartu 12.11-20.12.2019 \u201ePortselannukud eesti rahvariietes\u201c (Elsa-Karin Lutz-Reissaar, USA) Eesti Rahva Muuseum &#8211; Muuseumi tee 2, Tartu 12.11-20.12.2019 \u201eRoman Toi 100\u201c (Eesti Teatri- ja Muusikamuuseum, V\u00e4liseesti Muuseum) Tartu Oskar Lutsu nimeline Linnaraamatukogu &#8211;\u00a0 Kompanii 3\/5, IV korrus 20.02.-20.03. 2020 &nbsp; V\u00f5ru \u201eToit \u2013 eestluse varaait. Eesti toidupoed ja -\u00e4rid Torontos\u201c (Eesti Rahva Muuseum, V\u00e4liseesti Muuseum) V\u00f5rumaa Keskraamatukogu &#8211; J\u00fcri 54, V\u00f5ru 30.05.-4.10.2019 \u201ePaadip\u00f5genikud 1944. Nelja paadi lood\u201c (Rootsi Eestlaste Liit,\u00a0Evelin Tamm, Mai Raud-P\u00e4hn, Taavo Kask) V\u00f5rumaa Keskraamatukogu &#8211; J\u00fcri 54, V\u00f5ru 7.10.2019-30.03.2020 \u201eElukaare kaks otsa\u201c V\u00f5rumaa Keskraamatukogu &#8211; J\u00fcri 54, V\u00f5ru 16.03.-30.06.2020 \u201eKirjad ja mustrid kodustele. Erika Kalami etnograafilised postkaardid\u201c (Eesti Rahva Muuseum) V\u00f5rumaa Keskraamatukogu &#8211; J\u00fcri 54, V\u00f5ru 13.01.-13.03.2020 &nbsp; Toronto \u201eEesti sport Kanadas\u201c (Eesti Spordimuuseum, V\u00e4liseesti Muuseum) V\u00e4liseesti Muuseum &#8211; 310 Bloor St. W. 28.09.-14.02.2020 \u201eESTO \u2013 \u00fcleilmse eestluse hoidja\u201c (Eesti Rahva Muuseum, V\u00e4liseesti Muuseum) V\u00e4liseesti Muuseum &#8211; 310 Bloor St. W. 18.02.-15.05.2020 &nbsp; &nbsp;<\/p>\n","protected":false},"author":5,"featured_media":0,"parent":10175,"menu_order":0,"comment_status":"closed","ping_status":"closed","template":"","meta":{"_acf_changed":false,"_monsterinsights_skip_tracking":false,"_monsterinsights_sitenote_active":false,"_monsterinsights_sitenote_note":"","_monsterinsights_sitenote_category":0,"ngg_post_thumbnail":0,"footnotes":""},"class_list":["post-10423","page","type-page","status-publish","hentry"],"acf":[],"yoast_head":"<!-- This site is optimized with the Yoast SEO plugin v24.2 - https:\/\/yoast.com\/wordpress\/plugins\/seo\/ -->\n<title>V\u00e4liseesti n\u00e4ituste festival II - BaltHerNet<\/title>\n<meta name=\"robots\" content=\"index, follow, max-snippet:-1, max-image-preview:large, max-video-preview:-1\" \/>\n<link rel=\"canonical\" href=\"https:\/\/www.balther.net\/et\/koostoo\/naitused\/valiseesti-naituste-festival-ii\/\" \/>\n<meta property=\"og:locale\" content=\"et_EE\" \/>\n<meta property=\"og:type\" content=\"article\" \/>\n<meta property=\"og:title\" content=\"V\u00e4liseesti n\u00e4ituste festival II - BaltHerNet\" \/>\n<meta property=\"og:description\" content=\"2019. aasta mais Eestis alguse saanud v\u00e4liseesti n\u00e4ituste festival on j\u00e4tkunud l\u00e4bi kogu s\u00fcgise ja ulatub otsaga uude aastasse. Festivali k\u00e4igus eksponeeritakse v\u00e4liseesti kogukondade, Eesti m\u00e4luasutuste v\u00f5i nende \u00fchist\u00f6\u00f6na valminud v\u00e4liseesti teemalisi n\u00e4itusi. Nii kodu- kui v\u00e4liseesti m\u00e4luasutused on viimaste aastate jooksul loonud m\u00e4rkimisv\u00e4\u00e4rse hulga n\u00e4itusi, mis k\u00e4sitlevad eesti diasporaa ajaloo erinevaid etappe ja aspekte. Osa neist on Eestis varem eksponeeritud, suurt osa n\u00e4eb Eesti publik esmakordselt. Festivali korraldavad v\u00e4liseesti ja -balti kultuurip\u00e4randiga tegelev MT\u00dc Baltic Heritage Network ja Torontos asuv VEMU koost\u00f6\u00f6s paljude Eesti ja v\u00e4liseesti m\u00e4luasutustega. Ettev\u00f5tmist toetavad Eesti Teadus- ja Haridusministeerium \/ rahvuskaaslaste programm ja Estonian Studies Centre\/VEMU. &nbsp; V\u00c4LISEESTI N\u00c4ITUSTE FESTIVAL 2019-2020 s\u00fcgis\/talv &nbsp; Tallinn \u201eRoman Toi 100\u201c (Eesti Teatri- ja Muusikamuuseum, V\u00e4liseesti Muuseum) Jaani kirik \u2013 Vabaduse v\u00e4ljak 1, Tallinn 18.-22.09.2019 \u201e75 aastat suurest p\u00f5genemisest. Ajakirjandus, raamatud, fotod\u201c (TL\u00dc Akadeemiline Raamatukogu) Tallinna \u00dclikooli Akadeemiline Raamatukogu &#8211; R\u00e4vala puiestee 10, Tallinn 19.09.-24.11.2019 \u201eBalti \u00dclikooli lugu\u201c (Helga Merits, V\u00e4liseesti Muuseum) Tallinna \u00dclikooli Akadeemiline Raamatukogu &#8211; R\u00e4vala puiestee 10, Tallinn 19.09.-24.11.2019 \u201eElukaare kaks otsa\u201c (Kristen Dobbin, Toomas Volkmann, V\u00e4liseesti Muuseum) Theatrum, Ait \u2013 Vene 14, Tallinn I osa 14.01.-4.02.2020, II osa 5.02-28.02.2020 &nbsp; Tartu \u201eOma lugusid jagades: Balti diasporaa kodu Kanadas\u201c (Baltic Canadian Imprint: V\u00e4liseesti Muuseum, Kanada Leedu Arhiiv-muuseum, Kanada L\u00e4ti Arhiiv-muuseum, Kanada Balti Immigratsiooniabi \u00dching) Tartu \u00dclikoool &#8211; Lossi 36, Tartu 12.-28.10.2019 \u201eKirjad ja mustrid kodustele. Erika Kalami etnograafilised postkaardid\u201c (Eesti Rahva Muuseum) Eesti Rahva Muuseum &#8211; Muuseumi tee 2, Tartu 12.11-20.12.2019 \u201ePortselannukud eesti rahvariietes\u201c (Elsa-Karin Lutz-Reissaar, USA) Eesti Rahva Muuseum &#8211; Muuseumi tee 2, Tartu 12.11-20.12.2019 \u201eRoman Toi 100\u201c (Eesti Teatri- ja Muusikamuuseum, V\u00e4liseesti Muuseum) Tartu Oskar Lutsu nimeline Linnaraamatukogu &#8211;\u00a0 Kompanii 3\/5, IV korrus 20.02.-20.03. 2020 &nbsp; V\u00f5ru \u201eToit \u2013 eestluse varaait. Eesti toidupoed ja -\u00e4rid Torontos\u201c (Eesti Rahva Muuseum, V\u00e4liseesti Muuseum) V\u00f5rumaa Keskraamatukogu &#8211; J\u00fcri 54, V\u00f5ru 30.05.-4.10.2019 \u201ePaadip\u00f5genikud 1944. Nelja paadi lood\u201c (Rootsi Eestlaste Liit,\u00a0Evelin Tamm, Mai Raud-P\u00e4hn, Taavo Kask) V\u00f5rumaa Keskraamatukogu &#8211; J\u00fcri 54, V\u00f5ru 7.10.2019-30.03.2020 \u201eElukaare kaks otsa\u201c V\u00f5rumaa Keskraamatukogu &#8211; J\u00fcri 54, V\u00f5ru 16.03.-30.06.2020 \u201eKirjad ja mustrid kodustele. Erika Kalami etnograafilised postkaardid\u201c (Eesti Rahva Muuseum) V\u00f5rumaa Keskraamatukogu &#8211; J\u00fcri 54, V\u00f5ru 13.01.-13.03.2020 &nbsp; Toronto \u201eEesti sport Kanadas\u201c (Eesti Spordimuuseum, V\u00e4liseesti Muuseum) V\u00e4liseesti Muuseum &#8211; 310 Bloor St. W. 28.09.-14.02.2020 \u201eESTO \u2013 \u00fcleilmse eestluse hoidja\u201c (Eesti Rahva Muuseum, V\u00e4liseesti Muuseum) V\u00e4liseesti Muuseum &#8211; 310 Bloor St. W. 18.02.-15.05.2020 &nbsp; &nbsp;\" \/>\n<meta property=\"og:url\" content=\"https:\/\/www.balther.net\/et\/koostoo\/naitused\/valiseesti-naituste-festival-ii\/\" \/>\n<meta property=\"og:site_name\" content=\"BaltHerNet\" \/>\n<meta property=\"article:modified_time\" content=\"2019-11-27T23:02:01+00:00\" \/>\n<meta property=\"og:image\" content=\"https:\/\/www.balther.net\/wp-content\/uploads\/2019\/11\/Festival-II.jpg\" \/>\n<meta name=\"twitter:card\" content=\"summary_large_image\" \/>\n<meta name=\"twitter:label1\" content=\"Est. reading time\" \/>\n\t<meta name=\"twitter:data1\" content=\"2 minutit\" \/>\n<script type=\"application\/ld+json\" class=\"yoast-schema-graph\">{\"@context\":\"https:\/\/schema.org\",\"@graph\":[{\"@type\":\"WebPage\",\"@id\":\"https:\/\/www.balther.net\/et\/koostoo\/naitused\/valiseesti-naituste-festival-ii\/\",\"url\":\"https:\/\/www.balther.net\/et\/koostoo\/naitused\/valiseesti-naituste-festival-ii\/\",\"name\":\"V\u00e4liseesti n\u00e4ituste festival II - BaltHerNet\",\"isPartOf\":{\"@id\":\"https:\/\/www.balther.net\/#website\"},\"primaryImageOfPage\":{\"@id\":\"https:\/\/www.balther.net\/et\/koostoo\/naitused\/valiseesti-naituste-festival-ii\/#primaryimage\"},\"image\":{\"@id\":\"https:\/\/www.balther.net\/et\/koostoo\/naitused\/valiseesti-naituste-festival-ii\/#primaryimage\"},\"thumbnailUrl\":\"https:\/\/www.balther.net\/wp-content\/uploads\/2019\/11\/Festival-II.jpg\",\"datePublished\":\"2019-11-27T21:07:24+00:00\",\"dateModified\":\"2019-11-27T23:02:01+00:00\",\"breadcrumb\":{\"@id\":\"https:\/\/www.balther.net\/et\/koostoo\/naitused\/valiseesti-naituste-festival-ii\/#breadcrumb\"},\"inLanguage\":\"et\",\"potentialAction\":[{\"@type\":\"ReadAction\",\"target\":[\"https:\/\/www.balther.net\/et\/koostoo\/naitused\/valiseesti-naituste-festival-ii\/\"]}]},{\"@type\":\"ImageObject\",\"inLanguage\":\"et\",\"@id\":\"https:\/\/www.balther.net\/et\/koostoo\/naitused\/valiseesti-naituste-festival-ii\/#primaryimage\",\"url\":\"https:\/\/www.balther.net\/wp-content\/uploads\/2019\/11\/Festival-II.jpg\",\"contentUrl\":\"https:\/\/www.balther.net\/wp-content\/uploads\/2019\/11\/Festival-II.jpg\"},{\"@type\":\"BreadcrumbList\",\"@id\":\"https:\/\/www.balther.net\/et\/koostoo\/naitused\/valiseesti-naituste-festival-ii\/#breadcrumb\",\"itemListElement\":[{\"@type\":\"ListItem\",\"position\":1,\"name\":\"Home\",\"item\":\"https:\/\/www.balther.net\/et\/\"},{\"@type\":\"ListItem\",\"position\":2,\"name\":\"Koost\u00f6\u00f6\",\"item\":\"https:\/\/www.balther.net\/et\/koostoo\/\"},{\"@type\":\"ListItem\",\"position\":3,\"name\":\"N\u00e4itused\",\"item\":\"https:\/\/www.balther.net\/et\/koostoo\/naitused\/\"},{\"@type\":\"ListItem\",\"position\":4,\"name\":\"V\u00e4liseesti n\u00e4ituste festival II\"}]},{\"@type\":\"WebSite\",\"@id\":\"https:\/\/www.balther.net\/#website\",\"url\":\"https:\/\/www.balther.net\/\",\"name\":\"BaltHerNet\",\"description\":\"\",\"potentialAction\":[{\"@type\":\"SearchAction\",\"target\":{\"@type\":\"EntryPoint\",\"urlTemplate\":\"https:\/\/www.balther.net\/?s={search_term_string}\"},\"query-input\":{\"@type\":\"PropertyValueSpecification\",\"valueRequired\":true,\"valueName\":\"search_term_string\"}}],\"inLanguage\":\"et\"}]}<\/script>\n<!-- \/ Yoast SEO plugin. -->","yoast_head_json":{"title":"V\u00e4liseesti n\u00e4ituste festival II - BaltHerNet","robots":{"index":"index","follow":"follow","max-snippet":"max-snippet:-1","max-image-preview":"max-image-preview:large","max-video-preview":"max-video-preview:-1"},"canonical":"https:\/\/www.balther.net\/et\/koostoo\/naitused\/valiseesti-naituste-festival-ii\/","og_locale":"et_EE","og_type":"article","og_title":"V\u00e4liseesti n\u00e4ituste festival II - BaltHerNet","og_description":"2019. aasta mais Eestis alguse saanud v\u00e4liseesti n\u00e4ituste festival on j\u00e4tkunud l\u00e4bi kogu s\u00fcgise ja ulatub otsaga uude aastasse. Festivali k\u00e4igus eksponeeritakse v\u00e4liseesti kogukondade, Eesti m\u00e4luasutuste v\u00f5i nende \u00fchist\u00f6\u00f6na valminud v\u00e4liseesti teemalisi n\u00e4itusi. Nii kodu- kui v\u00e4liseesti m\u00e4luasutused on viimaste aastate jooksul loonud m\u00e4rkimisv\u00e4\u00e4rse hulga n\u00e4itusi, mis k\u00e4sitlevad eesti diasporaa ajaloo erinevaid etappe ja aspekte. Osa neist on Eestis varem eksponeeritud, suurt osa n\u00e4eb Eesti publik esmakordselt. Festivali korraldavad v\u00e4liseesti ja -balti kultuurip\u00e4randiga tegelev MT\u00dc Baltic Heritage Network ja Torontos asuv VEMU koost\u00f6\u00f6s paljude Eesti ja v\u00e4liseesti m\u00e4luasutustega. Ettev\u00f5tmist toetavad Eesti Teadus- ja Haridusministeerium \/ rahvuskaaslaste programm ja Estonian Studies Centre\/VEMU. &nbsp; V\u00c4LISEESTI N\u00c4ITUSTE FESTIVAL 2019-2020 s\u00fcgis\/talv &nbsp; Tallinn \u201eRoman Toi 100\u201c (Eesti Teatri- ja Muusikamuuseum, V\u00e4liseesti Muuseum) Jaani kirik \u2013 Vabaduse v\u00e4ljak 1, Tallinn 18.-22.09.2019 \u201e75 aastat suurest p\u00f5genemisest. Ajakirjandus, raamatud, fotod\u201c (TL\u00dc Akadeemiline Raamatukogu) Tallinna \u00dclikooli Akadeemiline Raamatukogu &#8211; R\u00e4vala puiestee 10, Tallinn 19.09.-24.11.2019 \u201eBalti \u00dclikooli lugu\u201c (Helga Merits, V\u00e4liseesti Muuseum) Tallinna \u00dclikooli Akadeemiline Raamatukogu &#8211; R\u00e4vala puiestee 10, Tallinn 19.09.-24.11.2019 \u201eElukaare kaks otsa\u201c (Kristen Dobbin, Toomas Volkmann, V\u00e4liseesti Muuseum) Theatrum, Ait \u2013 Vene 14, Tallinn I osa 14.01.-4.02.2020, II osa 5.02-28.02.2020 &nbsp; Tartu \u201eOma lugusid jagades: Balti diasporaa kodu Kanadas\u201c (Baltic Canadian Imprint: V\u00e4liseesti Muuseum, Kanada Leedu Arhiiv-muuseum, Kanada L\u00e4ti Arhiiv-muuseum, Kanada Balti Immigratsiooniabi \u00dching) Tartu \u00dclikoool &#8211; Lossi 36, Tartu 12.-28.10.2019 \u201eKirjad ja mustrid kodustele. Erika Kalami etnograafilised postkaardid\u201c (Eesti Rahva Muuseum) Eesti Rahva Muuseum &#8211; Muuseumi tee 2, Tartu 12.11-20.12.2019 \u201ePortselannukud eesti rahvariietes\u201c (Elsa-Karin Lutz-Reissaar, USA) Eesti Rahva Muuseum &#8211; Muuseumi tee 2, Tartu 12.11-20.12.2019 \u201eRoman Toi 100\u201c (Eesti Teatri- ja Muusikamuuseum, V\u00e4liseesti Muuseum) Tartu Oskar Lutsu nimeline Linnaraamatukogu &#8211;\u00a0 Kompanii 3\/5, IV korrus 20.02.-20.03. 2020 &nbsp; V\u00f5ru \u201eToit \u2013 eestluse varaait. Eesti toidupoed ja -\u00e4rid Torontos\u201c (Eesti Rahva Muuseum, V\u00e4liseesti Muuseum) V\u00f5rumaa Keskraamatukogu &#8211; J\u00fcri 54, V\u00f5ru 30.05.-4.10.2019 \u201ePaadip\u00f5genikud 1944. Nelja paadi lood\u201c (Rootsi Eestlaste Liit,\u00a0Evelin Tamm, Mai Raud-P\u00e4hn, Taavo Kask) V\u00f5rumaa Keskraamatukogu &#8211; J\u00fcri 54, V\u00f5ru 7.10.2019-30.03.2020 \u201eElukaare kaks otsa\u201c V\u00f5rumaa Keskraamatukogu &#8211; J\u00fcri 54, V\u00f5ru 16.03.-30.06.2020 \u201eKirjad ja mustrid kodustele. Erika Kalami etnograafilised postkaardid\u201c (Eesti Rahva Muuseum) V\u00f5rumaa Keskraamatukogu &#8211; J\u00fcri 54, V\u00f5ru 13.01.-13.03.2020 &nbsp; Toronto \u201eEesti sport Kanadas\u201c (Eesti Spordimuuseum, V\u00e4liseesti Muuseum) V\u00e4liseesti Muuseum &#8211; 310 Bloor St. W. 28.09.-14.02.2020 \u201eESTO \u2013 \u00fcleilmse eestluse hoidja\u201c (Eesti Rahva Muuseum, V\u00e4liseesti Muuseum) V\u00e4liseesti Muuseum &#8211; 310 Bloor St. W. 18.02.-15.05.2020 &nbsp; &nbsp;","og_url":"https:\/\/www.balther.net\/et\/koostoo\/naitused\/valiseesti-naituste-festival-ii\/","og_site_name":"BaltHerNet","article_modified_time":"2019-11-27T23:02:01+00:00","og_image":[{"url":"https:\/\/www.balther.net\/wp-content\/uploads\/2019\/11\/Festival-II.jpg","type":"","width":"","height":""}],"twitter_card":"summary_large_image","twitter_misc":{"Est. reading time":"2 minutit"},"schema":{"@context":"https:\/\/schema.org","@graph":[{"@type":"WebPage","@id":"https:\/\/www.balther.net\/et\/koostoo\/naitused\/valiseesti-naituste-festival-ii\/","url":"https:\/\/www.balther.net\/et\/koostoo\/naitused\/valiseesti-naituste-festival-ii\/","name":"V\u00e4liseesti n\u00e4ituste festival II - BaltHerNet","isPartOf":{"@id":"https:\/\/www.balther.net\/#website"},"primaryImageOfPage":{"@id":"https:\/\/www.balther.net\/et\/koostoo\/naitused\/valiseesti-naituste-festival-ii\/#primaryimage"},"image":{"@id":"https:\/\/www.balther.net\/et\/koostoo\/naitused\/valiseesti-naituste-festival-ii\/#primaryimage"},"thumbnailUrl":"https:\/\/www.balther.net\/wp-content\/uploads\/2019\/11\/Festival-II.jpg","datePublished":"2019-11-27T21:07:24+00:00","dateModified":"2019-11-27T23:02:01+00:00","breadcrumb":{"@id":"https:\/\/www.balther.net\/et\/koostoo\/naitused\/valiseesti-naituste-festival-ii\/#breadcrumb"},"inLanguage":"et","potentialAction":[{"@type":"ReadAction","target":["https:\/\/www.balther.net\/et\/koostoo\/naitused\/valiseesti-naituste-festival-ii\/"]}]},{"@type":"ImageObject","inLanguage":"et","@id":"https:\/\/www.balther.net\/et\/koostoo\/naitused\/valiseesti-naituste-festival-ii\/#primaryimage","url":"https:\/\/www.balther.net\/wp-content\/uploads\/2019\/11\/Festival-II.jpg","contentUrl":"https:\/\/www.balther.net\/wp-content\/uploads\/2019\/11\/Festival-II.jpg"},{"@type":"BreadcrumbList","@id":"https:\/\/www.balther.net\/et\/koostoo\/naitused\/valiseesti-naituste-festival-ii\/#breadcrumb","itemListElement":[{"@type":"ListItem","position":1,"name":"Home","item":"https:\/\/www.balther.net\/et\/"},{"@type":"ListItem","position":2,"name":"Koost\u00f6\u00f6","item":"https:\/\/www.balther.net\/et\/koostoo\/"},{"@type":"ListItem","position":3,"name":"N\u00e4itused","item":"https:\/\/www.balther.net\/et\/koostoo\/naitused\/"},{"@type":"ListItem","position":4,"name":"V\u00e4liseesti n\u00e4ituste festival II"}]},{"@type":"WebSite","@id":"https:\/\/www.balther.net\/#website","url":"https:\/\/www.balther.net\/","name":"BaltHerNet","description":"","potentialAction":[{"@type":"SearchAction","target":{"@type":"EntryPoint","urlTemplate":"https:\/\/www.balther.net\/?s={search_term_string}"},"query-input":{"@type":"PropertyValueSpecification","valueRequired":true,"valueName":"search_term_string"}}],"inLanguage":"et"}]}},"_links":{"self":[{"href":"https:\/\/www.balther.net\/et\/wp-json\/wp\/v2\/pages\/10423","targetHints":{"allow":["GET"]}}],"collection":[{"href":"https:\/\/www.balther.net\/et\/wp-json\/wp\/v2\/pages"}],"about":[{"href":"https:\/\/www.balther.net\/et\/wp-json\/wp\/v2\/types\/page"}],"author":[{"embeddable":true,"href":"https:\/\/www.balther.net\/et\/wp-json\/wp\/v2\/users\/5"}],"replies":[{"embeddable":true,"href":"https:\/\/www.balther.net\/et\/wp-json\/wp\/v2\/comments?post=10423"}],"version-history":[{"count":3,"href":"https:\/\/www.balther.net\/et\/wp-json\/wp\/v2\/pages\/10423\/revisions"}],"predecessor-version":[{"id":10440,"href":"https:\/\/www.balther.net\/et\/wp-json\/wp\/v2\/pages\/10423\/revisions\/10440"}],"up":[{"embeddable":true,"href":"https:\/\/www.balther.net\/et\/wp-json\/wp\/v2\/pages\/10175"}],"wp:attachment":[{"href":"https:\/\/www.balther.net\/et\/wp-json\/wp\/v2\/media?parent=10423"}],"curies":[{"name":"wp","href":"https:\/\/api.w.org\/{rel}","templated":true}]}}