{"id":10177,"date":"2019-05-28T01:39:05","date_gmt":"2019-05-27T22:39:05","guid":{"rendered":"https:\/\/www.balther.net\/?page_id=10177"},"modified":"2019-11-27T22:43:56","modified_gmt":"2019-11-27T20:43:56","slug":"valiseesti-naituste-festival","status":"publish","type":"page","link":"https:\/\/www.balther.net\/et\/koostoo\/naitused\/valiseesti-naituste-festival\/","title":{"rendered":"V\u00e4liseesti n\u00e4ituste festival I"},"content":{"rendered":"<p>Seoses 2019 suvel Eestis aset leidvate ESTO festivali ja \u00fcldlaulupeoga ja s\u00fcgisese suurp\u00f5genemise 75.<br \/>\naastap\u00e4eva algab maikuus \u00fcle-eestiline v\u00e4liseesti n\u00e4ituste festival ja kestab kuni aasta l\u00f5puni. Festivali<br \/>\nk\u00e4igus eksponeeritakse v\u00e4liseesti kogukondade, Eesti m\u00e4luasutuste v\u00f5i nende \u00fchist\u00f6\u00f6na valminud<br \/>\nv\u00e4liseesti teemalisi n\u00e4itusi.<\/p>\n<p>Festivali korraldavad v\u00e4liseesti ja -balti kultuurip\u00e4randiga tegelev MT\u00dc Baltic Heritage Network ja Torontos asuv VEMU koost\u00f6\u00f6s paljude Eesti ja v\u00e4liseesti m\u00e4luasutustega. Ettev\u00f5tmist toetavad Eesti Teadus- ja Haridusministeerium\/rahvuskaaslaste programm ja Estonian Studies Centre\/VEMU.<\/p>\n<hr \/>\n<p>&nbsp;<\/p>\n<p style=\"text-align: center;\"><strong>V\u00c4LISEESTI N\u00c4ITUSTE FESTIVAL<\/strong><\/p>\n<p style=\"text-align: center;\"><strong>2019<\/strong><\/p>\n<p>&nbsp;<\/p>\n<p><span style=\"text-decoration: underline;\"><strong>Tallinn<\/strong><\/span><\/p>\n<p><strong>&#8220;Paadip\u00f5genikud 1944. Nelja paadi lood&#8221;<\/strong> (Rootsi Eestlaste Liit,\u00a0Evelin Tamm, Mai Raud-P\u00e4hn, Taavo Kask)<br \/>\nRahvusarhiivi galerii &#8211; Maneezhi 2, Tallinn<br \/>\n20.06. &#8211; 1.09.<\/p>\n<p><strong>\u201eKotkaj\u00e4rve Metsa\u00fclikool &#8211; 50 aastat noor\u201c<\/strong> (Kotkaj\u00e4rve Metsa\u00fclikool)<br \/>\nTelliskivi Loomelinnak, Roheline saal &#8211; Telliskivi 60A, Tallinn<br \/>\n30.06.-7.07.<\/p>\n<p><strong>\u201eKanada eestlased &#8211; valguses ja varjus\u201c<\/strong> (Kerly Ilves)<br \/>\nTelliskivi Loomelinnak, Roheline saal -Telliskivi 60A, Tallinn<br \/>\n30.06.-7.07.<\/p>\n<p><strong>\u201cKaunistagem Eesti kojad kolme koduv\u00e4rviga\u201d<\/strong> (Rahvakunsti huviring Triinu, Stockholm)<br \/>\nTelliskivi Loomelinnak, Roheline saal &#8211; Telliskivi 60A, Tallinn<br \/>\n30.06.-7.07.<\/p>\n<p><strong>\u201eOma lugusid jagades: Balti diasporaa kodu Kanadas\u201c <\/strong>(Baltic Canadian Imprint: V\u00e4liseesti Muuseum, Kanada Leedu Arhiiv-muuseum, Kanada L\u00e4ti Arhiiv-muuseum, Kanada Balti Immigratsiooniabi \u00dching)<br \/>\nPatarei n\u00e4ituseala &#8211; Patarei vangla, Kalaranna 28, Tallinn<br \/>\n4.07.-31.07<\/p>\n<p>&nbsp;<\/p>\n<p><span style=\"text-decoration: underline;\"><strong>Tartu<\/strong><\/span><\/p>\n<p><strong>\u201eElukaare kaks otsa\u201c<\/strong> (Kristen Dobbin, Toomas Volkmann, V\u00e4liseesti Muuseum)<br \/>\nEesti Kirjandusmuuseum &#8211; Vanemuise 42, Tartu<br \/>\n29.05.-31.08<\/p>\n<p><strong>\u00a0\u201eToronto v\u00e4liseestlased ja Eesti Rahva Muuseum. Kontakt Eestiga\u201c <\/strong>(Kerly Ilves)<br \/>\nEesti Rahva Muuseum &#8211; Muuseumi tee 2, Tartu<br \/>\n11.06.-7.07<\/p>\n<p><strong>\u201eRoman Toi 100\u201c<\/strong> (Eesti Teatri- ja Muusikamuuseum, V\u00e4liseesti Muuseum)<br \/>\nRahvusarhiiv Noora &#8211; Nooruse 3, Tartu<br \/>\n11.06. \u2013 12.07.<\/p>\n<p><strong>\u201eSiberi eestlased\u201c<\/strong> (Eesti Kirjandusmuuseum, Eesti Kunstiakadeemia)<br \/>\nTartu Linnaraamatukogu Annelinna harukogu &#8211; Kaunase pst 23, Tartu<br \/>\n15.06.-31.07.<\/p>\n<p><strong>\u201eBalti \u00dclikooli lugu\u201c<\/strong> (Helga Merits, V\u00e4liseesti Muuseum)<br \/>\nTartu \u00dclikooli Raamatukogu &#8211; W. Struve 1, Tartu<br \/>\n17.06. -30.06; 5.08 \u2013 31.08.<\/p>\n<p><strong>\u201eESTO \u2013 \u00fcleilmse eestluse hoidja\u201c<\/strong> (Eesti Rahva Muuseum, V\u00e4liseesti Muuseum)<br \/>\nEesti Rahva Muuseum &#8211; Muuseumi tee 2, Tartu<br \/>\n29.06.-21.07.<\/p>\n<p><strong>\u201eEesti sport Kanadas\u201c<\/strong> (Eesti Spordimuuseum, V\u00e4liseesti Muuseum)<br \/>\nEesti Spordi- ja Ol\u00fcmpiamuuseum &#8211; R\u00fc\u00fctli 15, Tartu<br \/>\n29.06.-1.09.<\/p>\n<p>&nbsp;<\/p>\n<p><span style=\"text-decoration: underline;\"><strong>Rakvere<\/strong><\/span><\/p>\n<p><strong>\u201cEesti-Briti suhted\u201d<\/strong> (Rahvusarhiiv)<br \/>\nRahvusarhiiv \u2013 N\u00e4ituse 23, Rakvere<br \/>\n21.06 &#8211; 1.09.<\/p>\n<p><strong>\u201cAlberta eestlased aastast 1899 t\u00e4naseni\u201d<\/strong> (Alberta Eesti Kultuurip\u00e4randi Selts)<br \/>\nL\u00e4\u00e4ne-Virumaa Keskraamatukogu &#8211; Lai 7, Rakvere<br \/>\n1.-31.07.<\/p>\n<p>&nbsp;<\/p>\n<p><span style=\"text-decoration: underline;\"><strong>V\u00f5ru<\/strong><\/span><\/p>\n<p><strong>\u201eToit \u2013 eestluse varaait. Eesti toidupoed ja -\u00e4rid Torontos\u201c<\/strong> (Eesti Rahva Muuseum, V\u00e4liseesti Muuseum)<br \/>\nV\u00f5rumaa Keskraamatukogu &#8211; J\u00fcri 54, V\u00f5ru<br \/>\n30.05.-4.10.<\/p>\n<p>&nbsp;<\/p>\n<p><span style=\"text-decoration: underline;\"><strong>P\u00e4rnu<\/strong><\/span><\/p>\n<p><strong>\u201cEestlaste raske tee Austraaliasse. DPde elu 1945-1950\u201d<\/strong> (Euroopa Eesti Seltside Koda, Maie Barrow)<br \/>\nP\u00e4rnu Keskraamatukogu \u2013 Akadeemia 3, P\u00e4rnu<br \/>\n1.-31.07.<\/p>\n<p>&nbsp;<\/p>\n<p><span style=\"text-decoration: underline;\"><strong>Valga<\/strong><\/span><\/p>\n<p><strong>\u201cEestlaste raske tee Austraaliasse. DPde elu 1945-1950\u201d<\/strong> (Euroopa Eesti Seltside Koda, Maie Barrow)<br \/>\nValga Muuseum<br \/>\nVabaduse 8<br \/>\n6.-31.08.<\/p>\n<p>&nbsp;<\/p>\n<p><a href=\"https:\/\/www.balther.net\/wp-content\/uploads\/2019\/05\/plakat_valiseesti_FINAL.pdf\" target=\"_blank\" rel=\"noopener\"><strong>Festvali plakat<\/strong><\/a><\/p>\n<p><a href=\"https:\/\/www.balther.net\/wp-content\/uploads\/2019\/05\/banner_veeb.jpg\" data-rel=\"lightbox-image-0\" data-rl_title=\"\" data-rl_caption=\"\" title=\"\"><img loading=\"lazy\" decoding=\"async\" class=\"aligncenter size-full wp-image-10208\" src=\"https:\/\/www.balther.net\/wp-content\/uploads\/2019\/05\/banner_veeb.jpg\" alt=\"\" width=\"3543\" height=\"1063\" srcset=\"https:\/\/www.balther.net\/wp-content\/uploads\/2019\/05\/banner_veeb.jpg 3543w, https:\/\/www.balther.net\/wp-content\/uploads\/2019\/05\/banner_veeb-300x90.jpg 300w, https:\/\/www.balther.net\/wp-content\/uploads\/2019\/05\/banner_veeb-768x230.jpg 768w, https:\/\/www.balther.net\/wp-content\/uploads\/2019\/05\/banner_veeb-1024x307.jpg 1024w, https:\/\/www.balther.net\/wp-content\/uploads\/2019\/05\/banner_veeb-1080x324.jpg 1080w\" sizes=\"auto, (max-width: 3543px) 100vw, 3543px\" \/><\/a><\/p>\n","protected":false},"excerpt":{"rendered":"<p>Seoses 2019 suvel Eestis aset leidvate ESTO festivali ja \u00fcldlaulupeoga ja s\u00fcgisese suurp\u00f5genemise 75. aastap\u00e4eva algab maikuus \u00fcle-eestiline v\u00e4liseesti n\u00e4ituste festival ja kestab kuni aasta l\u00f5puni. Festivali k\u00e4igus eksponeeritakse v\u00e4liseesti kogukondade, Eesti m\u00e4luasutuste v\u00f5i nende \u00fchist\u00f6\u00f6na valminud v\u00e4liseesti teemalisi n\u00e4itusi. Festivali korraldavad v\u00e4liseesti ja -balti kultuurip\u00e4randiga tegelev MT\u00dc Baltic Heritage Network ja Torontos asuv VEMU koost\u00f6\u00f6s paljude Eesti ja v\u00e4liseesti m\u00e4luasutustega. Ettev\u00f5tmist toetavad Eesti Teadus- ja Haridusministeerium\/rahvuskaaslaste programm ja Estonian Studies Centre\/VEMU. &nbsp; V\u00c4LISEESTI N\u00c4ITUSTE FESTIVAL 2019 &nbsp; Tallinn &#8220;Paadip\u00f5genikud 1944. Nelja paadi lood&#8221; (Rootsi Eestlaste Liit,\u00a0Evelin Tamm, Mai Raud-P\u00e4hn, Taavo Kask) Rahvusarhiivi galerii &#8211; Maneezhi 2, Tallinn 20.06. &#8211; 1.09. \u201eKotkaj\u00e4rve Metsa\u00fclikool &#8211; 50 aastat noor\u201c (Kotkaj\u00e4rve Metsa\u00fclikool) Telliskivi Loomelinnak, Roheline saal &#8211; Telliskivi 60A, Tallinn 30.06.-7.07. \u201eKanada eestlased &#8211; valguses ja varjus\u201c (Kerly Ilves) Telliskivi Loomelinnak, Roheline saal -Telliskivi 60A, Tallinn 30.06.-7.07. \u201cKaunistagem Eesti kojad kolme koduv\u00e4rviga\u201d (Rahvakunsti huviring Triinu, Stockholm) Telliskivi Loomelinnak, Roheline saal &#8211; Telliskivi 60A, Tallinn 30.06.-7.07. \u201eOma lugusid jagades: Balti diasporaa kodu Kanadas\u201c (Baltic Canadian Imprint: V\u00e4liseesti Muuseum, Kanada Leedu Arhiiv-muuseum, Kanada L\u00e4ti Arhiiv-muuseum, Kanada Balti Immigratsiooniabi \u00dching) Patarei n\u00e4ituseala &#8211; Patarei vangla, Kalaranna 28, Tallinn 4.07.-31.07 &nbsp; Tartu \u201eElukaare kaks otsa\u201c (Kristen Dobbin, Toomas Volkmann, V\u00e4liseesti Muuseum) Eesti Kirjandusmuuseum &#8211; Vanemuise 42, Tartu 29.05.-31.08 \u00a0\u201eToronto v\u00e4liseestlased ja Eesti Rahva Muuseum. Kontakt Eestiga\u201c (Kerly Ilves) Eesti Rahva Muuseum &#8211; Muuseumi tee 2, Tartu 11.06.-7.07 \u201eRoman Toi 100\u201c (Eesti Teatri- ja Muusikamuuseum, V\u00e4liseesti Muuseum) Rahvusarhiiv Noora &#8211; Nooruse 3, Tartu 11.06. \u2013 12.07. \u201eSiberi eestlased\u201c (Eesti Kirjandusmuuseum, Eesti Kunstiakadeemia) Tartu Linnaraamatukogu Annelinna harukogu &#8211; Kaunase pst 23, Tartu 15.06.-31.07. \u201eBalti \u00dclikooli lugu\u201c (Helga Merits, V\u00e4liseesti Muuseum) Tartu \u00dclikooli Raamatukogu &#8211; W. Struve 1, Tartu 17.06. -30.06; 5.08 \u2013 31.08. \u201eESTO \u2013 \u00fcleilmse eestluse hoidja\u201c (Eesti Rahva Muuseum, V\u00e4liseesti Muuseum) Eesti Rahva Muuseum &#8211; Muuseumi tee 2, Tartu 29.06.-21.07. \u201eEesti sport Kanadas\u201c (Eesti Spordimuuseum, V\u00e4liseesti Muuseum) Eesti Spordi- ja Ol\u00fcmpiamuuseum &#8211; R\u00fc\u00fctli 15, Tartu 29.06.-1.09. &nbsp; Rakvere \u201cEesti-Briti suhted\u201d (Rahvusarhiiv) Rahvusarhiiv \u2013 N\u00e4ituse 23, Rakvere 21.06 &#8211; 1.09. \u201cAlberta eestlased aastast 1899 t\u00e4naseni\u201d (Alberta Eesti Kultuurip\u00e4randi Selts) L\u00e4\u00e4ne-Virumaa Keskraamatukogu &#8211; Lai 7, Rakvere 1.-31.07. &nbsp; V\u00f5ru \u201eToit \u2013 eestluse varaait. Eesti toidupoed ja -\u00e4rid Torontos\u201c (Eesti Rahva Muuseum, V\u00e4liseesti Muuseum) V\u00f5rumaa Keskraamatukogu &#8211; J\u00fcri 54, V\u00f5ru 30.05.-4.10. &nbsp; P\u00e4rnu \u201cEestlaste raske tee Austraaliasse. DPde elu 1945-1950\u201d (Euroopa Eesti Seltside Koda, Maie Barrow) P\u00e4rnu Keskraamatukogu \u2013 Akadeemia 3, P\u00e4rnu 1.-31.07. &nbsp; Valga \u201cEestlaste raske tee Austraaliasse. DPde elu 1945-1950\u201d (Euroopa Eesti Seltside Koda, Maie Barrow) Valga Muuseum Vabaduse 8 6.-31.08. &nbsp; Festvali plakat<\/p>\n","protected":false},"author":5,"featured_media":0,"parent":10175,"menu_order":0,"comment_status":"closed","ping_status":"closed","template":"","meta":{"_acf_changed":false,"_monsterinsights_skip_tracking":false,"_monsterinsights_sitenote_active":false,"_monsterinsights_sitenote_note":"","_monsterinsights_sitenote_category":0,"ngg_post_thumbnail":0,"footnotes":""},"class_list":["post-10177","page","type-page","status-publish","hentry"],"acf":[],"yoast_head":"<!-- This site is optimized with the Yoast SEO plugin v24.2 - https:\/\/yoast.com\/wordpress\/plugins\/seo\/ -->\n<title>V\u00e4liseesti n\u00e4ituste festival I - BaltHerNet<\/title>\n<meta name=\"robots\" content=\"index, follow, max-snippet:-1, max-image-preview:large, max-video-preview:-1\" \/>\n<link rel=\"canonical\" href=\"https:\/\/www.balther.net\/et\/koostoo\/naitused\/valiseesti-naituste-festival\/\" \/>\n<meta property=\"og:locale\" content=\"et_EE\" \/>\n<meta property=\"og:type\" content=\"article\" \/>\n<meta property=\"og:title\" content=\"V\u00e4liseesti n\u00e4ituste festival I - BaltHerNet\" \/>\n<meta property=\"og:description\" content=\"Seoses 2019 suvel Eestis aset leidvate ESTO festivali ja \u00fcldlaulupeoga ja s\u00fcgisese suurp\u00f5genemise 75. aastap\u00e4eva algab maikuus \u00fcle-eestiline v\u00e4liseesti n\u00e4ituste festival ja kestab kuni aasta l\u00f5puni. Festivali k\u00e4igus eksponeeritakse v\u00e4liseesti kogukondade, Eesti m\u00e4luasutuste v\u00f5i nende \u00fchist\u00f6\u00f6na valminud v\u00e4liseesti teemalisi n\u00e4itusi. Festivali korraldavad v\u00e4liseesti ja -balti kultuurip\u00e4randiga tegelev MT\u00dc Baltic Heritage Network ja Torontos asuv VEMU koost\u00f6\u00f6s paljude Eesti ja v\u00e4liseesti m\u00e4luasutustega. Ettev\u00f5tmist toetavad Eesti Teadus- ja Haridusministeerium\/rahvuskaaslaste programm ja Estonian Studies Centre\/VEMU. &nbsp; V\u00c4LISEESTI N\u00c4ITUSTE FESTIVAL 2019 &nbsp; Tallinn &#8220;Paadip\u00f5genikud 1944. Nelja paadi lood&#8221; (Rootsi Eestlaste Liit,\u00a0Evelin Tamm, Mai Raud-P\u00e4hn, Taavo Kask) Rahvusarhiivi galerii &#8211; Maneezhi 2, Tallinn 20.06. &#8211; 1.09. \u201eKotkaj\u00e4rve Metsa\u00fclikool &#8211; 50 aastat noor\u201c (Kotkaj\u00e4rve Metsa\u00fclikool) Telliskivi Loomelinnak, Roheline saal &#8211; Telliskivi 60A, Tallinn 30.06.-7.07. \u201eKanada eestlased &#8211; valguses ja varjus\u201c (Kerly Ilves) Telliskivi Loomelinnak, Roheline saal -Telliskivi 60A, Tallinn 30.06.-7.07. \u201cKaunistagem Eesti kojad kolme koduv\u00e4rviga\u201d (Rahvakunsti huviring Triinu, Stockholm) Telliskivi Loomelinnak, Roheline saal &#8211; Telliskivi 60A, Tallinn 30.06.-7.07. \u201eOma lugusid jagades: Balti diasporaa kodu Kanadas\u201c (Baltic Canadian Imprint: V\u00e4liseesti Muuseum, Kanada Leedu Arhiiv-muuseum, Kanada L\u00e4ti Arhiiv-muuseum, Kanada Balti Immigratsiooniabi \u00dching) Patarei n\u00e4ituseala &#8211; Patarei vangla, Kalaranna 28, Tallinn 4.07.-31.07 &nbsp; Tartu \u201eElukaare kaks otsa\u201c (Kristen Dobbin, Toomas Volkmann, V\u00e4liseesti Muuseum) Eesti Kirjandusmuuseum &#8211; Vanemuise 42, Tartu 29.05.-31.08 \u00a0\u201eToronto v\u00e4liseestlased ja Eesti Rahva Muuseum. Kontakt Eestiga\u201c (Kerly Ilves) Eesti Rahva Muuseum &#8211; Muuseumi tee 2, Tartu 11.06.-7.07 \u201eRoman Toi 100\u201c (Eesti Teatri- ja Muusikamuuseum, V\u00e4liseesti Muuseum) Rahvusarhiiv Noora &#8211; Nooruse 3, Tartu 11.06. \u2013 12.07. \u201eSiberi eestlased\u201c (Eesti Kirjandusmuuseum, Eesti Kunstiakadeemia) Tartu Linnaraamatukogu Annelinna harukogu &#8211; Kaunase pst 23, Tartu 15.06.-31.07. \u201eBalti \u00dclikooli lugu\u201c (Helga Merits, V\u00e4liseesti Muuseum) Tartu \u00dclikooli Raamatukogu &#8211; W. Struve 1, Tartu 17.06. -30.06; 5.08 \u2013 31.08. \u201eESTO \u2013 \u00fcleilmse eestluse hoidja\u201c (Eesti Rahva Muuseum, V\u00e4liseesti Muuseum) Eesti Rahva Muuseum &#8211; Muuseumi tee 2, Tartu 29.06.-21.07. \u201eEesti sport Kanadas\u201c (Eesti Spordimuuseum, V\u00e4liseesti Muuseum) Eesti Spordi- ja Ol\u00fcmpiamuuseum &#8211; R\u00fc\u00fctli 15, Tartu 29.06.-1.09. &nbsp; Rakvere \u201cEesti-Briti suhted\u201d (Rahvusarhiiv) Rahvusarhiiv \u2013 N\u00e4ituse 23, Rakvere 21.06 &#8211; 1.09. \u201cAlberta eestlased aastast 1899 t\u00e4naseni\u201d (Alberta Eesti Kultuurip\u00e4randi Selts) L\u00e4\u00e4ne-Virumaa Keskraamatukogu &#8211; Lai 7, Rakvere 1.-31.07. &nbsp; V\u00f5ru \u201eToit \u2013 eestluse varaait. Eesti toidupoed ja -\u00e4rid Torontos\u201c (Eesti Rahva Muuseum, V\u00e4liseesti Muuseum) V\u00f5rumaa Keskraamatukogu &#8211; J\u00fcri 54, V\u00f5ru 30.05.-4.10. &nbsp; P\u00e4rnu \u201cEestlaste raske tee Austraaliasse. DPde elu 1945-1950\u201d (Euroopa Eesti Seltside Koda, Maie Barrow) P\u00e4rnu Keskraamatukogu \u2013 Akadeemia 3, P\u00e4rnu 1.-31.07. &nbsp; Valga \u201cEestlaste raske tee Austraaliasse. DPde elu 1945-1950\u201d (Euroopa Eesti Seltside Koda, Maie Barrow) Valga Muuseum Vabaduse 8 6.-31.08. &nbsp; Festvali plakat\" \/>\n<meta property=\"og:url\" content=\"https:\/\/www.balther.net\/et\/koostoo\/naitused\/valiseesti-naituste-festival\/\" \/>\n<meta property=\"og:site_name\" content=\"BaltHerNet\" \/>\n<meta property=\"article:modified_time\" content=\"2019-11-27T20:43:56+00:00\" \/>\n<meta property=\"og:image\" content=\"https:\/\/www.balther.net\/wp-content\/uploads\/2019\/05\/banner_veeb.jpg\" \/>\n<meta name=\"twitter:card\" content=\"summary_large_image\" \/>\n<meta name=\"twitter:label1\" content=\"Est. reading time\" \/>\n\t<meta name=\"twitter:data1\" content=\"2 minutit\" \/>\n<script type=\"application\/ld+json\" class=\"yoast-schema-graph\">{\"@context\":\"https:\/\/schema.org\",\"@graph\":[{\"@type\":\"WebPage\",\"@id\":\"https:\/\/www.balther.net\/et\/koostoo\/naitused\/valiseesti-naituste-festival\/\",\"url\":\"https:\/\/www.balther.net\/et\/koostoo\/naitused\/valiseesti-naituste-festival\/\",\"name\":\"V\u00e4liseesti n\u00e4ituste festival I - BaltHerNet\",\"isPartOf\":{\"@id\":\"https:\/\/www.balther.net\/#website\"},\"primaryImageOfPage\":{\"@id\":\"https:\/\/www.balther.net\/et\/koostoo\/naitused\/valiseesti-naituste-festival\/#primaryimage\"},\"image\":{\"@id\":\"https:\/\/www.balther.net\/et\/koostoo\/naitused\/valiseesti-naituste-festival\/#primaryimage\"},\"thumbnailUrl\":\"https:\/\/www.balther.net\/wp-content\/uploads\/2019\/05\/banner_veeb.jpg\",\"datePublished\":\"2019-05-27T22:39:05+00:00\",\"dateModified\":\"2019-11-27T20:43:56+00:00\",\"breadcrumb\":{\"@id\":\"https:\/\/www.balther.net\/et\/koostoo\/naitused\/valiseesti-naituste-festival\/#breadcrumb\"},\"inLanguage\":\"et\",\"potentialAction\":[{\"@type\":\"ReadAction\",\"target\":[\"https:\/\/www.balther.net\/et\/koostoo\/naitused\/valiseesti-naituste-festival\/\"]}]},{\"@type\":\"ImageObject\",\"inLanguage\":\"et\",\"@id\":\"https:\/\/www.balther.net\/et\/koostoo\/naitused\/valiseesti-naituste-festival\/#primaryimage\",\"url\":\"https:\/\/www.balther.net\/wp-content\/uploads\/2019\/05\/banner_veeb.jpg\",\"contentUrl\":\"https:\/\/www.balther.net\/wp-content\/uploads\/2019\/05\/banner_veeb.jpg\"},{\"@type\":\"BreadcrumbList\",\"@id\":\"https:\/\/www.balther.net\/et\/koostoo\/naitused\/valiseesti-naituste-festival\/#breadcrumb\",\"itemListElement\":[{\"@type\":\"ListItem\",\"position\":1,\"name\":\"Home\",\"item\":\"https:\/\/www.balther.net\/et\/\"},{\"@type\":\"ListItem\",\"position\":2,\"name\":\"Koost\u00f6\u00f6\",\"item\":\"https:\/\/www.balther.net\/et\/koostoo\/\"},{\"@type\":\"ListItem\",\"position\":3,\"name\":\"N\u00e4itused\",\"item\":\"https:\/\/www.balther.net\/et\/koostoo\/naitused\/\"},{\"@type\":\"ListItem\",\"position\":4,\"name\":\"V\u00e4liseesti n\u00e4ituste festival I\"}]},{\"@type\":\"WebSite\",\"@id\":\"https:\/\/www.balther.net\/#website\",\"url\":\"https:\/\/www.balther.net\/\",\"name\":\"BaltHerNet\",\"description\":\"\",\"potentialAction\":[{\"@type\":\"SearchAction\",\"target\":{\"@type\":\"EntryPoint\",\"urlTemplate\":\"https:\/\/www.balther.net\/?s={search_term_string}\"},\"query-input\":{\"@type\":\"PropertyValueSpecification\",\"valueRequired\":true,\"valueName\":\"search_term_string\"}}],\"inLanguage\":\"et\"}]}<\/script>\n<!-- \/ Yoast SEO plugin. -->","yoast_head_json":{"title":"V\u00e4liseesti n\u00e4ituste festival I - BaltHerNet","robots":{"index":"index","follow":"follow","max-snippet":"max-snippet:-1","max-image-preview":"max-image-preview:large","max-video-preview":"max-video-preview:-1"},"canonical":"https:\/\/www.balther.net\/et\/koostoo\/naitused\/valiseesti-naituste-festival\/","og_locale":"et_EE","og_type":"article","og_title":"V\u00e4liseesti n\u00e4ituste festival I - BaltHerNet","og_description":"Seoses 2019 suvel Eestis aset leidvate ESTO festivali ja \u00fcldlaulupeoga ja s\u00fcgisese suurp\u00f5genemise 75. aastap\u00e4eva algab maikuus \u00fcle-eestiline v\u00e4liseesti n\u00e4ituste festival ja kestab kuni aasta l\u00f5puni. Festivali k\u00e4igus eksponeeritakse v\u00e4liseesti kogukondade, Eesti m\u00e4luasutuste v\u00f5i nende \u00fchist\u00f6\u00f6na valminud v\u00e4liseesti teemalisi n\u00e4itusi. Festivali korraldavad v\u00e4liseesti ja -balti kultuurip\u00e4randiga tegelev MT\u00dc Baltic Heritage Network ja Torontos asuv VEMU koost\u00f6\u00f6s paljude Eesti ja v\u00e4liseesti m\u00e4luasutustega. Ettev\u00f5tmist toetavad Eesti Teadus- ja Haridusministeerium\/rahvuskaaslaste programm ja Estonian Studies Centre\/VEMU. &nbsp; V\u00c4LISEESTI N\u00c4ITUSTE FESTIVAL 2019 &nbsp; Tallinn &#8220;Paadip\u00f5genikud 1944. Nelja paadi lood&#8221; (Rootsi Eestlaste Liit,\u00a0Evelin Tamm, Mai Raud-P\u00e4hn, Taavo Kask) Rahvusarhiivi galerii &#8211; Maneezhi 2, Tallinn 20.06. &#8211; 1.09. \u201eKotkaj\u00e4rve Metsa\u00fclikool &#8211; 50 aastat noor\u201c (Kotkaj\u00e4rve Metsa\u00fclikool) Telliskivi Loomelinnak, Roheline saal &#8211; Telliskivi 60A, Tallinn 30.06.-7.07. \u201eKanada eestlased &#8211; valguses ja varjus\u201c (Kerly Ilves) Telliskivi Loomelinnak, Roheline saal -Telliskivi 60A, Tallinn 30.06.-7.07. \u201cKaunistagem Eesti kojad kolme koduv\u00e4rviga\u201d (Rahvakunsti huviring Triinu, Stockholm) Telliskivi Loomelinnak, Roheline saal &#8211; Telliskivi 60A, Tallinn 30.06.-7.07. \u201eOma lugusid jagades: Balti diasporaa kodu Kanadas\u201c (Baltic Canadian Imprint: V\u00e4liseesti Muuseum, Kanada Leedu Arhiiv-muuseum, Kanada L\u00e4ti Arhiiv-muuseum, Kanada Balti Immigratsiooniabi \u00dching) Patarei n\u00e4ituseala &#8211; Patarei vangla, Kalaranna 28, Tallinn 4.07.-31.07 &nbsp; Tartu \u201eElukaare kaks otsa\u201c (Kristen Dobbin, Toomas Volkmann, V\u00e4liseesti Muuseum) Eesti Kirjandusmuuseum &#8211; Vanemuise 42, Tartu 29.05.-31.08 \u00a0\u201eToronto v\u00e4liseestlased ja Eesti Rahva Muuseum. Kontakt Eestiga\u201c (Kerly Ilves) Eesti Rahva Muuseum &#8211; Muuseumi tee 2, Tartu 11.06.-7.07 \u201eRoman Toi 100\u201c (Eesti Teatri- ja Muusikamuuseum, V\u00e4liseesti Muuseum) Rahvusarhiiv Noora &#8211; Nooruse 3, Tartu 11.06. \u2013 12.07. \u201eSiberi eestlased\u201c (Eesti Kirjandusmuuseum, Eesti Kunstiakadeemia) Tartu Linnaraamatukogu Annelinna harukogu &#8211; Kaunase pst 23, Tartu 15.06.-31.07. \u201eBalti \u00dclikooli lugu\u201c (Helga Merits, V\u00e4liseesti Muuseum) Tartu \u00dclikooli Raamatukogu &#8211; W. Struve 1, Tartu 17.06. -30.06; 5.08 \u2013 31.08. \u201eESTO \u2013 \u00fcleilmse eestluse hoidja\u201c (Eesti Rahva Muuseum, V\u00e4liseesti Muuseum) Eesti Rahva Muuseum &#8211; Muuseumi tee 2, Tartu 29.06.-21.07. \u201eEesti sport Kanadas\u201c (Eesti Spordimuuseum, V\u00e4liseesti Muuseum) Eesti Spordi- ja Ol\u00fcmpiamuuseum &#8211; R\u00fc\u00fctli 15, Tartu 29.06.-1.09. &nbsp; Rakvere \u201cEesti-Briti suhted\u201d (Rahvusarhiiv) Rahvusarhiiv \u2013 N\u00e4ituse 23, Rakvere 21.06 &#8211; 1.09. \u201cAlberta eestlased aastast 1899 t\u00e4naseni\u201d (Alberta Eesti Kultuurip\u00e4randi Selts) L\u00e4\u00e4ne-Virumaa Keskraamatukogu &#8211; Lai 7, Rakvere 1.-31.07. &nbsp; V\u00f5ru \u201eToit \u2013 eestluse varaait. Eesti toidupoed ja -\u00e4rid Torontos\u201c (Eesti Rahva Muuseum, V\u00e4liseesti Muuseum) V\u00f5rumaa Keskraamatukogu &#8211; J\u00fcri 54, V\u00f5ru 30.05.-4.10. &nbsp; P\u00e4rnu \u201cEestlaste raske tee Austraaliasse. DPde elu 1945-1950\u201d (Euroopa Eesti Seltside Koda, Maie Barrow) P\u00e4rnu Keskraamatukogu \u2013 Akadeemia 3, P\u00e4rnu 1.-31.07. &nbsp; Valga \u201cEestlaste raske tee Austraaliasse. DPde elu 1945-1950\u201d (Euroopa Eesti Seltside Koda, Maie Barrow) Valga Muuseum Vabaduse 8 6.-31.08. &nbsp; Festvali plakat","og_url":"https:\/\/www.balther.net\/et\/koostoo\/naitused\/valiseesti-naituste-festival\/","og_site_name":"BaltHerNet","article_modified_time":"2019-11-27T20:43:56+00:00","og_image":[{"url":"https:\/\/www.balther.net\/wp-content\/uploads\/2019\/05\/banner_veeb.jpg","type":"","width":"","height":""}],"twitter_card":"summary_large_image","twitter_misc":{"Est. reading time":"2 minutit"},"schema":{"@context":"https:\/\/schema.org","@graph":[{"@type":"WebPage","@id":"https:\/\/www.balther.net\/et\/koostoo\/naitused\/valiseesti-naituste-festival\/","url":"https:\/\/www.balther.net\/et\/koostoo\/naitused\/valiseesti-naituste-festival\/","name":"V\u00e4liseesti n\u00e4ituste festival I - BaltHerNet","isPartOf":{"@id":"https:\/\/www.balther.net\/#website"},"primaryImageOfPage":{"@id":"https:\/\/www.balther.net\/et\/koostoo\/naitused\/valiseesti-naituste-festival\/#primaryimage"},"image":{"@id":"https:\/\/www.balther.net\/et\/koostoo\/naitused\/valiseesti-naituste-festival\/#primaryimage"},"thumbnailUrl":"https:\/\/www.balther.net\/wp-content\/uploads\/2019\/05\/banner_veeb.jpg","datePublished":"2019-05-27T22:39:05+00:00","dateModified":"2019-11-27T20:43:56+00:00","breadcrumb":{"@id":"https:\/\/www.balther.net\/et\/koostoo\/naitused\/valiseesti-naituste-festival\/#breadcrumb"},"inLanguage":"et","potentialAction":[{"@type":"ReadAction","target":["https:\/\/www.balther.net\/et\/koostoo\/naitused\/valiseesti-naituste-festival\/"]}]},{"@type":"ImageObject","inLanguage":"et","@id":"https:\/\/www.balther.net\/et\/koostoo\/naitused\/valiseesti-naituste-festival\/#primaryimage","url":"https:\/\/www.balther.net\/wp-content\/uploads\/2019\/05\/banner_veeb.jpg","contentUrl":"https:\/\/www.balther.net\/wp-content\/uploads\/2019\/05\/banner_veeb.jpg"},{"@type":"BreadcrumbList","@id":"https:\/\/www.balther.net\/et\/koostoo\/naitused\/valiseesti-naituste-festival\/#breadcrumb","itemListElement":[{"@type":"ListItem","position":1,"name":"Home","item":"https:\/\/www.balther.net\/et\/"},{"@type":"ListItem","position":2,"name":"Koost\u00f6\u00f6","item":"https:\/\/www.balther.net\/et\/koostoo\/"},{"@type":"ListItem","position":3,"name":"N\u00e4itused","item":"https:\/\/www.balther.net\/et\/koostoo\/naitused\/"},{"@type":"ListItem","position":4,"name":"V\u00e4liseesti n\u00e4ituste festival I"}]},{"@type":"WebSite","@id":"https:\/\/www.balther.net\/#website","url":"https:\/\/www.balther.net\/","name":"BaltHerNet","description":"","potentialAction":[{"@type":"SearchAction","target":{"@type":"EntryPoint","urlTemplate":"https:\/\/www.balther.net\/?s={search_term_string}"},"query-input":{"@type":"PropertyValueSpecification","valueRequired":true,"valueName":"search_term_string"}}],"inLanguage":"et"}]}},"_links":{"self":[{"href":"https:\/\/www.balther.net\/et\/wp-json\/wp\/v2\/pages\/10177","targetHints":{"allow":["GET"]}}],"collection":[{"href":"https:\/\/www.balther.net\/et\/wp-json\/wp\/v2\/pages"}],"about":[{"href":"https:\/\/www.balther.net\/et\/wp-json\/wp\/v2\/types\/page"}],"author":[{"embeddable":true,"href":"https:\/\/www.balther.net\/et\/wp-json\/wp\/v2\/users\/5"}],"replies":[{"embeddable":true,"href":"https:\/\/www.balther.net\/et\/wp-json\/wp\/v2\/comments?post=10177"}],"version-history":[{"count":9,"href":"https:\/\/www.balther.net\/et\/wp-json\/wp\/v2\/pages\/10177\/revisions"}],"predecessor-version":[{"id":10422,"href":"https:\/\/www.balther.net\/et\/wp-json\/wp\/v2\/pages\/10177\/revisions\/10422"}],"up":[{"embeddable":true,"href":"https:\/\/www.balther.net\/et\/wp-json\/wp\/v2\/pages\/10175"}],"wp:attachment":[{"href":"https:\/\/www.balther.net\/et\/wp-json\/wp\/v2\/media?parent=10177"}],"curies":[{"name":"wp","href":"https:\/\/api.w.org\/{rel}","templated":true}]}}